{"id":11449,"date":"2020-10-21T09:44:22","date_gmt":"2020-10-21T07:44:22","guid":{"rendered":"https:\/\/www.pddm.org\/anno-biblico-fp-2020-2021\/"},"modified":"2020-12-01T09:18:42","modified_gmt":"2020-12-01T08:18:42","slug":"anno-biblico-fp-2020-2021","status":"publish","type":"page","link":"https:\/\/www.pddm.org\/es\/anno-biblico-fp-2020-2021\/","title":{"rendered":"A\u00f1o B\u00edblico de Familia Paulina"},"content":{"rendered":"<div class=\"wpb-content-wrapper\"><p>[vc_row full_width=&#8221;stretch_row&#8221; bg_type=&#8221;grad&#8221; bg_grad=&#8221;background: -webkit-gradient(linear, left top, left bottom, color-stop(0%, #FFDBDB), color-stop(38%, #FFFFFF), color-stop(80%, #FFFFFF), color-stop(100%, #F70000));background: -moz-linear-gradient(left,#FFDBDB 0%,#FFFFFF 38%,#FFFFFF 80%,#F70000 100%);background: -webkit-linear-gradient(left,#FFDBDB 0%,#FFFFFF 38%,#FFFFFF 80%,#F70000 100%);background: -o-linear-gradient(left,#FFDBDB 0%,#FFFFFF 38%,#FFFFFF 80%,#F70000 100%);background: -ms-linear-gradient(left,#FFDBDB 0%,#FFFFFF 38%,#FFFFFF 80%,#F70000 100%);background: linear-gradient(left,#FFDBDB 0%,#FFFFFF 38%,#FFFFFF 80%,#F70000 100%);&#8221; css=&#8221;.vc_custom_1603117901757{margin-top: 0px !important;margin-bottom: 0px !important;border-top-width: 0px !important;border-bottom-width: 0px !important;padding-top: 0px !important;padding-bottom: 0px !important;}&#8221;][vc_column][vc_single_image image=&#8221;10034&#8243; img_size=&#8221;800&#215;427&#8243; alignment=&#8221;center&#8221; css=&#8221;.vc_custom_1603268443250{margin-top: 0px !important;margin-bottom: 0px !important;}&#8221;][\/vc_column][\/vc_row][vc_row][vc_column][vc_empty_space height=&#8221;24px&#8221;][vc_column_text]<\/p>\n<h3 style=\"text-align: center;\"><span style=\"color: #800000;\"><strong>\u00a0\u201cEn camino con la Iglesia, renovarnos mediante la familiaridad, el estudio y la lectura orante de las Sagradas Escrituras, para vivir de la Palabra, de modo que \u00e9sta alcance a todos, especialmente las periferias existenciales y del pensamiento.\u201d<\/strong><\/span><\/h3>\n<p>[\/vc_column_text][vc_empty_space height=&#8221;24px&#8221;][\/vc_column][\/vc_row][vc_row][vc_column width=&#8221;1\/2&#8243;][vc_btn title=&#8221;LOGO&#8221; shape=&#8221;square&#8221; size=&#8221;lg&#8221; align=&#8221;center&#8221; button_block=&#8221;true&#8221; link=&#8221;url:https%3A%2F%2Fwww.pddm.org%2Fwp-content%2Fuploads%2F2020%2F10%2FExplicaci%C3%B3n-del-logo.pdf||target:%20_blank|&#8221;][vc_btn title=&#8221;DOCUMENTOS&#8221; shape=&#8221;square&#8221; size=&#8221;lg&#8221; align=&#8221;center&#8221; button_block=&#8221;true&#8221; link=&#8221;url:https%3A%2F%2Fwww.pddm.org%2Fanno-biblico-fp-documenti|||&#8221;][vc_empty_space height=&#8221;24px&#8221;][\/vc_column][vc_column width=&#8221;1\/2&#8243;][vc_btn title=&#8221;ORACI\u00d3N&#8221; shape=&#8221;square&#8221; size=&#8221;lg&#8221; align=&#8221;center&#8221; button_block=&#8221;true&#8221; link=&#8221;url:https%3A%2F%2Fwww.pddm.org%2Fwp-content%2Fuploads%2F2020%2F06%2FPreghiera-per-lAnno-Biblico-ESP.pdf||target:%20_blank|&#8221;][vc_btn title=&#8221;RECURSOS&#8221; shape=&#8221;square&#8221; size=&#8221;lg&#8221; align=&#8221;center&#8221; button_block=&#8221;true&#8221; link=&#8221;url:https%3A%2F%2Fwww.pddm.org%2Fanno-biblico-fp-risorse|||&#8221;][vc_empty_space height=&#8221;24px&#8221;][\/vc_column][\/vc_row][vc_row full_width=&#8221;stretch_row&#8221; content_placement=&#8221;bottom&#8221; bg_type=&#8221;image&#8221; css=&#8221;.vc_custom_1603269617936{background-image: url(https:\/\/www.pddm.org\/wp-content\/uploads\/2020\/10\/HIMNOS-AB.png?id=11462) !important;}&#8221;][vc_column width=&#8221;1\/4&#8243;][vc_empty_space height=&#8221;88px&#8221;][vc_video link=&#8221;https:\/\/www.youtube.com\/watch?v=jEUaPw0lgqo&amp;feature=emb_logo&#8221; align=&#8221;center&#8221;][vc_column_text]<\/p>\n<h5 style=\"text-align: center;\"><a href=\"#popup-69e23e68e25e7\" rel=\"prettyphoto\" class=\"popup-link\"><strong>Para que la palabra corra <\/strong>(2Ts 3,1)<\/a><div id=\"popup-69e23e68e25e7\" class=\"popup-content\"><div class=\"popup-inner\" ><strong>\u201cPara que la palabra corra\u201d (2Ts 3,1)<br \/>\n<\/strong><\/h5>\n<p>&nbsp;<\/p>\n<p>Y la Palabra se hizo Carne (cf. Jn 1,14) y a trav\u00e9s de los siglos ha sido proclamada, sembrada, difundida en el mundo, a pasos veloces, a pasos lentos, contantes, creativos. \u00a1Palabra que nunca se ha cansado de correr y llegando a nuestro tiempo (hoy) con hna. Veronica Firmino, se hace poes\u00eda, arte y m\u00fasica!<\/p>\n<p>\u201cPara que la Palabra corra\u201d (2Ts 3,1) es el t\u00edtulo de su canto (con colaboradores en sus diversas versiones). El estribillo, una vez escuchado y repetido, nos hace querer \u201ccorrer\u201d, proclamar el Evangelio con el estilo de Pablo, con la vida, constantes en la alegr\u00eda y en el dolor. Y de nuevo las diversas exhortaciones paulinas escogidas y revestidas de un lenguaje musical y po\u00e9tico, nos llenan el coraz\u00f3n y espontan\u00e9amente comenzamos a cantar: \u201cPara que la Palabra corra, para que la Palabra corra\u2026\u201d, entrando as\u00ed en la misma din\u00e1mica del Ap\u00f3stol que en otro lugar nos entrega su secreto: \u201cY yo con gusto me gastar\u00e9 y desgastar\u00e9 por ustedes\u201d (2Cor 12,15). \u00a1El Ap\u00f3stol no se cansa ni se ahorra! Y tambi\u00e9n nosotras \u201ccorremos\u201d con la Palabra, tenemos prisa por llevar el Reino de Dios a todos.<\/p>\n<h6 style=\"text-align: center;\"><\/div><\/div>\n<\/h6>\n<h6 style=\"text-align: center;\"><span style=\"color: #ffffff;\">de Ver\u00f4nica Firmino, fsp<\/span><\/h6>\n<p>&nbsp;<\/p>\n<h6 style=\"text-align: center;\"><\/h6>\n<p>[\/vc_column_text][vc_btn title=&#8221;Partitura&#8221; size=&#8221;xs&#8221; align=&#8221;center&#8221; link=&#8221;url:https%3A%2F%2Fdrive.google.com%2Fdrive%2Ffolders%2F1SF3CoMrgrS22C9PDtaOst66s603GOn-I|||&#8221;][\/vc_column][vc_column width=&#8221;1\/4&#8243;][vc_empty_space height=&#8221;88px&#8221;][vc_video link=&#8221;https:\/\/www.youtube.com\/watch?v=FKk6Hhxylwg&amp;feature=emb_logo&#8221; align=&#8221;center&#8221;][vc_column_text]<\/p>\n<h5 style=\"text-align: center;\"><a href=\"#popup-69e23e68e260f\" rel=\"prettyphoto\" class=\"popup-link\">Hablemos siempre del Se\u00f1or Jes\u00fas<\/a><div id=\"popup-69e23e68e260f\" class=\"popup-content\"><div class=\"popup-inner\" ><strong>\u201cHablemos siempre del Se\u00f1or Jes\u00fas\u201d<br \/>\n<\/strong><\/h5>\n<p>&nbsp;<\/p>\n<p>Este himno anuncia el humilde poder de la Palabra. La palabra de Dios hecha carne es el Se\u00f1or Jes\u00fas que libera, gu\u00eda, consuela, da verdadera paz al coraz\u00f3n.<\/p>\n<p>El autor, Don Paolo Lanzoni, sacerdote y m\u00fasico paulino, se inspir\u00f3 en el comentario del obispo Sant&#8217;Ambrogio en el Sal 37 (36), 30: &#8220;Hablemos del Se\u00f1or Jes\u00fas, porque es Sabidur\u00eda, es Verbo, es la Palabra de Dios\u2026 Quien hace eco de sus discursos y medita en sus palabras, los difunde. Siempre hablamos de \u00e9l \u00bb.<\/p>\n<p>El canto es alegre, adecuado para las celebraciones de la Palabra que tendr\u00e1n especial cuidado y protagonismo en el A\u00f1o B\u00edblico. El video est\u00e1 realizado por el Coro de la Iglesia Universitaria de San Frediano (Pisa) y expresa la belleza de unir voces, habilidades, la b\u00fasqueda del sentido de la vida, en una gran obra: \u00a1el anuncio de la Palabra!<\/p>\n<p>Todos necesitamos palabras verdaderas y aut\u00e9nticas que se &#8220;digan a la vida&#8221;. Estas nuevas palabras de paz y fraternidad surgen de la escucha de la Palabra viva que es Cristo Jes\u00fas, es el encuentro con \u00c9l que queremos vivir y renovar juntos en este A\u00f1o B\u00edblico Paulino.<\/p>\n<p>&#8220;Cuando hablamos de sabidur\u00eda, hablamos de Jes\u00fas, as\u00ed que cuando hablamos de virtud, cuando hablamos de justicia, cuando hablamos de paz, cuando hablamos de verdad, de vida, de redenci\u00f3n, es de Jes\u00fas de quien hablamos&#8221; (San Ambrosio).<\/p>\n<h6 style=\"text-align: center;\"><\/div><\/div>\n<\/h6>\n<h6 style=\"text-align: center;\"><span style=\"color: #ffffff;\">de Paolo Lanzoni, ssp<\/span><\/h6>\n<p>&nbsp;<\/p>\n<h6 style=\"text-align: center;\"><\/h6>\n<p>[\/vc_column_text][vc_btn title=&#8221;Partitura&#8221; size=&#8221;xs&#8221; align=&#8221;center&#8221; link=&#8221;url:https%3A%2F%2Fdrive.google.com%2Fdrive%2Ffolders%2F1FUz3rUTgbI3ZnY0McYsy_EwaAgvl-FAR|||&#8221;][\/vc_column][vc_column width=&#8221;1\/4&#8243;][vc_empty_space height=&#8221;88px&#8221;][vc_video link=&#8221;https:\/\/www.youtube.com\/watch?v=VTGFThlhqB0&#8243; align=&#8221;center&#8221;][vc_column_text]<\/p>\n<h5 style=\"text-align: center;\"><a href=\"#popup-69e23e68e262b\" rel=\"prettyphoto\" class=\"popup-link\">La Palabra del Se\u00f1or corra (2 Tes 3,1)<\/a><div id=\"popup-69e23e68e262b\" class=\"popup-content\"><div class=\"popup-inner\" ><strong>\u201cLa Palabra del Se\u00f1or corra (2 Tes 3,1)\u201d<br \/>\n<\/strong><\/h5>\n<p>&nbsp;<\/p>\n<p>El himno toma el \u201cLA\u201d del tema del a\u00f1o b\u00edblico (<strong>2Ts\u00a03,1<\/strong>\u2013<strong>5),\u00a0<\/strong>y tiene como fondo el texto del mandamiento nuevo de Jn 13,34-35:\u00a0<em>De esto todos sabr\u00e1n qie son mis disc\u00edpulos, si se tienen amor los unos a los otros.<\/em><\/p>\n<p>Comienza con la estrofa de exhortaci\u00f3n dirigida a los \u201chermanos\u201d de la comunidad, y a cada uno de nosotros; la primera: oren; la segunda: \u00e1mense; la tercera: perd\u00f3nense, en un crescendo de amor que lleva al perd\u00f3n como puro don del Esp\u00edritu y de la Palabra que corre y se posa sobre cada coraz\u00f3n.<\/p>\n<p>El ritornelo repetido seis veces es un anuncio y un testimonio de fe y esperanza en un mundo empobrecido de valores, que tiene m\u00e1s necesidad de \u201ctestigos\u201d que de \u201cmaestros\u201d:\u00a0<em>T\u00fa Jes\u00fas era la Palabra, el Verbo del Padre. Creemos en ti, esperamos en ti, \u00a1ven y qu\u00e9date con nosotros!<\/em><\/p>\n<p>Con Jes\u00fas, Verbo del Padre, Palabra hecha carne, el cielo se ha abierto y se quedo para siempre el Esp\u00edritu Amor que quiere encontrar carne en nosotros, carta de Dios escrita en nuestra vida, como dice Pablo:\u00a0<em>Ustedes son una carta de Cristo\u00a0<\/em>(2Cor 3,3).<\/p>\n<p>En la celebraci\u00f3n eucar\u00edstica podr\u00eda ejecutarse como canto de entrada especialmente por la expresi\u00f3n:\u00a0<em>Ven y qu\u00e9date con nosotros,<\/em>\u00a0pero tambi\u00e9n como canto de Comuni\u00f3n si el Evangelio proclamado habla de amor y perd\u00f3n.<\/p>\n<h6 style=\"text-align: center;\"><\/div><\/div>\n<\/h6>\n<h6 style=\"text-align: center;\"><span style=\"color: #ffffff;\">de Cecilia Stiz, pddm<\/span><\/h6>\n<p>&nbsp;<\/p>\n<h6 style=\"text-align: center;\"><\/h6>\n<p>[\/vc_column_text][vc_btn title=&#8221;Partitura&#8221; size=&#8221;xs&#8221; align=&#8221;center&#8221; link=&#8221;url:https%3A%2F%2Fwww.sobicain.org%2Fwp-content%2Fuploads%2F2020%2F10%2FPregate-fratelli-perche-la-Parola-del-Signore-corra.pdf|||&#8221;][\/vc_column][vc_column width=&#8221;1\/4&#8243;][vc_empty_space height=&#8221;88px&#8221;][vc_video link=&#8221;https:\/\/www.youtube.com\/watch?v=Oz4Ksjv4bZo&amp;feature=emb_logo&#8221; align=&#8221;center&#8221;][vc_column_text]<\/p>\n<h5 style=\"text-align: center;\"><a href=\"#popup-69e23e68e2643\" rel=\"prettyphoto\" class=\"popup-link\"><strong>Para que la palabra corra <\/strong>(2Ts 3,1)<\/a><div id=\"popup-69e23e68e2643\" class=\"popup-content\"><div class=\"popup-inner\" ><strong>\u201cPara que la palabra corra\u201d (2Ts 3,1)<br \/>\n<\/strong><\/h5>\n<p>&nbsp;<\/p>\n<p>El himno compuesto por el P. Boguslaw Zeman para el A\u00f1o b\u00edblico de la Familia Paulina narra un verdadero encuentro entre dos realidades vivas, la persona y la Palabra, un encuentro construido sobre el di\u00e1logo, casi un susurro, entretejido con delicadeza, acogida e intimidad. La Palabra responde al libre acercamiento de la persona, dej\u00e1ndose encontrar. Uno se entrega al otro y se revelan el uno al otro. Crece la familiaridad y la sed de conocimiento mutuo; Se revive la profec\u00eda, se confirma la pasi\u00f3n por la humanidad y se abre la ventana al mundo.<\/p>\n<p>La experiencia se convierte en germen de un deseo profundo: comprometerse con todas las fuerzas &#8220;\u00a1Para que corra la Palabra!&#8221; \u00a1Palabra que es Vida, Luz, Gracia, Amor, Paz! \u00bb.<\/p>\n<p>Estos son algunos de los pensamientos y sentimientos que surgen al escuchar el himno, compuesto e interpretado por el P. Boguslaw con la sencillez y transparencia de los ni\u00f1os.<\/p>\n<h6 style=\"text-align: center;\"><\/div><\/div>\n<\/h6>\n<h6 style=\"text-align: center;\"><span style=\"color: #ffffff;\">de Boguslaw Zeman, ssp<\/span><\/h6>\n<p>&nbsp;<\/p>\n<h6 style=\"text-align: center;\"><\/h6>\n<p>[\/vc_column_text][vc_btn title=&#8221;Partitura&#8221; size=&#8221;xs&#8221; align=&#8221;center&#8221; link=&#8221;url:https%3A%2F%2Fdrive.google.com%2Fdrive%2Ffolders%2F1gMpIzVl0eDwT4MvHQYtfBXzQ6wTbgMzK|||&#8221;][\/vc_column][\/vc_row][vc_row][vc_column][vc_empty_space][vc_column_text]<\/p>\n<h2 style=\"text-align: center;\"><span style=\"color: #800000;\"><strong>En el mundo<\/strong><\/span><\/h2>\n<p>[\/vc_column_text][vc_empty_space height=&#8221;24px&#8221;][vc_masonry_grid post_type=&#8221;post&#8221; max_items=&#8221;200&#8243; style=&#8221;load-more&#8221; items_per_page=&#8221;3&#8243; item=&#8221;11657&#8243; btn_title=&#8221;Load more&#8230;&#8221; btn_color=&#8221;danger&#8221; btn_align=&#8221;center&#8221; grid_id=&#8221;vc_gid:1606810702209-7210585e-4c29-3&#8243; taxonomies=&#8221;162&#8243;][\/vc_column][\/vc_row]<\/p>\n<\/div>","protected":false},"excerpt":{"rendered":"<p>[vc_row full_width=&#8221;stretch_row&#8221; bg_type=&#8221;grad&#8221; bg_grad=&#8221;background: -webkit-gradient(linear, left top, left bottom, color-stop(0%, #FFDBDB), color-stop(38%, #FFFFFF), color-stop(80%, #FFFFFF), color-stop(100%, #F70000));background: -moz-linear-gradient(left,#FFDBDB 0%,#FFFFFF 38%,#FFFFFF 80%,#F70000 100%);background: -webkit-linear-gradient(left,#FFDBDB 0%,#FFFFFF 38%,#FFFFFF 80%,#F70000<\/p>\n","protected":false},"author":4,"featured_media":0,"parent":0,"menu_order":0,"comment_status":"closed","ping_status":"closed","template":"","meta":{"footnotes":""},"class_list":["post-11449","page","type-page","status-publish","hentry"],"_links":{"self":[{"href":"https:\/\/www.pddm.org\/es\/wp-json\/wp\/v2\/pages\/11449","targetHints":{"allow":["GET"]}}],"collection":[{"href":"https:\/\/www.pddm.org\/es\/wp-json\/wp\/v2\/pages"}],"about":[{"href":"https:\/\/www.pddm.org\/es\/wp-json\/wp\/v2\/types\/page"}],"author":[{"embeddable":true,"href":"https:\/\/www.pddm.org\/es\/wp-json\/wp\/v2\/users\/4"}],"replies":[{"embeddable":true,"href":"https:\/\/www.pddm.org\/es\/wp-json\/wp\/v2\/comments?post=11449"}],"version-history":[{"count":0,"href":"https:\/\/www.pddm.org\/es\/wp-json\/wp\/v2\/pages\/11449\/revisions"}],"wp:attachment":[{"href":"https:\/\/www.pddm.org\/es\/wp-json\/wp\/v2\/media?parent=11449"}],"curies":[{"name":"wp","href":"https:\/\/api.w.org\/{rel}","templated":true}]}}