{"id":2090,"date":"2017-12-14T16:09:40","date_gmt":"2017-12-14T15:09:40","guid":{"rendered":"https:\/\/www.pddm.org\/?page_id=2090"},"modified":"2018-02-13T11:46:50","modified_gmt":"2018-02-13T10:46:50","slug":"quienes-son-adm","status":"publish","type":"page","link":"https:\/\/www.pddm.org\/es\/quienes-son-adm\/","title":{"rendered":"Quienes son ADM?"},"content":{"rendered":"<div class=\"wpb-content-wrapper\"><p>[vc_row][vc_column][vc_empty_space height=&#8221;80px&#8221;][\/vc_column][\/vc_row][vc_row][vc_column][vc_custom_heading text=&#8221;Quienes son ADM?&#8221; font_container=&#8221;tag:h2|font_size:90|text_align:center|color:%232a516e&#8221; google_fonts=&#8221;font_family:Alex%20Brush%3Aregular|font_style:400%20regular%3A400%3Anormal&#8221; css_animation=&#8221;fadeIn&#8221;][\/vc_column][\/vc_row][vc_row][vc_column][vc_empty_space][\/vc_column][\/vc_row][vc_row][vc_column][vc_column_text]Los Cooperadores Paulinos son laicos empe\u00f1ados, hombres y mujeres, j\u00f3venes y adultos, que creen en el valor y en el ideal del carisma paulino y, permaneciendo en el propio estado de vida, se unen en esp\u00edritu y en las obras a toda la Familia Paulina. Los Cooperadores asociados a la Congregaci\u00f3n de las P\u00edas Disc\u00edpulas del Divino Maestro son llamados, seg\u00fan la inspiraci\u00f3n del Fundador, Asociaci\u00f3n Cooperadores Paulinos &#8211; Amigos del Divino Maestro (ADM).<\/p>\n<p>Los Cooperadores ADM viven su vocaci\u00f3n laical participando de forma m\u00e1s directa en la espiritualidad y misi\u00f3n de las P\u00edas Disc\u00edpulas: anunciar, celebrar y servir a Jes\u00fas Maestro Camino, Verdad y Vida, viviente en la Eucarist\u00eda, en el Sacerdocio y en la Liturgia para que la humanidad lo escuche, lo siga y lo ame.<\/p>\n<p>Los Cooperadores ADM reciben vida del don que Cristo ha hecho de s\u00ed mismo en el Misterio pascual, fuente de la fe y de la liturgia del pueblo de Dios. De este Misterio nace su empe\u00f1o de nutrirse siempre de la Eucarist\u00eda y de la Palabra siguiendo el itinerario del a\u00f1o lit\u00fargico, como disc\u00edpulos y ap\u00f3stoles.<\/p>\n<p>Unidos a las P\u00edas Disc\u00edpulas, viven la oraci\u00f3n de intercesi\u00f3n como acci\u00f3n apost\u00f3lica, orando por las necesidades de la humanidad, sobre todo por los sacerdotes y por las vocaciones en la Iglesia. Invocan la gracia tambi\u00e9n por el mundo de la comunicaci\u00f3n, con el fin de que la buena noticia que es Jesucristo llegue a todos los pueblos.<\/p>\n<p>[\/vc_column_text][\/vc_column][\/vc_row]<\/p>\n<\/div>","protected":false},"excerpt":{"rendered":"<p>[vc_row][vc_column][vc_empty_space height=&#8221;80px&#8221;][\/vc_column][\/vc_row][vc_row][vc_column][vc_custom_heading text=&#8221;Quienes son ADM?&#8221; font_container=&#8221;tag:h2|font_size:90|text_align:center|color:%232a516e&#8221; google_fonts=&#8221;font_family:Alex%20Brush%3Aregular|font_style:400%20regular%3A400%3Anormal&#8221; css_animation=&#8221;fadeIn&#8221;][\/vc_column][\/vc_row][vc_row][vc_column][vc_empty_space][\/vc_column][\/vc_row][vc_row][vc_column][vc_column_text]Los Cooperadores Paulinos son laicos empe\u00f1ados, hombres y mujeres, j\u00f3venes y adultos, que creen en el valor y en<\/p>\n","protected":false},"author":4,"featured_media":0,"parent":0,"menu_order":0,"comment_status":"closed","ping_status":"closed","template":"","meta":{"footnotes":""},"class_list":["post-2090","page","type-page","status-publish","hentry"],"_links":{"self":[{"href":"https:\/\/www.pddm.org\/es\/wp-json\/wp\/v2\/pages\/2090","targetHints":{"allow":["GET"]}}],"collection":[{"href":"https:\/\/www.pddm.org\/es\/wp-json\/wp\/v2\/pages"}],"about":[{"href":"https:\/\/www.pddm.org\/es\/wp-json\/wp\/v2\/types\/page"}],"author":[{"embeddable":true,"href":"https:\/\/www.pddm.org\/es\/wp-json\/wp\/v2\/users\/4"}],"replies":[{"embeddable":true,"href":"https:\/\/www.pddm.org\/es\/wp-json\/wp\/v2\/comments?post=2090"}],"version-history":[{"count":0,"href":"https:\/\/www.pddm.org\/es\/wp-json\/wp\/v2\/pages\/2090\/revisions"}],"wp:attachment":[{"href":"https:\/\/www.pddm.org\/es\/wp-json\/wp\/v2\/media?parent=2090"}],"curies":[{"name":"wp","href":"https:\/\/api.w.org\/{rel}","templated":true}]}}