{"id":2145,"date":"2018-02-09T15:38:49","date_gmt":"2018-02-09T14:38:49","guid":{"rendered":"https:\/\/www.pddm.org\/chiesa-gesu-maestro-2-2\/"},"modified":"2018-02-13T17:20:31","modified_gmt":"2018-02-13T16:20:31","slug":"chiesa-gesu-maestro-2-2","status":"publish","type":"page","link":"https:\/\/www.pddm.org\/es\/chiesa-gesu-maestro-2-2\/","title":{"rendered":"Como Maria"},"content":{"rendered":"<div class=\"wpb-content-wrapper\"><p>[vc_row full_width=&#8221;stretch_row_content_no_spaces&#8221;][vc_column][vc_empty_space height=&#8221;80px&#8221;][\/vc_column][\/vc_row][vc_row][vc_column][vc_custom_heading source=&#8221;post_title&#8221; font_container=&#8221;tag:h2|font_size:90|text_align:center|color:%232a516e&#8221; google_fonts=&#8221;font_family:Alex%20Brush%3Aregular|font_style:400%20regular%3A400%3Anormal&#8221; css_animation=&#8221;none&#8221;][\/vc_column][\/vc_row][vc_row][vc_column][vc_empty_space][\/vc_column][\/vc_row][vc_row][vc_column width=&#8221;1\/2&#8243;][vc_column_text]<\/p>\n<div style=\"width: 1200px;\" class=\"wp-video\"><!--[if lt IE 9]><script>document.createElement('video');<\/script><![endif]-->\n<video class=\"wp-video-shortcode\" id=\"video-2145-1\" width=\"1200\" height=\"675\" preload=\"metadata\" controls=\"controls\"><source type=\"video\/mp4\" src=\"http:\/\/pddm.org\/wp-content\/uploads\/2018\/02\/ministero-di-preghiera-ul.mp4?_=1\" \/><a href=\"http:\/\/pddm.org\/wp-content\/uploads\/2018\/02\/ministero-di-preghiera-ul.mp4\">http:\/\/pddm.org\/wp-content\/uploads\/2018\/02\/ministero-di-preghiera-ul.mp4<\/a><\/video><\/div>\n<p>[\/vc_column_text][\/vc_column][vc_column width=&#8221;1\/2&#8243;][vc_column_text]Asumimos el ministerio de la oraci\u00f3n incesante que se extiende en la adoraci\u00f3n perpetua. Intercedemos por las necesidades de la Iglesia, de los pueblos y de la Familia Paulina. Invocamos gracia para el mundo de la comunicaci\u00f3n, para que la buena noticia que es Jesucristo alcance a todas las gentes.[\/vc_column_text][\/vc_column][\/vc_row][vc_row][vc_column][vc_empty_space][\/vc_column][\/vc_row][vc_row][vc_column width=&#8221;1\/2&#8243;][vc_column_text]En el esp\u00edritu de Maria acompa\u00f1amos las vocaciones al presbiterado y cooperamos en su formaci\u00f3n.<\/p>\n<p>Prestamos atenci\u00f3n a los presb\u00edteros y consagrados, en particular a aquellos que viven en una situaci\u00f3n de pobreza, enfermedad y ancianidad y ofrecemos sufragios despu\u00e9s de la muerte.[\/vc_column_text][\/vc_column][vc_column width=&#8221;1\/2&#8243;][vc_column_text]<\/p>\n<div style=\"width: 1200px;\" class=\"wp-video\"><video class=\"wp-video-shortcode\" id=\"video-2145-2\" width=\"1200\" height=\"675\" preload=\"metadata\" controls=\"controls\"><source type=\"video\/mp4\" src=\"http:\/\/pddm.org\/wp-content\/uploads\/2018\/02\/Assistenza-ai-sacerdoti-anziani.mp4?_=2\" \/><a href=\"http:\/\/pddm.org\/wp-content\/uploads\/2018\/02\/Assistenza-ai-sacerdoti-anziani.mp4\">http:\/\/pddm.org\/wp-content\/uploads\/2018\/02\/Assistenza-ai-sacerdoti-anziani.mp4<\/a><\/video><\/div>\n<p>[\/vc_column_text][\/vc_column][\/vc_row]<\/p>\n<\/div>","protected":false},"excerpt":{"rendered":"<p>[vc_row full_width=&#8221;stretch_row_content_no_spaces&#8221;][vc_column][vc_empty_space height=&#8221;80px&#8221;][\/vc_column][\/vc_row][vc_row][vc_column][vc_custom_heading source=&#8221;post_title&#8221; font_container=&#8221;tag:h2|font_size:90|text_align:center|color:%232a516e&#8221; google_fonts=&#8221;font_family:Alex%20Brush%3Aregular|font_style:400%20regular%3A400%3Anormal&#8221; css_animation=&#8221;none&#8221;][\/vc_column][\/vc_row][vc_row][vc_column][vc_empty_space][\/vc_column][\/vc_row][vc_row][vc_column width=&#8221;1\/2&#8243;][vc_column_text] [\/vc_column_text][\/vc_column][vc_column width=&#8221;1\/2&#8243;][vc_column_text]Asumimos el ministerio de la oraci\u00f3n incesante que se extiende en la adoraci\u00f3n perpetua. Intercedemos por las<\/p>\n","protected":false},"author":1,"featured_media":0,"parent":0,"menu_order":0,"comment_status":"closed","ping_status":"closed","template":"","meta":{"footnotes":""},"class_list":["post-2145","page","type-page","status-publish","hentry"],"_links":{"self":[{"href":"https:\/\/www.pddm.org\/es\/wp-json\/wp\/v2\/pages\/2145","targetHints":{"allow":["GET"]}}],"collection":[{"href":"https:\/\/www.pddm.org\/es\/wp-json\/wp\/v2\/pages"}],"about":[{"href":"https:\/\/www.pddm.org\/es\/wp-json\/wp\/v2\/types\/page"}],"author":[{"embeddable":true,"href":"https:\/\/www.pddm.org\/es\/wp-json\/wp\/v2\/users\/1"}],"replies":[{"embeddable":true,"href":"https:\/\/www.pddm.org\/es\/wp-json\/wp\/v2\/comments?post=2145"}],"version-history":[{"count":0,"href":"https:\/\/www.pddm.org\/es\/wp-json\/wp\/v2\/pages\/2145\/revisions"}],"wp:attachment":[{"href":"https:\/\/www.pddm.org\/es\/wp-json\/wp\/v2\/media?parent=2145"}],"curies":[{"name":"wp","href":"https:\/\/api.w.org\/{rel}","templated":true}]}}