{"id":2148,"date":"2018-02-09T15:26:28","date_gmt":"2018-02-09T14:26:28","guid":{"rendered":"https:\/\/www.pddm.org\/chiesa-gesu-maestro-2\/"},"modified":"2018-02-13T17:27:10","modified_gmt":"2018-02-13T16:27:10","slug":"chiesa-gesu-maestro-2","status":"publish","type":"page","link":"https:\/\/www.pddm.org\/es\/chiesa-gesu-maestro-2\/","title":{"rendered":"Con arte"},"content":{"rendered":"<div class=\"wpb-content-wrapper\"><p>[vc_row full_width=&#8221;stretch_row_content_no_spaces&#8221;][vc_column][vc_empty_space height=&#8221;80px&#8221;][\/vc_column][\/vc_row][vc_row][vc_column][vc_custom_heading source=&#8221;post_title&#8221; font_container=&#8221;tag:h2|font_size:90|text_align:center|color:%232a516e&#8221; google_fonts=&#8221;font_family:Alex%20Brush%3Aregular|font_style:400%20regular%3A400%3Anormal&#8221; css_animation=&#8221;none&#8221;][\/vc_column][\/vc_row][vc_row][vc_column][vc_empty_space height=&#8221;15px&#8221;][vc_column_text]La Iglesia, peregrina y misionera, nos conf\u00eda el mandato de testimoniar y anunciar el Evangelio de Jes\u00fas, Maestro y Se\u00f1or. Nuestra actividad art\u00edstica est\u00e1 al servicio de la evangelizaci\u00f3n y, en particular, de la vida lit\u00fargica mediante una creatividad en sinton\u00eda con las exigencias del culto y de la piedad popular.[\/vc_column_text][\/vc_column][\/vc_row][vc_row][vc_column][vc_empty_space][\/vc_column][\/vc_row][vc_row][vc_column width=&#8221;1\/2&#8243;][vc_column_text]<iframe loading=\"lazy\" src=\"https:\/\/www.youtube.com\/embed\/nRerZm3VRWQ\" width=\"560\" height=\"315\" frameborder=\"0\" allowfullscreen=\"allowfullscreen\"><\/iframe>[\/vc_column_text][\/vc_column][vc_column width=&#8221;1\/2&#8243;][vc_column_text]<\/p>\n<div style=\"width: 1200px;\" class=\"wp-video\"><!--[if lt IE 9]><script>document.createElement('video');<\/script><![endif]-->\n<video class=\"wp-video-shortcode\" id=\"video-2148-1\" width=\"1200\" height=\"675\" preload=\"metadata\" controls=\"controls\"><source type=\"video\/mp4\" src=\"https:\/\/www.pddm.org\/wp-content\/uploads\/2018\/02\/Arte.mp4?_=1\" \/><a href=\"https:\/\/www.pddm.org\/wp-content\/uploads\/2018\/02\/Arte.mp4\">https:\/\/www.pddm.org\/wp-content\/uploads\/2018\/02\/Arte.mp4<\/a><\/video><\/div>\n<p>[\/vc_column_text][\/vc_column][\/vc_row]<\/p>\n<\/div>","protected":false},"excerpt":{"rendered":"<p>[vc_row full_width=&#8221;stretch_row_content_no_spaces&#8221;][vc_column][vc_empty_space height=&#8221;80px&#8221;][\/vc_column][\/vc_row][vc_row][vc_column][vc_custom_heading source=&#8221;post_title&#8221; font_container=&#8221;tag:h2|font_size:90|text_align:center|color:%232a516e&#8221; google_fonts=&#8221;font_family:Alex%20Brush%3Aregular|font_style:400%20regular%3A400%3Anormal&#8221; css_animation=&#8221;none&#8221;][\/vc_column][\/vc_row][vc_row][vc_column][vc_empty_space height=&#8221;15px&#8221;][vc_column_text]La Iglesia, peregrina y misionera, nos conf\u00eda el mandato de testimoniar y anunciar el Evangelio de Jes\u00fas, Maestro y<\/p>\n","protected":false},"author":1,"featured_media":0,"parent":0,"menu_order":0,"comment_status":"closed","ping_status":"closed","template":"","meta":{"footnotes":""},"class_list":["post-2148","page","type-page","status-publish","hentry"],"_links":{"self":[{"href":"https:\/\/www.pddm.org\/es\/wp-json\/wp\/v2\/pages\/2148","targetHints":{"allow":["GET"]}}],"collection":[{"href":"https:\/\/www.pddm.org\/es\/wp-json\/wp\/v2\/pages"}],"about":[{"href":"https:\/\/www.pddm.org\/es\/wp-json\/wp\/v2\/types\/page"}],"author":[{"embeddable":true,"href":"https:\/\/www.pddm.org\/es\/wp-json\/wp\/v2\/users\/1"}],"replies":[{"embeddable":true,"href":"https:\/\/www.pddm.org\/es\/wp-json\/wp\/v2\/comments?post=2148"}],"version-history":[{"count":0,"href":"https:\/\/www.pddm.org\/es\/wp-json\/wp\/v2\/pages\/2148\/revisions"}],"wp:attachment":[{"href":"https:\/\/www.pddm.org\/es\/wp-json\/wp\/v2\/media?parent=2148"}],"curies":[{"name":"wp","href":"https:\/\/api.w.org\/{rel}","templated":true}]}}