{"id":452,"date":"2017-12-18T16:03:15","date_gmt":"2017-12-18T15:03:15","guid":{"rendered":"http:\/\/pddm.org\/madre-scolastica-venerabile\/"},"modified":"2018-01-02T11:49:36","modified_gmt":"2018-01-02T10:49:36","slug":"madre-scolastica-venerabile","status":"publish","type":"page","link":"https:\/\/www.pddm.org\/es\/madre-scolastica-venerabile\/","title":{"rendered":"Madre Escol\u00e1stica \u201cVenerable\u201d"},"content":{"rendered":"<div class=\"wpb-content-wrapper\"><p>[vc_row][vc_column][vc_empty_space height=&#8221;80px&#8221;][\/vc_column][\/vc_row][vc_row][vc_column][vc_custom_heading text=&#8221;Madre Escol\u00e1stica \u201cVenerable\u201d&#8221; font_container=&#8221;tag:h2|font_size:90|text_align:center|color:%232a516e&#8221; google_fonts=&#8221;font_family:Alex%20Brush%3Aregular|font_style:400%20regular%3A400%3Anormal&#8221; css_animation=&#8221;fadeIn&#8221;][vc_empty_space][\/vc_column][\/vc_row][vc_row][vc_column][vc_empty_space height=&#8221;15px&#8221;][vc_column_text]<em>Querid\u00edsimas hermanas, <\/em><\/p>\n<p><em>\u00a0<\/em><\/p>\n<p>os comunico con inmensa alegr\u00eda que hoy, 9 de diciembre de 2013, el Papa Francisco en la audiencia concedida al Cardenal Angelo Amato, Prefecto de la Congregaci\u00f3n de las Causas de los Santos, ha autorizado \u201c<em>la promulgaci\u00f3n del decreto sobre las virtudes heroicas de\u00a0 la Sierva de Dios Mar\u00eda Escol\u00e1stica de la Divina Providencia (en el siglo: \u00darsula Maria\u00a0 Rivata), Religiosa profesa y Primera Superiora General de las P\u00edas Disc\u00edpulas del Divino Maestro; italiana (1897-1987)\u201d.<\/em><\/p>\n<p>Con la promulgaci\u00f3n del Decreto Madre Escol\u00e1stica se hace \u201c<em>Venerable\u201d.<\/em><\/p>\n<p>&nbsp;<\/p>\n<p>Damos gracias y alabamos al Divino Maestro por este don grande.<\/p>\n<p>&nbsp;<\/p>\n<p>&nbsp;<\/p>\n<p><em>Sr. M. Regina Cesarato, Superiora general<\/em>[\/vc_column_text][\/vc_column][\/vc_row][vc_row][vc_column][vc_empty_space height=&#8221;15px&#8221;][vc_single_image image=&#8221;168&#8243; img_size=&#8221;full&#8221; alignment=&#8221;center&#8221; style=&#8221;vc_box_outline&#8221; border_color=&#8221;blue&#8221;][\/vc_column][\/vc_row]<\/p>\n<\/div>","protected":false},"excerpt":{"rendered":"<p>[vc_row][vc_column][vc_empty_space height=&#8221;80px&#8221;][\/vc_column][\/vc_row][vc_row][vc_column][vc_custom_heading text=&#8221;Madre Escol\u00e1stica \u201cVenerable\u201d&#8221; font_container=&#8221;tag:h2|font_size:90|text_align:center|color:%232a516e&#8221; google_fonts=&#8221;font_family:Alex%20Brush%3Aregular|font_style:400%20regular%3A400%3Anormal&#8221; css_animation=&#8221;fadeIn&#8221;][vc_empty_space][\/vc_column][\/vc_row][vc_row][vc_column][vc_empty_space height=&#8221;15px&#8221;][vc_column_text]Querid\u00edsimas hermanas, \u00a0 os comunico con inmensa alegr\u00eda que hoy, 9 de diciembre de 2013, el Papa Francisco<\/p>\n","protected":false},"author":1,"featured_media":0,"parent":0,"menu_order":0,"comment_status":"closed","ping_status":"closed","template":"","meta":{"footnotes":""},"class_list":["post-452","page","type-page","status-publish","hentry"],"_links":{"self":[{"href":"https:\/\/www.pddm.org\/es\/wp-json\/wp\/v2\/pages\/452","targetHints":{"allow":["GET"]}}],"collection":[{"href":"https:\/\/www.pddm.org\/es\/wp-json\/wp\/v2\/pages"}],"about":[{"href":"https:\/\/www.pddm.org\/es\/wp-json\/wp\/v2\/types\/page"}],"author":[{"embeddable":true,"href":"https:\/\/www.pddm.org\/es\/wp-json\/wp\/v2\/users\/1"}],"replies":[{"embeddable":true,"href":"https:\/\/www.pddm.org\/es\/wp-json\/wp\/v2\/comments?post=452"}],"version-history":[{"count":0,"href":"https:\/\/www.pddm.org\/es\/wp-json\/wp\/v2\/pages\/452\/revisions"}],"wp:attachment":[{"href":"https:\/\/www.pddm.org\/es\/wp-json\/wp\/v2\/media?parent=452"}],"curies":[{"name":"wp","href":"https:\/\/api.w.org\/{rel}","templated":true}]}}