{"id":455,"date":"2017-12-14T15:59:26","date_gmt":"2017-12-14T14:59:26","guid":{"rendered":"http:\/\/pddm.org\/la-nostra-missione\/"},"modified":"2018-01-02T12:02:58","modified_gmt":"2018-01-02T11:02:58","slug":"la-nostra-missione","status":"publish","type":"page","link":"https:\/\/www.pddm.org\/es\/la-nostra-missione\/","title":{"rendered":"Misi\u00f3n"},"content":{"rendered":"<div class=\"wpb-content-wrapper\"><p>[vc_row full_width=&#8221;stretch_row_content_no_spaces&#8221;][vc_column][vc_empty_space height=&#8221;80px&#8221;][\/vc_column][\/vc_row][vc_row][vc_column][vc_custom_heading text=&#8221;Nuestra misi\u00f3n &#8221; font_container=&#8221;tag:h2|font_size:90|text_align:center|color:%232a516e&#8221; google_fonts=&#8221;font_family:Alex%20Brush%3Aregular|font_style:400%20regular%3A400%3Anormal&#8221; css_animation=&#8221;fadeIn&#8221;][\/vc_column][\/vc_row][vc_row][vc_column][vc_empty_space height=&#8221;15px&#8221;][vc_column_text]Nuestra misi\u00f3n en la Iglesia brota de un \u00fanico amor y est\u00e1 orientada a un \u00fanico fin: el amor a Jes\u00fas, vivo en la Eucarist\u00eda, en el Sacerdocio y en la Liturgia.<\/p>\n<p>&nbsp;<\/p>\n<p>Del Misterio eucar\u00edstico, fuente de la misi\u00f3n, recibimos la luz, la alegr\u00eda, el ejemplo para ser ap\u00f3stoles de la Eucarist\u00eda y vivimos la oraci\u00f3n como acci\u00f3n apost\u00f3lica. Asumimos el ministerio de la oraci\u00f3n incesante: intercedemos por las necesidades de la Iglesia, de los pueblos y de la Familia Paulina de la que formamos parte. Invocamos gracia para el mundo de la comunicaci\u00f3n para que la buena noticia, que es Jesucristo, alcance a todas las gentes.<\/p>\n<p>&nbsp;<\/p>\n<p>En el rostro y en la voz del Se\u00f1or Crucificado y Resucitado contemplamos la Belleza que salva el mundo y no podemos callar lo que hemos visto y o\u00eddo. De este Misterio brota nuestro compromiso en los varios ministerios para que la acci\u00f3n del pueblo de Dios se manifieste en una participaci\u00f3n activa, consciente y fructuosa. En esta perspectiva nos comprometemos en la pastoral lit\u00fargica y en la catequesis mistag\u00f3gica, que ayuda a descubrir y profundizar los gestos, los s\u00edmbolos y las palabras de la Liturgia, pasando de los signos al Misterio.<\/p>\n<p>&nbsp;<\/p>\n<p>En el \u00e1mbito de una cultura de la comunicaci\u00f3n promovemos la formaci\u00f3n lit\u00fargica y art\u00edstica para que la comunidad cristiana viva, ore y celebre en la dignidad y en la belleza, y llegue a la plena comuni\u00f3n con Dios, con\u00a0 los otros y con la creaci\u00f3n. Nuestra actividad art\u00edstica est\u00e1 al servicio de la evangelizaci\u00f3n.<\/p>\n<p>Comunicamos el amor incondicional de Dios para con la humanidad a trav\u00e9s del camino de la belleza que promueve el encuentro entre la fe cristiana y las culturas de nuestro tiempo. El anuncio de Cristo nos lleva a lo ancho de las culturas y mentalidades con las actitudes de disponibilidad en el Esp\u00edritu vividas por el ap\u00f3stol Pablo.<\/p>\n<p>&nbsp;<\/p>\n<p>Nuestros \u201cCentros eucar\u00edsticos, lit\u00fargicos, sacerdotales\u201d son lugares de servicio eclesial y de anuncio del Misterio de Cristo, abiertos al di\u00e1logo ecum\u00e9nico e interreligioso. Con nuestro estilo de vida favorecemos en estos Centros una experiencia de oraci\u00f3n, de acogida, de formaci\u00f3n y de acompa\u00f1amiento.<\/p>\n<p>De manera particular participamos en la misi\u00f3n de los ministros ordenados, en el esp\u00edritu de Mar\u00eda sant\u00edsima. Con nuestra oraci\u00f3n y servicio, acompa\u00f1amos las vocaciones al presbiterado y cooperamos en su formaci\u00f3n.<\/p>\n<p>Nos cuidamos de los presb\u00edteros y consagrados, especialmente de los que viven en situaci\u00f3n de pobreza, enfermedad y ancianidad y ofrecemos sufragios despu\u00e9s de su muerte.[\/vc_column_text][\/vc_column][\/vc_row][vc_row][vc_column][vc_empty_space height=&#8221;15px&#8221;][\/vc_column][\/vc_row][vc_row full_width=&#8221;stretch_row&#8221;][vc_column]<div class=\"mpc-carousel__wrapper mpc-waypoint\"><div id=\"mpc_carousel_image-5169de68a38ed47\" class=\"mpc-carousel-image mpc-init mpc-layout--fluid mpc-effect--none \"  data-mpcslick='{\"infinite\":true,\"autoplay\":true,\"slidesToShow\":3,\"slidesToScroll\":1,\"centerMode\":false,\"initialSlide\":0,\"rows\":1,\"autoplaySpeed\":2000,\"variableWidth\":true,\"speed\":1000}' data-slick-cols=\"3\"><div class=\"mpc-carousel__item-wrapper\" data-height=\"480\"><div onclick=\"\" class=\"mpc-item mpc-transition\"><div class=\"mpc-border\"><\/div><img loading=\"lazy\" decoding=\"async\" width=\"640\" height=\"480\" src=\"https:\/\/www.pddm.org\/wp-content\/uploads\/2017\/12\/2.jpg\" class=\"mpc-transition attachment-full\" alt=\"\" title=\"2\" srcset=\"https:\/\/www.pddm.org\/wp-content\/uploads\/2017\/12\/2.jpg 640w, https:\/\/www.pddm.org\/wp-content\/uploads\/2017\/12\/2-300x225.jpg 300w, https:\/\/www.pddm.org\/wp-content\/uploads\/2017\/12\/2-195x146.jpg 195w, https:\/\/www.pddm.org\/wp-content\/uploads\/2017\/12\/2-50x38.jpg 50w, https:\/\/www.pddm.org\/wp-content\/uploads\/2017\/12\/2-100x75.jpg 100w\" sizes=\"auto, (max-width: 640px) 100vw, 640px\" \/><\/div><\/div><div class=\"mpc-carousel__item-wrapper\" data-height=\"480\"><div onclick=\"\" class=\"mpc-item mpc-transition\"><div class=\"mpc-border\"><\/div><img loading=\"lazy\" decoding=\"async\" width=\"640\" height=\"480\" src=\"https:\/\/www.pddm.org\/wp-content\/uploads\/2017\/12\/anna-maria.jpg\" class=\"mpc-transition attachment-full\" alt=\"\" title=\"anna maria\" srcset=\"https:\/\/www.pddm.org\/wp-content\/uploads\/2017\/12\/anna-maria.jpg 640w, https:\/\/www.pddm.org\/wp-content\/uploads\/2017\/12\/anna-maria-300x225.jpg 300w, https:\/\/www.pddm.org\/wp-content\/uploads\/2017\/12\/anna-maria-195x146.jpg 195w, https:\/\/www.pddm.org\/wp-content\/uploads\/2017\/12\/anna-maria-50x38.jpg 50w, https:\/\/www.pddm.org\/wp-content\/uploads\/2017\/12\/anna-maria-100x75.jpg 100w\" sizes=\"auto, (max-width: 640px) 100vw, 640px\" \/><\/div><\/div><div class=\"mpc-carousel__item-wrapper\" data-height=\"683\"><div onclick=\"\" class=\"mpc-item mpc-transition\"><div class=\"mpc-border\"><\/div><img loading=\"lazy\" decoding=\"async\" width=\"6000\" height=\"4000\" src=\"https:\/\/www.pddm.org\/wp-content\/uploads\/2017\/12\/sac-2.jpg\" class=\"mpc-transition attachment-full\" alt=\"\" title=\"sac 2\" srcset=\"https:\/\/www.pddm.org\/wp-content\/uploads\/2017\/12\/sac-2.jpg 6000w, https:\/\/www.pddm.org\/wp-content\/uploads\/2017\/12\/sac-2-300x200.jpg 300w, https:\/\/www.pddm.org\/wp-content\/uploads\/2017\/12\/sac-2-768x512.jpg 768w, https:\/\/www.pddm.org\/wp-content\/uploads\/2017\/12\/sac-2-1024x683.jpg 1024w, https:\/\/www.pddm.org\/wp-content\/uploads\/2017\/12\/sac-2-219x146.jpg 219w, https:\/\/www.pddm.org\/wp-content\/uploads\/2017\/12\/sac-2-50x33.jpg 50w, https:\/\/www.pddm.org\/wp-content\/uploads\/2017\/12\/sac-2-113x75.jpg 113w\" sizes=\"auto, (max-width: 6000px) 100vw, 6000px\" \/><\/div><\/div><div class=\"mpc-carousel__item-wrapper\" data-height=\"679\"><div onclick=\"\" class=\"mpc-item mpc-transition\"><div class=\"mpc-border\"><\/div><img loading=\"lazy\" decoding=\"async\" width=\"3956\" height=\"2625\" src=\"https:\/\/www.pddm.org\/wp-content\/uploads\/2017\/12\/01.jpg\" class=\"mpc-transition attachment-full\" alt=\"\" title=\"01\" srcset=\"https:\/\/www.pddm.org\/wp-content\/uploads\/2017\/12\/01.jpg 3956w, https:\/\/www.pddm.org\/wp-content\/uploads\/2017\/12\/01-300x199.jpg 300w, https:\/\/www.pddm.org\/wp-content\/uploads\/2017\/12\/01-768x510.jpg 768w, https:\/\/www.pddm.org\/wp-content\/uploads\/2017\/12\/01-1024x679.jpg 1024w, https:\/\/www.pddm.org\/wp-content\/uploads\/2017\/12\/01-220x146.jpg 220w, https:\/\/www.pddm.org\/wp-content\/uploads\/2017\/12\/01-50x33.jpg 50w, https:\/\/www.pddm.org\/wp-content\/uploads\/2017\/12\/01-113x75.jpg 113w\" sizes=\"auto, (max-width: 3956px) 100vw, 3956px\" \/><\/div><\/div><div class=\"mpc-carousel__item-wrapper\" data-height=\"480\"><div onclick=\"\" class=\"mpc-item mpc-transition\"><div class=\"mpc-border\"><\/div><img loading=\"lazy\" decoding=\"async\" width=\"640\" height=\"480\" src=\"https:\/\/www.pddm.org\/wp-content\/uploads\/2017\/12\/2-1.jpg\" class=\"mpc-transition attachment-full\" alt=\"\" title=\"2\" srcset=\"https:\/\/www.pddm.org\/wp-content\/uploads\/2017\/12\/2-1.jpg 640w, https:\/\/www.pddm.org\/wp-content\/uploads\/2017\/12\/2-1-300x225.jpg 300w, https:\/\/www.pddm.org\/wp-content\/uploads\/2017\/12\/2-1-195x146.jpg 195w, https:\/\/www.pddm.org\/wp-content\/uploads\/2017\/12\/2-1-50x38.jpg 50w, https:\/\/www.pddm.org\/wp-content\/uploads\/2017\/12\/2-1-100x75.jpg 100w\" sizes=\"auto, (max-width: 640px) 100vw, 640px\" \/><\/div><\/div><div class=\"mpc-carousel__item-wrapper\" data-height=\"449\"><div onclick=\"\" class=\"mpc-item mpc-transition\"><div class=\"mpc-border\"><\/div><img loading=\"lazy\" decoding=\"async\" width=\"695\" height=\"449\" src=\"https:\/\/www.pddm.org\/wp-content\/uploads\/2017\/12\/5.jpg\" class=\"mpc-transition attachment-full\" alt=\"\" title=\"5\" srcset=\"https:\/\/www.pddm.org\/wp-content\/uploads\/2017\/12\/5.jpg 695w, https:\/\/www.pddm.org\/wp-content\/uploads\/2017\/12\/5-300x194.jpg 300w, https:\/\/www.pddm.org\/wp-content\/uploads\/2017\/12\/5-226x146.jpg 226w, https:\/\/www.pddm.org\/wp-content\/uploads\/2017\/12\/5-50x32.jpg 50w, https:\/\/www.pddm.org\/wp-content\/uploads\/2017\/12\/5-116x75.jpg 116w\" sizes=\"auto, (max-width: 695px) 100vw, 695px\" \/><\/div><\/div><div class=\"mpc-carousel__item-wrapper\" data-height=\"480\"><div onclick=\"\" class=\"mpc-item mpc-transition\"><div class=\"mpc-border\"><\/div><img loading=\"lazy\" decoding=\"async\" width=\"640\" height=\"480\" src=\"https:\/\/www.pddm.org\/wp-content\/uploads\/2017\/12\/8.jpg\" class=\"mpc-transition attachment-full\" alt=\"\" title=\"8\" srcset=\"https:\/\/www.pddm.org\/wp-content\/uploads\/2017\/12\/8.jpg 640w, https:\/\/www.pddm.org\/wp-content\/uploads\/2017\/12\/8-300x225.jpg 300w, https:\/\/www.pddm.org\/wp-content\/uploads\/2017\/12\/8-195x146.jpg 195w, https:\/\/www.pddm.org\/wp-content\/uploads\/2017\/12\/8-50x38.jpg 50w, https:\/\/www.pddm.org\/wp-content\/uploads\/2017\/12\/8-100x75.jpg 100w\" sizes=\"auto, (max-width: 640px) 100vw, 640px\" \/><\/div><\/div><div class=\"mpc-carousel__item-wrapper\" data-height=\"480\"><div onclick=\"\" class=\"mpc-item mpc-transition\"><div class=\"mpc-border\"><\/div><img loading=\"lazy\" decoding=\"async\" width=\"640\" height=\"480\" src=\"https:\/\/www.pddm.org\/wp-content\/uploads\/2017\/12\/7.jpg\" class=\"mpc-transition attachment-full\" alt=\"\" title=\"7\" srcset=\"https:\/\/www.pddm.org\/wp-content\/uploads\/2017\/12\/7.jpg 640w, https:\/\/www.pddm.org\/wp-content\/uploads\/2017\/12\/7-300x225.jpg 300w, https:\/\/www.pddm.org\/wp-content\/uploads\/2017\/12\/7-195x146.jpg 195w, https:\/\/www.pddm.org\/wp-content\/uploads\/2017\/12\/7-50x38.jpg 50w, https:\/\/www.pddm.org\/wp-content\/uploads\/2017\/12\/7-100x75.jpg 100w\" sizes=\"auto, (max-width: 640px) 100vw, 640px\" \/><\/div><\/div><div class=\"mpc-carousel__item-wrapper\" data-height=\"480\"><div onclick=\"\" class=\"mpc-item mpc-transition\"><div class=\"mpc-border\"><\/div><img loading=\"lazy\" decoding=\"async\" width=\"640\" height=\"480\" src=\"https:\/\/www.pddm.org\/wp-content\/uploads\/2017\/12\/6.jpg\" class=\"mpc-transition attachment-full\" alt=\"\" title=\"6\" srcset=\"https:\/\/www.pddm.org\/wp-content\/uploads\/2017\/12\/6.jpg 640w, https:\/\/www.pddm.org\/wp-content\/uploads\/2017\/12\/6-300x225.jpg 300w, https:\/\/www.pddm.org\/wp-content\/uploads\/2017\/12\/6-195x146.jpg 195w, https:\/\/www.pddm.org\/wp-content\/uploads\/2017\/12\/6-50x38.jpg 50w, https:\/\/www.pddm.org\/wp-content\/uploads\/2017\/12\/6-100x75.jpg 100w\" sizes=\"auto, (max-width: 640px) 100vw, 640px\" \/><\/div><\/div><div class=\"mpc-carousel__item-wrapper\" data-height=\"427\"><div onclick=\"\" class=\"mpc-item mpc-transition\"><div class=\"mpc-border\"><\/div><img loading=\"lazy\" decoding=\"async\" width=\"640\" height=\"427\" src=\"https:\/\/www.pddm.org\/wp-content\/uploads\/2017\/12\/10.jpg\" class=\"mpc-transition attachment-full\" alt=\"\" title=\"10\" srcset=\"https:\/\/www.pddm.org\/wp-content\/uploads\/2017\/12\/10.jpg 640w, https:\/\/www.pddm.org\/wp-content\/uploads\/2017\/12\/10-300x200.jpg 300w, https:\/\/www.pddm.org\/wp-content\/uploads\/2017\/12\/10-219x146.jpg 219w, https:\/\/www.pddm.org\/wp-content\/uploads\/2017\/12\/10-50x33.jpg 50w, https:\/\/www.pddm.org\/wp-content\/uploads\/2017\/12\/10-112x75.jpg 112w\" sizes=\"auto, (max-width: 640px) 100vw, 640px\" \/><\/div><\/div><\/div><div class=\"mpc-navigation mpc-init mpc-align--left mpc-navigation--style_1  mpc-nav-preset--\" data-mpcslider=\"mpc_carousel_image-5169de68a38ed47\"><div class=\"mpc-nav__arrow mpcslick-prev\"><div class=\"mpc-nav__icon mpc-transition\"><i class=\"\"><div class=\"mpc-nav__background mpc-transition mpc-effect-type--fade mpc-effect-side--in\"><\/div><\/i><\/div><\/div><div class=\"mpc-nav__arrow mpcslick-next\"><div class=\"mpc-nav__icon mpc-transition\"><i class=\"\"><div class=\"mpc-nav__background mpc-transition mpc-effect-type--fade mpc-effect-side--in\"><\/div><\/i><\/div><\/div><\/div><\/div>[\/vc_column][\/vc_row]<\/p>\n<\/div>","protected":false},"excerpt":{"rendered":"<p>[vc_row full_width=&#8221;stretch_row_content_no_spaces&#8221;][vc_column][vc_empty_space height=&#8221;80px&#8221;][\/vc_column][\/vc_row][vc_row][vc_column][vc_custom_heading text=&#8221;Nuestra misi\u00f3n &#8221; font_container=&#8221;tag:h2|font_size:90|text_align:center|color:%232a516e&#8221; google_fonts=&#8221;font_family:Alex%20Brush%3Aregular|font_style:400%20regular%3A400%3Anormal&#8221; css_animation=&#8221;fadeIn&#8221;][\/vc_column][\/vc_row][vc_row][vc_column][vc_empty_space height=&#8221;15px&#8221;][vc_column_text]Nuestra misi\u00f3n en la Iglesia brota de un \u00fanico amor y est\u00e1 orientada a un \u00fanico fin:<\/p>\n","protected":false},"author":1,"featured_media":0,"parent":0,"menu_order":0,"comment_status":"closed","ping_status":"closed","template":"","meta":{"footnotes":""},"class_list":["post-455","page","type-page","status-publish","hentry"],"_links":{"self":[{"href":"https:\/\/www.pddm.org\/es\/wp-json\/wp\/v2\/pages\/455","targetHints":{"allow":["GET"]}}],"collection":[{"href":"https:\/\/www.pddm.org\/es\/wp-json\/wp\/v2\/pages"}],"about":[{"href":"https:\/\/www.pddm.org\/es\/wp-json\/wp\/v2\/types\/page"}],"author":[{"embeddable":true,"href":"https:\/\/www.pddm.org\/es\/wp-json\/wp\/v2\/users\/1"}],"replies":[{"embeddable":true,"href":"https:\/\/www.pddm.org\/es\/wp-json\/wp\/v2\/comments?post=455"}],"version-history":[{"count":0,"href":"https:\/\/www.pddm.org\/es\/wp-json\/wp\/v2\/pages\/455\/revisions"}],"wp:attachment":[{"href":"https:\/\/www.pddm.org\/es\/wp-json\/wp\/v2\/media?parent=455"}],"curies":[{"name":"wp","href":"https:\/\/api.w.org\/{rel}","templated":true}]}}