{"id":465,"date":"2017-12-14T16:01:23","date_gmt":"2017-12-14T15:01:23","guid":{"rendered":"http:\/\/pddm.org\/nella-famiglia-paolina\/"},"modified":"2018-01-02T15:15:49","modified_gmt":"2018-01-02T14:15:49","slug":"nella-famiglia-paolina","status":"publish","type":"page","link":"https:\/\/www.pddm.org\/es\/nella-famiglia-paolina\/","title":{"rendered":"En la Familia Paulina"},"content":{"rendered":"<div class=\"wpb-content-wrapper\"><p>[vc_row full_width=&#8221;stretch_row_content_no_spaces&#8221;][vc_column][vc_empty_space height=&#8221;80px&#8221;][\/vc_column][\/vc_row][vc_row][vc_column][vc_custom_heading text=&#8221;En la Familia Paulina&#8221; font_container=&#8221;tag:h2|font_size:90|text_align:center|color:%232a516e&#8221; google_fonts=&#8221;font_family:Alex%20Brush%3Aregular|font_style:400%20regular%3A400%3Anormal&#8221; css_animation=&#8221;fadeIn&#8221;][\/vc_column][\/vc_row][vc_row][vc_column][vc_empty_space height=&#8221;15px&#8221;][vc_column_text]Impulsado por la acci\u00f3n del Esp\u00edritu, desde 1914 a 1959 el padre Santiago Alberione funda varias instituciones unidas en ellas por la misma espiritualidad y por un v\u00ednculo de comuni\u00f3n profunda: <em>la Familia Paulina. <\/em>Las instituciones de la Familia Paulina son: cinco Congregaciones religiosas, una Asociaci\u00f3n de laicos y cuatro Institutos agregados.<\/p>\n<p>Cada Instituto que, a trav\u00e9s del padre Alberione, el Se\u00f1or ha llamado a la vida es \u201ccomplemento de la Familia Paulina\u201d. Las palabras del Fundador definen esta intensa relaci\u00f3n: \u201cHay un estrecho parentesco, porque todos hemos nacido del Tabern\u00e1culo. Hay un esp\u00edritu \u00fanico: vivir a Jesucristo y servir a la Iglesia\u201d y el \u00fanico apostolado: dar a conocer a <strong>Jesucristo, Camino, Verdad y Vida a los hombres y a las mujeres de nuestro tiempo.<\/strong><\/p>\n<p>\u00c9l mismo narra de esta manera su experiencia de seminarista que ha determinado su futura obra y el esp\u00edritu de la Familia Paulina.<\/p>\n<p><em>\u201cLa noche que dividi\u00f3 el siglo pasado del presente (la noche entre el 31.12.1900 y el 1\u00ba.1.1901) fue decisiva para lo que significan misi\u00f3n y esp\u00edritu particular en que nacer\u00eda y vivir\u00eda la Familia Paulina. Se hizo la adoraci\u00f3n en la Catedral (Alba), despu\u00e9s de la solemne misa de medianoche, ante Jes\u00fas expuesto. Los seminaristas de filosof\u00eda y teolog\u00eda ten\u00edan libertad de quedarse cuanto quisieran.<\/em><\/p>\n<p><em>Hab\u00eda habido desde hac\u00eda poco tiempo un congreso (el primero al que asist\u00eda); hab\u00eda entendido bien el discurso calmo pero profundo y convincente del Toniolo. Hab\u00eda le\u00eddo la invitaci\u00f3n del Le\u00f3n XIII a pedir pro el siglo que comenzaba. El uno y el otro hablaban de las necesidades de la Iglesia, de los nuevos medios del mal, del deber de oponer prensa a prensa, organizaci\u00f3n a organizaci\u00f3n, de hacer penetrar el Evangelio en las mesas, de las cuestiones sociales\u2026 Una particular luz vino del a Hostia, mayor comprensi\u00f3n de la invitaci\u00f3n de Jes\u00fas: &#8211; Venid a m\u00ed todos \u2013 (Mt 11,28)\u2026 Me sent\u00ed profundamente obligado a prepararme y a hacer algo para el Se\u00f1or y para los hombres del nuevo siglo con el que habr\u00eda vivido\u201d. (<\/em>Santiago Alberione, <em>Abundantes divitiae, <\/em>13-15).<\/p>\n<p>Revisitando la experiencia de nuestro fundador a lo largo de todo el arco de su larga vida, resulta evidente un proyecto org\u00e1nico que se desarrolla poco a poco en fidelidad a Dios y al hombre de su tiempo: dar a <strong>Jesucristo Camino y Verdad y Vida a todos los hombres, con todos los medios que el progreso y el progreso ponen, de vez en vez, a disposici\u00f3n.<\/strong><\/p>\n<p>Estamos agradecidas a Dios por pertenecer a esta Familia nacida de la Euecarist\u00eda. En ella ejercemos un ministerio mariano hecho de presencia orante y de caridad, engendrando, en la madurez de la fe, nuevos ap\u00f3stoles de la comunicaci\u00f3n social y con nuestra vida eucar\u00edstica recordamos a todos la primac\u00eda de Dios al que hay que adorar y dar gracias.<\/p>\n<p>Los Institutos de la Familia Paulina son:<\/p>\n<ul>\n<li>Sociedad san Pablo,<\/li>\n<li>Hijas de San Pablo,<\/li>\n<li>P\u00edas Disc\u00edpulas del Divino Maestro,<\/li>\n<li>Hermanas de Jes\u00fas Buen Pastor,<\/li>\n<li>Instituto Reina de los Ap\u00f3stoles para las vocaciones (Hermanas Apostolinas)<\/li>\n<li>Institutos agregados:\n<ul>\n<li>Jes\u00fas Sacerdote<\/li>\n<li>San Gabriel Arc\u00e1ngel<\/li>\n<li>Mar\u00eda Sant\u00edsima de la Anunciaci\u00f3n<\/li>\n<li>Santa Familia,<\/li>\n<li>y la Asociaci\u00f3n Cooperadores Paulinos<\/li>\n<\/ul>\n<\/li>\n<\/ul>\n<p>[\/vc_column_text][\/vc_column][\/vc_row][vc_row][vc_column][vc_empty_space height=&#8221;15px&#8221;][\/vc_column][\/vc_row][vc_row][vc_column width=&#8221;1\/2&#8243;][vc_single_image image=&#8221;130&#8243; img_size=&#8221;600&#215;300&#8243; style=&#8221;vc_box_outline&#8221; border_color=&#8221;blue&#8221;][\/vc_column][vc_column width=&#8221;1\/2&#8243;][vc_single_image image=&#8221;129&#8243; img_size=&#8221;full&#8221; style=&#8221;vc_box_outline&#8221; border_color=&#8221;blue&#8221;][\/vc_column][\/vc_row]<\/p>\n<\/div>","protected":false},"excerpt":{"rendered":"<p>[vc_row full_width=&#8221;stretch_row_content_no_spaces&#8221;][vc_column][vc_empty_space height=&#8221;80px&#8221;][\/vc_column][\/vc_row][vc_row][vc_column][vc_custom_heading text=&#8221;En la Familia Paulina&#8221; font_container=&#8221;tag:h2|font_size:90|text_align:center|color:%232a516e&#8221; google_fonts=&#8221;font_family:Alex%20Brush%3Aregular|font_style:400%20regular%3A400%3Anormal&#8221; css_animation=&#8221;fadeIn&#8221;][\/vc_column][\/vc_row][vc_row][vc_column][vc_empty_space height=&#8221;15px&#8221;][vc_column_text]Impulsado por la acci\u00f3n del Esp\u00edritu, desde 1914 a 1959 el padre Santiago Alberione funda varias<\/p>\n","protected":false},"author":1,"featured_media":0,"parent":0,"menu_order":0,"comment_status":"closed","ping_status":"closed","template":"","meta":{"footnotes":""},"class_list":["post-465","page","type-page","status-publish","hentry"],"_links":{"self":[{"href":"https:\/\/www.pddm.org\/es\/wp-json\/wp\/v2\/pages\/465","targetHints":{"allow":["GET"]}}],"collection":[{"href":"https:\/\/www.pddm.org\/es\/wp-json\/wp\/v2\/pages"}],"about":[{"href":"https:\/\/www.pddm.org\/es\/wp-json\/wp\/v2\/types\/page"}],"author":[{"embeddable":true,"href":"https:\/\/www.pddm.org\/es\/wp-json\/wp\/v2\/users\/1"}],"replies":[{"embeddable":true,"href":"https:\/\/www.pddm.org\/es\/wp-json\/wp\/v2\/comments?post=465"}],"version-history":[{"count":0,"href":"https:\/\/www.pddm.org\/es\/wp-json\/wp\/v2\/pages\/465\/revisions"}],"wp:attachment":[{"href":"https:\/\/www.pddm.org\/es\/wp-json\/wp\/v2\/media?parent=465"}],"curies":[{"name":"wp","href":"https:\/\/api.w.org\/{rel}","templated":true}]}}