{"id":469,"date":"2017-12-14T15:53:42","date_gmt":"2017-12-14T14:53:42","guid":{"rendered":"http:\/\/pddm.org\/spiritualita\/"},"modified":"2018-01-02T12:56:58","modified_gmt":"2018-01-02T11:56:58","slug":"spiritualita","status":"publish","type":"page","link":"https:\/\/www.pddm.org\/es\/spiritualita\/","title":{"rendered":"Espiritualidad"},"content":{"rendered":"<div class=\"wpb-content-wrapper\"><p>[vc_row full_width=&#8221;stretch_row_content_no_spaces&#8221;][vc_column][vc_empty_space height=&#8221;80px&#8221;][\/vc_column][\/vc_row][vc_row][vc_column][vc_custom_heading text=&#8221;Espiritualidad&#8221; font_container=&#8221;tag:h2|font_size:90|text_align:center|color:%232a516e&#8221; google_fonts=&#8221;font_family:Alex%20Brush%3Aregular|font_style:400%20regular%3A400%3Anormal&#8221; css_animation=&#8221;fadeIn&#8221;][\/vc_column][\/vc_row][vc_row][vc_column][vc_empty_space height=&#8221;15px&#8221;][vc_column_text]Nuestra espiritualidad se basa sobre tres <em>pilares: <\/em>aspiramos a vivir integralmente el Evangelio de <strong>Jesucristo, Camino, Verdad y Vida<\/strong>, en el esp\u00edritu de <strong>san Pablo<\/strong>, bajo la mirada de <strong>Mar\u00eda Reina de los Ap\u00f3stoles. <\/strong><\/p>\n<p>Convertidas ya en templo del Esp\u00edritu por el sacramento del Bautismo, nos comprometemos, como mujeres consagradas, a un constante camino de <strong>discipulado. <\/strong>Convocadas por el amor de Dios, alimentamos nuestra uni\u00f3n con \u00c9l en la mesa de la <strong>Palabra de <\/strong>Dios y de <strong>la Eucarist\u00eda.<\/strong><\/p>\n<p>Seg\u00fan nuestro Fundador, el padre Santiago Alberione, los ap\u00f3stoles para los nuevos\u00a0 tiempos realizan su vocaci\u00f3n en el esp\u00edritu y basados en el ejemplo de san Pablo ap\u00f3stol. \u00c9l mismo descubre a este gran ap\u00f3stol de la <strong>universalidad <\/strong>sobre todo a trav\u00e9s del estudio y de la meditaci\u00f3n de la <em>carta a los Romanos: <\/em>su personalidad, la santidad, el coraz\u00f3n, la intimidad con Jes\u00fas, su obra y el celo por todos los pueblos. En \u00e9l Alberione ve a un disc\u00edpulo que conoce al Maestro Divino en su plenitud; \u00e9l lo vive totalmente; nos presenta al Cristo total como Camino, Verdad y Vida. Por esta devoci\u00f3n el hombre se deja aferrar del todo, conquistado por Jesucristo hasta poder decir, como san Pablo \u00abYo vivo, pero no soy yo quien vive, es Cristo el que vive en m\u00ed\u00bb (G\u00e1 2,209.<\/p>\n<p>&nbsp;<\/p>\n<p>Honramos con amor especial a Mar\u00eda Madre de Dios y la invocamos bajo el t\u00edtulo de Reina de los Ap\u00f3stoles. Ella es aquella que ha entregado y sigue entregando a la humanidad a Jes\u00fas, como ramo que siempre lo lleva y ofrece a los hombres. Es la primera y perfecta Apostol de Jes\u00fas.[\/vc_column_text][\/vc_column][\/vc_row][vc_row][vc_column][vc_empty_space][\/vc_column][\/vc_row][vc_row][vc_column]<div class=\"mpc-carousel__wrapper mpc-waypoint\"><div id=\"mpc_carousel_image-2169f9bdaef0c6a\" class=\"mpc-carousel-image mpc-init mpc-layout--fluid mpc-effect--none  mpc-overlay--fade\"  data-mpcslick='{\"infinite\":true,\"autoplay\":true,\"slidesToShow\":3,\"slidesToScroll\":1,\"centerMode\":false,\"initialSlide\":0,\"rows\":1,\"autoplaySpeed\":2000,\"variableWidth\":true,\"speed\":1000}' data-slick-cols=\"3\" data-align=\"middle-center\"><div class=\"mpc-carousel__item-wrapper\" data-height=\"426\"><div onclick=\"\" class=\"mpc-item mpc-transition\"><div class=\"mpc-border\"><\/div><img loading=\"lazy\" decoding=\"async\" width=\"640\" height=\"426\" src=\"https:\/\/www.pddm.org\/wp-content\/uploads\/2017\/12\/gm_vvv_3.jpg\" class=\"mpc-transition attachment-full\" alt=\"\" title=\"gm_vvv_3\" srcset=\"https:\/\/www.pddm.org\/wp-content\/uploads\/2017\/12\/gm_vvv_3.jpg 640w, https:\/\/www.pddm.org\/wp-content\/uploads\/2017\/12\/gm_vvv_3-300x200.jpg 300w, https:\/\/www.pddm.org\/wp-content\/uploads\/2017\/12\/gm_vvv_3-219x146.jpg 219w, https:\/\/www.pddm.org\/wp-content\/uploads\/2017\/12\/gm_vvv_3-50x33.jpg 50w, https:\/\/www.pddm.org\/wp-content\/uploads\/2017\/12\/gm_vvv_3-113x75.jpg 113w\" sizes=\"auto, (max-width: 640px) 100vw, 640px\" \/><div class=\"mpc-item-overlay mpc-transition\"><div class=\"mpc-overlay--vertical-wrap\"><div class=\"mpc-overlay--vertical\"><a href=\"https:\/\/www.pddm.org\/wp-content\/uploads\/2017\/12\/gm_vvv_3.jpg\" rel=\"mpc[mpc_carousel_image-2169f9bdaef0c6a]\" class=\"mpc-icon-anchor mpc-magnific-popup\"><i class=\"mpc-item-overlay__icon mpc-type--lightbox mpc-icon--icon\"><\/i><\/a><\/div><\/div><\/div><\/div><\/div><div class=\"mpc-carousel__item-wrapper\" data-height=\"630\"><div onclick=\"\" class=\"mpc-item mpc-transition\"><div class=\"mpc-border\"><\/div><img loading=\"lazy\" decoding=\"async\" width=\"961\" height=\"630\" src=\"https:\/\/www.pddm.org\/wp-content\/uploads\/2017\/12\/gm_vvv_2-1.jpg\" class=\"mpc-transition attachment-full\" alt=\"\" title=\"gm_vvv_2\" srcset=\"https:\/\/www.pddm.org\/wp-content\/uploads\/2017\/12\/gm_vvv_2-1.jpg 961w, https:\/\/www.pddm.org\/wp-content\/uploads\/2017\/12\/gm_vvv_2-1-300x197.jpg 300w, https:\/\/www.pddm.org\/wp-content\/uploads\/2017\/12\/gm_vvv_2-1-768x503.jpg 768w, https:\/\/www.pddm.org\/wp-content\/uploads\/2017\/12\/gm_vvv_2-1-223x146.jpg 223w, https:\/\/www.pddm.org\/wp-content\/uploads\/2017\/12\/gm_vvv_2-1-50x33.jpg 50w, https:\/\/www.pddm.org\/wp-content\/uploads\/2017\/12\/gm_vvv_2-1-114x75.jpg 114w, https:\/\/www.pddm.org\/wp-content\/uploads\/2017\/12\/gm_vvv_2-1-960x630.jpg 960w\" sizes=\"auto, (max-width: 961px) 100vw, 961px\" \/><div class=\"mpc-item-overlay mpc-transition\"><div class=\"mpc-overlay--vertical-wrap\"><div class=\"mpc-overlay--vertical\"><a href=\"https:\/\/www.pddm.org\/wp-content\/uploads\/2017\/12\/gm_vvv_2-1.jpg\" rel=\"mpc[mpc_carousel_image-2169f9bdaef0c6a]\" class=\"mpc-icon-anchor mpc-magnific-popup\"><i class=\"mpc-item-overlay__icon mpc-type--lightbox mpc-icon--icon\"><\/i><\/a><\/div><\/div><\/div><\/div><\/div><div class=\"mpc-carousel__item-wrapper\" data-height=\"524\"><div onclick=\"\" class=\"mpc-item mpc-transition\"><div class=\"mpc-border\"><\/div><img loading=\"lazy\" decoding=\"async\" width=\"720\" height=\"524\" src=\"https:\/\/www.pddm.org\/wp-content\/uploads\/2017\/12\/saint-paul-preaching.jpg\" class=\"mpc-transition attachment-full\" alt=\"\" title=\"saint-paul-preaching\" srcset=\"https:\/\/www.pddm.org\/wp-content\/uploads\/2017\/12\/saint-paul-preaching.jpg 720w, https:\/\/www.pddm.org\/wp-content\/uploads\/2017\/12\/saint-paul-preaching-300x218.jpg 300w, https:\/\/www.pddm.org\/wp-content\/uploads\/2017\/12\/saint-paul-preaching-201x146.jpg 201w, https:\/\/www.pddm.org\/wp-content\/uploads\/2017\/12\/saint-paul-preaching-50x36.jpg 50w, https:\/\/www.pddm.org\/wp-content\/uploads\/2017\/12\/saint-paul-preaching-103x75.jpg 103w\" sizes=\"auto, (max-width: 720px) 100vw, 720px\" \/><div class=\"mpc-item-overlay mpc-transition\"><div class=\"mpc-overlay--vertical-wrap\"><div class=\"mpc-overlay--vertical\"><a href=\"https:\/\/www.pddm.org\/wp-content\/uploads\/2017\/12\/saint-paul-preaching.jpg\" rel=\"mpc[mpc_carousel_image-2169f9bdaef0c6a]\" class=\"mpc-icon-anchor mpc-magnific-popup\"><i class=\"mpc-item-overlay__icon mpc-type--lightbox mpc-icon--icon\"><\/i><\/a><\/div><\/div><\/div><\/div><\/div><div class=\"mpc-carousel__item-wrapper\" data-height=\"1024\"><div onclick=\"\" class=\"mpc-item mpc-transition\"><div class=\"mpc-border\"><\/div><img loading=\"lazy\" decoding=\"async\" width=\"986\" height=\"1106\" src=\"https:\/\/www.pddm.org\/wp-content\/uploads\/2017\/12\/Apostolorum-1.jpg\" class=\"mpc-transition attachment-full\" alt=\"\" title=\"Apostolorum\" srcset=\"https:\/\/www.pddm.org\/wp-content\/uploads\/2017\/12\/Apostolorum-1.jpg 986w, https:\/\/www.pddm.org\/wp-content\/uploads\/2017\/12\/Apostolorum-1-267x300.jpg 267w, https:\/\/www.pddm.org\/wp-content\/uploads\/2017\/12\/Apostolorum-1-768x861.jpg 768w, https:\/\/www.pddm.org\/wp-content\/uploads\/2017\/12\/Apostolorum-1-913x1024.jpg 913w, https:\/\/www.pddm.org\/wp-content\/uploads\/2017\/12\/Apostolorum-1-130x146.jpg 130w, https:\/\/www.pddm.org\/wp-content\/uploads\/2017\/12\/Apostolorum-1-45x50.jpg 45w, https:\/\/www.pddm.org\/wp-content\/uploads\/2017\/12\/Apostolorum-1-67x75.jpg 67w\" sizes=\"auto, (max-width: 986px) 100vw, 986px\" \/><div class=\"mpc-item-overlay mpc-transition\"><div class=\"mpc-overlay--vertical-wrap\"><div class=\"mpc-overlay--vertical\"><a href=\"https:\/\/www.pddm.org\/wp-content\/uploads\/2017\/12\/Apostolorum-1-913x1024.jpg\" rel=\"mpc[mpc_carousel_image-2169f9bdaef0c6a]\" class=\"mpc-icon-anchor mpc-magnific-popup\"><i class=\"mpc-item-overlay__icon mpc-type--lightbox mpc-icon--icon\"><\/i><\/a><\/div><\/div><\/div><\/div><\/div><div class=\"mpc-carousel__item-wrapper\" data-height=\"1024\"><div onclick=\"\" class=\"mpc-item mpc-transition\"><div class=\"mpc-border\"><\/div><img loading=\"lazy\" decoding=\"async\" width=\"2102\" height=\"2252\" src=\"https:\/\/www.pddm.org\/wp-content\/uploads\/2017\/12\/sp.jpg\" class=\"mpc-transition attachment-full\" alt=\"\" title=\"sp\" srcset=\"https:\/\/www.pddm.org\/wp-content\/uploads\/2017\/12\/sp.jpg 2102w, https:\/\/www.pddm.org\/wp-content\/uploads\/2017\/12\/sp-280x300.jpg 280w, https:\/\/www.pddm.org\/wp-content\/uploads\/2017\/12\/sp-768x823.jpg 768w, https:\/\/www.pddm.org\/wp-content\/uploads\/2017\/12\/sp-956x1024.jpg 956w, https:\/\/www.pddm.org\/wp-content\/uploads\/2017\/12\/sp-136x146.jpg 136w, https:\/\/www.pddm.org\/wp-content\/uploads\/2017\/12\/sp-47x50.jpg 47w, https:\/\/www.pddm.org\/wp-content\/uploads\/2017\/12\/sp-70x75.jpg 70w\" sizes=\"auto, (max-width: 2102px) 100vw, 2102px\" \/><div class=\"mpc-item-overlay mpc-transition\"><div class=\"mpc-overlay--vertical-wrap\"><div class=\"mpc-overlay--vertical\"><a href=\"https:\/\/www.pddm.org\/wp-content\/uploads\/2017\/12\/sp-956x1024.jpg\" rel=\"mpc[mpc_carousel_image-2169f9bdaef0c6a]\" class=\"mpc-icon-anchor mpc-magnific-popup\"><i class=\"mpc-item-overlay__icon mpc-type--lightbox mpc-icon--icon\"><\/i><\/a><\/div><\/div><\/div><\/div><\/div><div class=\"mpc-carousel__item-wrapper\" data-height=\"1024\"><div onclick=\"\" class=\"mpc-item mpc-transition\"><div class=\"mpc-border\"><\/div><img loading=\"lazy\" decoding=\"async\" width=\"1833\" height=\"2103\" src=\"https:\/\/www.pddm.org\/wp-content\/uploads\/2017\/12\/regina_ap_2.jpg\" class=\"mpc-transition attachment-full\" alt=\"\" title=\"regina_ap_2\" srcset=\"https:\/\/www.pddm.org\/wp-content\/uploads\/2017\/12\/regina_ap_2.jpg 1833w, https:\/\/www.pddm.org\/wp-content\/uploads\/2017\/12\/regina_ap_2-261x300.jpg 261w, https:\/\/www.pddm.org\/wp-content\/uploads\/2017\/12\/regina_ap_2-768x881.jpg 768w, https:\/\/www.pddm.org\/wp-content\/uploads\/2017\/12\/regina_ap_2-893x1024.jpg 893w, https:\/\/www.pddm.org\/wp-content\/uploads\/2017\/12\/regina_ap_2-127x146.jpg 127w, https:\/\/www.pddm.org\/wp-content\/uploads\/2017\/12\/regina_ap_2-44x50.jpg 44w, https:\/\/www.pddm.org\/wp-content\/uploads\/2017\/12\/regina_ap_2-65x75.jpg 65w\" sizes=\"auto, (max-width: 1833px) 100vw, 1833px\" \/><div class=\"mpc-item-overlay mpc-transition\"><div class=\"mpc-overlay--vertical-wrap\"><div class=\"mpc-overlay--vertical\"><a href=\"https:\/\/www.pddm.org\/wp-content\/uploads\/2017\/12\/regina_ap_2-893x1024.jpg\" rel=\"mpc[mpc_carousel_image-2169f9bdaef0c6a]\" class=\"mpc-icon-anchor mpc-magnific-popup\"><i class=\"mpc-item-overlay__icon mpc-type--lightbox mpc-icon--icon\"><\/i><\/a><\/div><\/div><\/div><\/div><\/div><div class=\"mpc-carousel__item-wrapper\" data-height=\"978\"><div onclick=\"\" class=\"mpc-item mpc-transition\"><div class=\"mpc-border\"><\/div><img loading=\"lazy\" decoding=\"async\" width=\"3039\" height=\"2903\" src=\"https:\/\/www.pddm.org\/wp-content\/uploads\/2017\/12\/sanpaolo_ravenna.jpg\" class=\"mpc-transition attachment-full\" alt=\"\" title=\"sanpaolo_ravenna\" srcset=\"https:\/\/www.pddm.org\/wp-content\/uploads\/2017\/12\/sanpaolo_ravenna.jpg 3039w, https:\/\/www.pddm.org\/wp-content\/uploads\/2017\/12\/sanpaolo_ravenna-300x287.jpg 300w, https:\/\/www.pddm.org\/wp-content\/uploads\/2017\/12\/sanpaolo_ravenna-768x734.jpg 768w, https:\/\/www.pddm.org\/wp-content\/uploads\/2017\/12\/sanpaolo_ravenna-1024x978.jpg 1024w, https:\/\/www.pddm.org\/wp-content\/uploads\/2017\/12\/sanpaolo_ravenna-153x146.jpg 153w, https:\/\/www.pddm.org\/wp-content\/uploads\/2017\/12\/sanpaolo_ravenna-50x48.jpg 50w, https:\/\/www.pddm.org\/wp-content\/uploads\/2017\/12\/sanpaolo_ravenna-79x75.jpg 79w\" sizes=\"auto, (max-width: 3039px) 100vw, 3039px\" \/><div class=\"mpc-item-overlay mpc-transition\"><div class=\"mpc-overlay--vertical-wrap\"><div class=\"mpc-overlay--vertical\"><a href=\"https:\/\/www.pddm.org\/wp-content\/uploads\/2017\/12\/sanpaolo_ravenna-1024x978.jpg\" rel=\"mpc[mpc_carousel_image-2169f9bdaef0c6a]\" class=\"mpc-icon-anchor mpc-magnific-popup\"><i class=\"mpc-item-overlay__icon mpc-type--lightbox mpc-icon--icon\"><\/i><\/a><\/div><\/div><\/div><\/div><\/div><\/div><div class=\"mpc-navigation mpc-init mpc-align--left mpc-navigation--style_1  mpc-nav-preset--\" data-mpcslider=\"mpc_carousel_image-2169f9bdaef0c6a\"><div class=\"mpc-nav__arrow mpcslick-prev\"><div class=\"mpc-nav__icon mpc-transition\"><i class=\"\"><div class=\"mpc-nav__background mpc-transition mpc-effect-type--fade mpc-effect-side--in\"><\/div><\/i><\/div><\/div><div class=\"mpc-nav__arrow mpcslick-next\"><div class=\"mpc-nav__icon mpc-transition\"><i class=\"\"><div class=\"mpc-nav__background mpc-transition mpc-effect-type--fade mpc-effect-side--in\"><\/div><\/i><\/div><\/div><\/div><\/div>[\/vc_column][\/vc_row]<\/p>\n<\/div>","protected":false},"excerpt":{"rendered":"<p>[vc_row full_width=&#8221;stretch_row_content_no_spaces&#8221;][vc_column][vc_empty_space height=&#8221;80px&#8221;][\/vc_column][\/vc_row][vc_row][vc_column][vc_custom_heading text=&#8221;Espiritualidad&#8221; font_container=&#8221;tag:h2|font_size:90|text_align:center|color:%232a516e&#8221; google_fonts=&#8221;font_family:Alex%20Brush%3Aregular|font_style:400%20regular%3A400%3Anormal&#8221; css_animation=&#8221;fadeIn&#8221;][\/vc_column][\/vc_row][vc_row][vc_column][vc_empty_space height=&#8221;15px&#8221;][vc_column_text]Nuestra espiritualidad se basa sobre tres pilares: aspiramos a vivir integralmente el Evangelio de Jesucristo, Camino, Verdad y Vida,<\/p>\n","protected":false},"author":1,"featured_media":0,"parent":0,"menu_order":0,"comment_status":"closed","ping_status":"closed","template":"","meta":{"footnotes":""},"class_list":["post-469","page","type-page","status-publish","hentry"],"_links":{"self":[{"href":"https:\/\/www.pddm.org\/es\/wp-json\/wp\/v2\/pages\/469","targetHints":{"allow":["GET"]}}],"collection":[{"href":"https:\/\/www.pddm.org\/es\/wp-json\/wp\/v2\/pages"}],"about":[{"href":"https:\/\/www.pddm.org\/es\/wp-json\/wp\/v2\/types\/page"}],"author":[{"embeddable":true,"href":"https:\/\/www.pddm.org\/es\/wp-json\/wp\/v2\/users\/1"}],"replies":[{"embeddable":true,"href":"https:\/\/www.pddm.org\/es\/wp-json\/wp\/v2\/comments?post=469"}],"version-history":[{"count":0,"href":"https:\/\/www.pddm.org\/es\/wp-json\/wp\/v2\/pages\/469\/revisions"}],"wp:attachment":[{"href":"https:\/\/www.pddm.org\/es\/wp-json\/wp\/v2\/media?parent=469"}],"curies":[{"name":"wp","href":"https:\/\/api.w.org\/{rel}","templated":true}]}}