{"id":474,"date":"2017-12-14T15:29:27","date_gmt":"2017-12-14T14:29:27","guid":{"rendered":"http:\/\/pddm.org\/storia\/"},"modified":"2018-01-02T13:04:37","modified_gmt":"2018-01-02T12:04:37","slug":"storia","status":"publish","type":"page","link":"https:\/\/www.pddm.org\/es\/storia\/","title":{"rendered":"Historia"},"content":{"rendered":"<div class=\"wpb-content-wrapper\"><p>[vc_row full_width=&#8221;stretch_row_content_no_spaces&#8221;][vc_column][vc_empty_space height=&#8221;80px&#8221;][\/vc_column][\/vc_row][vc_row][vc_column][vc_custom_heading text=&#8221;Historia&#8221; font_container=&#8221;tag:h2|font_size:90|text_align:center|color:%232a516e&#8221; google_fonts=&#8221;font_family:Alex%20Brush%3Aregular|font_style:400%20regular%3A400%3Anormal&#8221; css_animation=&#8221;fadeIn&#8221;][\/vc_column][\/vc_row][vc_row][vc_column][vc_empty_space height=&#8221;15px&#8221;][vc_column_text]La experiencia eucar\u00edstica que el seminarista Santiago Alberione vive en la noche de paso entre los dos siglos (1900-1901) es \u201cdecisiva para la espec\u00edfica misi\u00f3n y esp\u00edritu particular en el que nacer\u00eda y vivir\u00eda la Familia Paulina\u201d.<\/p>\n<p>En respuesta a la invitaci\u00f3n evang\u00e9lica: \u00abVenid todos a m\u00ed\u00bb, se siente obligado a prepararse para hacer algo por el Se\u00f1or y por la humanidad de su tiempo, unificando todo en Cristo Maestro Camino, Verdad y Vida.<\/p>\n<p>Cuando suena la hora de Dios, el padre Alberione se dedica totalmente al Apostolado de la Prensa, como confirmaci\u00f3n de la llamada a la evangelizaci\u00f3n en las fronteras inexploradas del mundo de la comunicaci\u00f3n. Abierto a los signos de los tiempos, asocia a la mujer en la diversidad y en la\u00a0 complementariedad de los carismas, para la vida y la misi\u00f3n de la Iglesia. Considerando la situaci\u00f3n religiosa del mundo, en 1908 empieza a \u201crezar y a hacer rezar\u201d por el nacimiento de una Familia religiosa \u201centregada totalmente a Jes\u00fas Divino Maestro presente en el Misterio eucar\u00edstico\u201d<\/p>\n<p>Guiado por el Esp\u00edritu Santo y confirmado por su director espiritual, el can. Francisco Chiesa, el padre Alberione en la memoria de santa Escol\u00e1stica (10 de febrero de 1924), da comienzo, en Alba (Italia) a la Congregaci\u00f3n de las P\u00edas Disc\u00edpulas del Divino Maestro. Elige a \u00darsula Rivata (1897-1987) para ser su colaboradora en Cristo. La llama con el nombre de Escol\u00e1stica, que significa \u201cdisc\u00edpula\u201d, y le conf\u00eda la primera comunidad de hermanas.<\/p>\n<p>Nuestra Congregaci\u00f3n se convierte en memorial de la experiencia carism\u00e1tica del Fundador: ora y trabaja para que la humanidad acoja, ame a Jes\u00fas Maestro y Salvador.<\/p>\n<p>&nbsp;<\/p>\n<p>El 3 de abril de 1947, jueves santo, es promulgado el decreto de la aprobaci\u00f3n diocesana. Nuestro carisma expresa m\u00e1s claramente su \u00edndole universal y su eficacia\u00a0 apost\u00f3lica en la aprobaci\u00f3n pontificia, concedida el 12 de enero de 1948 y ratificada definitivamente el 30 de agosto de 1960.[\/vc_column_text][\/vc_column][\/vc_row][vc_row][vc_column][vc_empty_space][\/vc_column][\/vc_row][vc_row][vc_column]<div class=\"mpc-carousel__wrapper mpc-waypoint\"><div id=\"mpc_carousel_image-3369de6790855dd\" class=\"mpc-carousel-image mpc-init mpc-layout--fluid mpc-effect--none  mpc-overlay--fade\"  data-mpcslick='{\"infinite\":true,\"autoplay\":true,\"slidesToShow\":3,\"slidesToScroll\":1,\"centerMode\":false,\"initialSlide\":0,\"rows\":1,\"autoplaySpeed\":1000,\"variableWidth\":true,\"speed\":500}' data-slick-cols=\"3\" data-align=\"middle-center\"><div class=\"mpc-carousel__item-wrapper\" data-height=\"480\"><div onclick=\"\" class=\"mpc-item mpc-transition\"><div class=\"mpc-border\"><\/div><img loading=\"lazy\" decoding=\"async\" width=\"605\" height=\"480\" src=\"https:\/\/www.pddm.org\/wp-content\/uploads\/2017\/12\/storia-03-1.jpg\" class=\"mpc-transition attachment-full\" alt=\"\" title=\"[COOPERATORE - 14]  COOPERATORE\/PAGINE ... 1 - 01\/01\/12\" srcset=\"https:\/\/www.pddm.org\/wp-content\/uploads\/2017\/12\/storia-03-1.jpg 605w, https:\/\/www.pddm.org\/wp-content\/uploads\/2017\/12\/storia-03-1-300x238.jpg 300w, https:\/\/www.pddm.org\/wp-content\/uploads\/2017\/12\/storia-03-1-184x146.jpg 184w, https:\/\/www.pddm.org\/wp-content\/uploads\/2017\/12\/storia-03-1-50x40.jpg 50w, https:\/\/www.pddm.org\/wp-content\/uploads\/2017\/12\/storia-03-1-95x75.jpg 95w\" sizes=\"auto, (max-width: 605px) 100vw, 605px\" \/><div class=\"mpc-item-overlay mpc-transition\"><div class=\"mpc-overlay--vertical-wrap\"><div class=\"mpc-overlay--vertical\"><a href=\"\" class=\"mpc-icon-anchor\"><i class=\"mpc-item-overlay__icon mpc-type--external mpc-icon--icon\"><\/i><\/a><a href=\"https:\/\/www.pddm.org\/wp-content\/uploads\/2017\/12\/storia-03-1.jpg\" rel=\"mpc[mpc_carousel_image-3369de6790855dd]\" class=\"mpc-icon-anchor mpc-magnific-popup\"><i class=\"mpc-item-overlay__icon mpc-type--lightbox mpc-icon--icon\"><\/i><\/a><\/div><\/div><\/div><\/div><\/div><div class=\"mpc-carousel__item-wrapper\" data-height=\"363\"><div onclick=\"\" class=\"mpc-item mpc-transition\"><div class=\"mpc-border\"><\/div><img loading=\"lazy\" decoding=\"async\" width=\"640\" height=\"363\" src=\"https:\/\/www.pddm.org\/wp-content\/uploads\/2017\/12\/storia-04-1.jpg\" class=\"mpc-transition attachment-full\" alt=\"\" title=\"storia 04\" srcset=\"https:\/\/www.pddm.org\/wp-content\/uploads\/2017\/12\/storia-04-1.jpg 640w, https:\/\/www.pddm.org\/wp-content\/uploads\/2017\/12\/storia-04-1-300x170.jpg 300w, https:\/\/www.pddm.org\/wp-content\/uploads\/2017\/12\/storia-04-1-257x146.jpg 257w, https:\/\/www.pddm.org\/wp-content\/uploads\/2017\/12\/storia-04-1-50x28.jpg 50w, https:\/\/www.pddm.org\/wp-content\/uploads\/2017\/12\/storia-04-1-132x75.jpg 132w\" sizes=\"auto, (max-width: 640px) 100vw, 640px\" \/><div class=\"mpc-item-overlay mpc-transition\"><div class=\"mpc-overlay--vertical-wrap\"><div class=\"mpc-overlay--vertical\"><a href=\"\" class=\"mpc-icon-anchor\"><i class=\"mpc-item-overlay__icon mpc-type--external mpc-icon--icon\"><\/i><\/a><a href=\"https:\/\/www.pddm.org\/wp-content\/uploads\/2017\/12\/storia-04-1.jpg\" rel=\"mpc[mpc_carousel_image-3369de6790855dd]\" class=\"mpc-icon-anchor mpc-magnific-popup\"><i class=\"mpc-item-overlay__icon mpc-type--lightbox mpc-icon--icon\"><\/i><\/a><\/div><\/div><\/div><\/div><\/div><div class=\"mpc-carousel__item-wrapper\" data-height=\"451\"><div onclick=\"\" class=\"mpc-item mpc-transition\"><div class=\"mpc-border\"><\/div><img loading=\"lazy\" decoding=\"async\" width=\"640\" height=\"451\" src=\"https:\/\/www.pddm.org\/wp-content\/uploads\/2017\/12\/storia-05-1.jpg\" class=\"mpc-transition attachment-full\" alt=\"\" title=\"storia 05\" srcset=\"https:\/\/www.pddm.org\/wp-content\/uploads\/2017\/12\/storia-05-1.jpg 640w, https:\/\/www.pddm.org\/wp-content\/uploads\/2017\/12\/storia-05-1-300x211.jpg 300w, https:\/\/www.pddm.org\/wp-content\/uploads\/2017\/12\/storia-05-1-207x146.jpg 207w, https:\/\/www.pddm.org\/wp-content\/uploads\/2017\/12\/storia-05-1-50x35.jpg 50w, https:\/\/www.pddm.org\/wp-content\/uploads\/2017\/12\/storia-05-1-106x75.jpg 106w\" sizes=\"auto, (max-width: 640px) 100vw, 640px\" \/><div class=\"mpc-item-overlay mpc-transition\"><div class=\"mpc-overlay--vertical-wrap\"><div class=\"mpc-overlay--vertical\"><a href=\"\" class=\"mpc-icon-anchor\"><i class=\"mpc-item-overlay__icon mpc-type--external mpc-icon--icon\"><\/i><\/a><a href=\"https:\/\/www.pddm.org\/wp-content\/uploads\/2017\/12\/storia-05-1.jpg\" rel=\"mpc[mpc_carousel_image-3369de6790855dd]\" class=\"mpc-icon-anchor mpc-magnific-popup\"><i class=\"mpc-item-overlay__icon mpc-type--lightbox mpc-icon--icon\"><\/i><\/a><\/div><\/div><\/div><\/div><\/div><div class=\"mpc-carousel__item-wrapper\" data-height=\"480\"><div onclick=\"\" class=\"mpc-item mpc-transition\"><div class=\"mpc-border\"><\/div><img loading=\"lazy\" decoding=\"async\" width=\"640\" height=\"480\" src=\"https:\/\/www.pddm.org\/wp-content\/uploads\/2017\/12\/storia-06-1.jpg\" class=\"mpc-transition attachment-full\" alt=\"\" title=\"storia 06\" srcset=\"https:\/\/www.pddm.org\/wp-content\/uploads\/2017\/12\/storia-06-1.jpg 640w, https:\/\/www.pddm.org\/wp-content\/uploads\/2017\/12\/storia-06-1-300x225.jpg 300w, https:\/\/www.pddm.org\/wp-content\/uploads\/2017\/12\/storia-06-1-195x146.jpg 195w, https:\/\/www.pddm.org\/wp-content\/uploads\/2017\/12\/storia-06-1-50x38.jpg 50w, https:\/\/www.pddm.org\/wp-content\/uploads\/2017\/12\/storia-06-1-100x75.jpg 100w\" sizes=\"auto, (max-width: 640px) 100vw, 640px\" \/><div class=\"mpc-item-overlay mpc-transition\"><div class=\"mpc-overlay--vertical-wrap\"><div class=\"mpc-overlay--vertical\"><a href=\"\" class=\"mpc-icon-anchor\"><i class=\"mpc-item-overlay__icon mpc-type--external mpc-icon--icon\"><\/i><\/a><a href=\"https:\/\/www.pddm.org\/wp-content\/uploads\/2017\/12\/storia-06-1.jpg\" rel=\"mpc[mpc_carousel_image-3369de6790855dd]\" class=\"mpc-icon-anchor mpc-magnific-popup\"><i class=\"mpc-item-overlay__icon mpc-type--lightbox mpc-icon--icon\"><\/i><\/a><\/div><\/div><\/div><\/div><\/div><div class=\"mpc-carousel__item-wrapper\" data-height=\"480\"><div onclick=\"\" class=\"mpc-item mpc-transition\"><div class=\"mpc-border\"><\/div><img loading=\"lazy\" decoding=\"async\" width=\"597\" height=\"480\" src=\"https:\/\/www.pddm.org\/wp-content\/uploads\/2017\/12\/storia-01-1.jpg\" class=\"mpc-transition attachment-full\" alt=\"\" title=\"storia 01\" srcset=\"https:\/\/www.pddm.org\/wp-content\/uploads\/2017\/12\/storia-01-1.jpg 597w, https:\/\/www.pddm.org\/wp-content\/uploads\/2017\/12\/storia-01-1-300x241.jpg 300w, https:\/\/www.pddm.org\/wp-content\/uploads\/2017\/12\/storia-01-1-182x146.jpg 182w, https:\/\/www.pddm.org\/wp-content\/uploads\/2017\/12\/storia-01-1-50x40.jpg 50w, https:\/\/www.pddm.org\/wp-content\/uploads\/2017\/12\/storia-01-1-93x75.jpg 93w\" sizes=\"auto, (max-width: 597px) 100vw, 597px\" \/><div class=\"mpc-item-overlay mpc-transition\"><div class=\"mpc-overlay--vertical-wrap\"><div class=\"mpc-overlay--vertical\"><a href=\"\" class=\"mpc-icon-anchor\"><i class=\"mpc-item-overlay__icon mpc-type--external mpc-icon--icon\"><\/i><\/a><a href=\"https:\/\/www.pddm.org\/wp-content\/uploads\/2017\/12\/storia-01-1.jpg\" rel=\"mpc[mpc_carousel_image-3369de6790855dd]\" class=\"mpc-icon-anchor mpc-magnific-popup\"><i class=\"mpc-item-overlay__icon mpc-type--lightbox mpc-icon--icon\"><\/i><\/a><\/div><\/div><\/div><\/div><\/div><\/div><div class=\"mpc-navigation mpc-init mpc-align--left mpc-navigation--style_1  mpc-nav-preset--\" data-mpcslider=\"mpc_carousel_image-3369de6790855dd\"><div class=\"mpc-nav__arrow mpcslick-prev\"><div class=\"mpc-nav__icon mpc-transition\"><i class=\"\"><div class=\"mpc-nav__background mpc-transition mpc-effect-type--fade mpc-effect-side--in\"><\/div><\/i><\/div><\/div><div class=\"mpc-nav__arrow mpcslick-next\"><div class=\"mpc-nav__icon mpc-transition\"><i class=\"\"><div class=\"mpc-nav__background mpc-transition mpc-effect-type--fade mpc-effect-side--in\"><\/div><\/i><\/div><\/div><\/div><\/div>[\/vc_column][\/vc_row]<\/p>\n<\/div>","protected":false},"excerpt":{"rendered":"<p>[vc_row full_width=&#8221;stretch_row_content_no_spaces&#8221;][vc_column][vc_empty_space height=&#8221;80px&#8221;][\/vc_column][\/vc_row][vc_row][vc_column][vc_custom_heading text=&#8221;Historia&#8221; font_container=&#8221;tag:h2|font_size:90|text_align:center|color:%232a516e&#8221; google_fonts=&#8221;font_family:Alex%20Brush%3Aregular|font_style:400%20regular%3A400%3Anormal&#8221; css_animation=&#8221;fadeIn&#8221;][\/vc_column][\/vc_row][vc_row][vc_column][vc_empty_space height=&#8221;15px&#8221;][vc_column_text]La experiencia eucar\u00edstica que el seminarista Santiago Alberione vive en la noche de paso entre los dos siglos (1900-1901)<\/p>\n","protected":false},"author":1,"featured_media":0,"parent":0,"menu_order":0,"comment_status":"closed","ping_status":"closed","template":"","meta":{"footnotes":""},"class_list":["post-474","page","type-page","status-publish","hentry"],"_links":{"self":[{"href":"https:\/\/www.pddm.org\/es\/wp-json\/wp\/v2\/pages\/474","targetHints":{"allow":["GET"]}}],"collection":[{"href":"https:\/\/www.pddm.org\/es\/wp-json\/wp\/v2\/pages"}],"about":[{"href":"https:\/\/www.pddm.org\/es\/wp-json\/wp\/v2\/types\/page"}],"author":[{"embeddable":true,"href":"https:\/\/www.pddm.org\/es\/wp-json\/wp\/v2\/users\/1"}],"replies":[{"embeddable":true,"href":"https:\/\/www.pddm.org\/es\/wp-json\/wp\/v2\/comments?post=474"}],"version-history":[{"count":0,"href":"https:\/\/www.pddm.org\/es\/wp-json\/wp\/v2\/pages\/474\/revisions"}],"wp:attachment":[{"href":"https:\/\/www.pddm.org\/es\/wp-json\/wp\/v2\/media?parent=474"}],"curies":[{"name":"wp","href":"https:\/\/api.w.org\/{rel}","templated":true}]}}