{"id":476,"date":"2017-12-14T17:03:12","date_gmt":"2017-12-14T16:03:12","guid":{"rendered":"http:\/\/pddm.org\/biografia-madre-scolastica\/"},"modified":"2018-01-02T15:10:51","modified_gmt":"2018-01-02T14:10:51","slug":"biografia-madre-scolastica","status":"publish","type":"page","link":"https:\/\/www.pddm.org\/es\/biografia-madre-scolastica\/","title":{"rendered":"Madre Escol\u00e1stica Rivata"},"content":{"rendered":"<div class=\"wpb-content-wrapper\"><p>[vc_row][vc_column][vc_empty_space height=&#8221;80px&#8221;][\/vc_column][\/vc_row][vc_row][vc_column][vc_custom_heading text=&#8221;Madre Escol\u00e1stica Rivata&#8221; font_container=&#8221;tag:h2|font_size:90|text_align:center|color:%232a516e&#8221; google_fonts=&#8221;font_family:Alex%20Brush%3Aregular|font_style:400%20regular%3A400%3Anormal&#8221; css_animation=&#8221;fadeIn&#8221;][\/vc_column][\/vc_row][vc_row][vc_column width=&#8221;5\/6&#8243;][vc_empty_space height=&#8221;15px&#8221;][vc_column_text]Sr. Maria Escol\u00e1stica \u2013 \u00darsula Rivata, primera Madre de las P\u00edas Disc\u00edpulas del Divino Maestro, nace en Guarene (CN \u2013 Italia) el 12 de julio de 1897.<\/p>\n<p>A los veinte a\u00f1os \u00darsula comprende que el \u00fanico tesoro por el que vale la pena gastar la vida es el Se\u00f1or y por consiguiente hace su declaraci\u00f3n de amor incondicional: \u201c<em>Se\u00f1or, \u00a1T\u00fa solo, y basta!\u201d, <\/em>que vivir\u00e1 en lo cotidiano, en la fidelidad por siempre.<\/p>\n<p>Siente que su vida tendr\u00e1 que ser entregada totalmente al Se\u00f1or, aunque no sabe todav\u00eda c\u00f3mo ni d\u00f3nde. Ora mucho y sigue form\u00e1ndose y leyendo mucho. La pasi\u00f3n por la lectura, en la b\u00fasqueda de \u201clibros buenos\u201d, la lleva\u00a0 a encontrarse con un gran ap\u00f3stol de los tiempos modernos: el padre Santiago Alberione, que sin giros de palabras, mientras ella busca el libro pedido y despu\u00e9s de un breve coloquio, le dice: \u201c\u00bfCu\u00e1ndo viene a S. Pablo?\u201d[\/vc_column_text][\/vc_column][vc_column width=&#8221;1\/6&#8243;][vc_single_image image=&#8221;162&#8243; img_size=&#8221;medium&#8221; alignment=&#8221;center&#8221; style=&#8221;vc_box_outline_circle&#8221; border_color=&#8221;blue&#8221;][\/vc_column][\/vc_row][vc_row][vc_column][vc_column_text]Acompa\u00f1ada por su padre, el 29 de julio de 1922 en Alba, entra en la aventura que la llevar\u00e1 por los imperscrutables caminos del Se\u00f1or. El Padre Alberione, que en 1914 hab\u00eda dado inicio a la P\u00eda Sociedad San Pablo con dos chiquillos, tiene ya un buen grupo de ap\u00f3stoles de la buena prensa. A partir de 1915 hay tambi\u00e9n un grupo de mujeres j\u00f3venes que precisamente hace una semana, el 22 de julio, son constituidas oficialmente con el nombre de Hijas de San Pablo.<\/p>\n<p>\u00darsula tiene en la mano el programa dado por el Fundador a toda la obra: \u201cGloria a Dios, paz a los hombres\u201d, llevar el Evangelio con los medios modernos, que entonces en prevalencia consist\u00edan en la prensa. Est\u00e1 segura de que \u201cen la Casa\u201d cualquier ocupaci\u00f3n, incluso limpiar la verdura, preparar la comida, lavar y planchar la ropa, tiene \u00e9ste como fin. El ser \u00fanico cuerpo en Cristo lleva a todos a conseguirel mismo fin.<\/p>\n<p>Despu\u00e9s de su ingreso en la naciente Familia Paulina, Alberione le da el nombre de Sor Escol\u00e1stica, que significa <em>disc\u00edpula, <\/em>y la elige como colaboradora suya para dar vida, en 1924, a la Congregaci\u00f3n de las P\u00edas Disc\u00edpulas del Divino Maestro.[\/vc_column_text][\/vc_column][\/vc_row][vc_row][vc_column][vc_row_inner][vc_column_inner][\/vc_column_inner][\/vc_row_inner][vc_single_image image=&#8221;156&#8243; img_size=&#8221;medium&#8221; alignment=&#8221;center&#8221; style=&#8221;vc_box_outline&#8221; border_color=&#8221;blue&#8221;][\/vc_column][\/vc_row][vc_row][vc_column][vc_column_text]Mujer sin doctorados o diplomas, pero con la sabidur\u00eda sacada cada d\u00eda en la fuente de la Eucarist\u00eda y la Palabra de Dios, precede con el ejemplo y usa sus mejores energ\u00edas para formar a las primeras generaciones en la misi\u00f3n espec\u00edfica de la Congregaci\u00f3n, comunicando con gozoso entusiasmo la belleza y fecundidad del apostolado.<\/p>\n<p>Madre Escol\u00e1stica, con el coraz\u00f3n abierto al mundo entero y a la comprensi\u00f3n del lenguaje de los j\u00f3venes, se hace cercana con amor de ap\u00f3stol a toda ansia y alegr\u00eda de los hombres y mujeres de todos los continentes. Las manifiesta tambi\u00e9n a trav\u00e9s del peri\u00f3dico que con frecuencia lleva bajo el brazo, para hacerlas presentes en la Adoraci\u00f3n eucar\u00edstica al Maestro Divino. Sabe escuchar a todos, hermanos y hermanas. Vive un estilo de vida de silencio y de escondimiento, pero siempre con el timbre de <em>\u201cmujer de\u00a0 comunicaci\u00f3n\u201d, <\/em>abierta al presente de su tempo y constructora de futuro. Muere en Sanfr\u00e8 (CN) el 24 de marzo de 1987.<\/p>\n<p>El 9 de diciembre de 2013 con la promulgaci\u00f3n del decreto sobre las virtudes heroicas es Venerable.[\/vc_column_text][\/vc_column][\/vc_row][vc_row][vc_column][vc_empty_space height=&#8221;22px&#8221;][\/vc_column][\/vc_row][vc_row][vc_column width=&#8221;1\/2&#8243;][vc_single_image image=&#8221;164&#8243; img_size=&#8221;full&#8221; alignment=&#8221;center&#8221; style=&#8221;vc_box_outline&#8221; border_color=&#8221;blue&#8221;][\/vc_column][vc_column width=&#8221;1\/2&#8243;][vc_single_image image=&#8221;163&#8243; img_size=&#8221;full&#8221; alignment=&#8221;center&#8221; style=&#8221;vc_box_outline&#8221; border_color=&#8221;blue&#8221;][\/vc_column][\/vc_row][vc_row][vc_column][vc_empty_space height=&#8221;22px&#8221;][\/vc_column][\/vc_row]<\/p>\n<\/div>","protected":false},"excerpt":{"rendered":"<p>[vc_row][vc_column][vc_empty_space height=&#8221;80px&#8221;][\/vc_column][\/vc_row][vc_row][vc_column][vc_custom_heading text=&#8221;Madre Escol\u00e1stica Rivata&#8221; font_container=&#8221;tag:h2|font_size:90|text_align:center|color:%232a516e&#8221; google_fonts=&#8221;font_family:Alex%20Brush%3Aregular|font_style:400%20regular%3A400%3Anormal&#8221; css_animation=&#8221;fadeIn&#8221;][\/vc_column][\/vc_row][vc_row][vc_column width=&#8221;5\/6&#8243;][vc_empty_space height=&#8221;15px&#8221;][vc_column_text]Sr. Maria Escol\u00e1stica \u2013 \u00darsula Rivata, primera Madre de las P\u00edas Disc\u00edpulas del Divino Maestro, nace en<\/p>\n","protected":false},"author":1,"featured_media":0,"parent":0,"menu_order":0,"comment_status":"closed","ping_status":"closed","template":"","meta":{"footnotes":""},"class_list":["post-476","page","type-page","status-publish","hentry"],"_links":{"self":[{"href":"https:\/\/www.pddm.org\/es\/wp-json\/wp\/v2\/pages\/476","targetHints":{"allow":["GET"]}}],"collection":[{"href":"https:\/\/www.pddm.org\/es\/wp-json\/wp\/v2\/pages"}],"about":[{"href":"https:\/\/www.pddm.org\/es\/wp-json\/wp\/v2\/types\/page"}],"author":[{"embeddable":true,"href":"https:\/\/www.pddm.org\/es\/wp-json\/wp\/v2\/users\/1"}],"replies":[{"embeddable":true,"href":"https:\/\/www.pddm.org\/es\/wp-json\/wp\/v2\/comments?post=476"}],"version-history":[{"count":0,"href":"https:\/\/www.pddm.org\/es\/wp-json\/wp\/v2\/pages\/476\/revisions"}],"wp:attachment":[{"href":"https:\/\/www.pddm.org\/es\/wp-json\/wp\/v2\/media?parent=476"}],"curies":[{"name":"wp","href":"https:\/\/api.w.org\/{rel}","templated":true}]}}