{"id":491,"date":"2017-12-18T16:18:58","date_gmt":"2017-12-18T15:18:58","guid":{"rendered":"http:\/\/pddm.org\/centro-olistico-asirbhavan\/"},"modified":"2018-01-02T15:33:01","modified_gmt":"2018-01-02T14:33:01","slug":"centro-olistico-asirbhavan","status":"publish","type":"page","link":"https:\/\/www.pddm.org\/es\/centro-olistico-asirbhavan\/","title":{"rendered":"Centro Hol\u00edstico Asirbhavan"},"content":{"rendered":"<div class=\"wpb-content-wrapper\"><p>[vc_row full_width=&#8221;stretch_row_content_no_spaces&#8221;][vc_column][vc_empty_space height=&#8221;80px&#8221;][\/vc_column][\/vc_row][vc_row][vc_column][vc_custom_heading text=&#8221;Centro Hol\u00edstico Asirbhavan&#8221; font_container=&#8221;tag:h2|font_size:90|text_align:center|color:%232a516e&#8221; google_fonts=&#8221;font_family:Alex%20Brush%3Aregular|font_style:400%20regular%3A400%3Anormal&#8221; css_animation=&#8221;fadeIn&#8221;][\/vc_column][\/vc_row][vc_row][vc_column][vc_empty_space height=&#8221;15px&#8221;][vc_column_text]<em>EI Centro Hol\u00edstico Asirbhavan<\/em> de Bannerghatta (India) es un lugar para retiros, seminarios, encuentros y descanso personal, a trav\u00e9s del silencio, la oraci\u00f3n y en contacto con la naturaleza. Ofrece tambi\u00e9n la asistencia sanitaria por medio de la terapia alternativa: medicinas a base de hierbas y tratamiento digitopresi\u00f3n (acupresuras).<\/p>\n<p>La casa dispone de habitaciones individuales y dobles para 15 personas.<\/p>\n<p>Bannerghatta se encuentra en el Estado del Karnataka, en torno a los 35 km de la ciudad de Bangalore y es un lugar bendito por una exuberante vegetaci\u00f3n.<\/p>\n<p>&nbsp;<\/p>\n<p>Sister Disciples of the Divine Master<\/p>\n<p>Sulender Dodi, Bannerghatta P.O.<\/p>\n<p>P.B. No. 8307,<\/p>\n<p>BANGALORE &#8211; 560 083.<\/p>\n<p>(Karnataka) INDIA<\/p>\n<p>Cellulare: (91) 09342595514; 09480606024<\/p>\n<p>Email: <a href=\"mailto:pddmb@airtelmail.in\">pddmb@airtelmail.in<\/a><\/p>\n<p>Otras informaciones en la p\u00e1gina web:<\/p>\n<p><a href=\"http:\/\/pddmindia.org\/ministries\/holistic-health-care-2\/\">http:\/\/pddmindia.org\/ministries\/holistic-health-care-2\/<\/a>[\/vc_column_text][\/vc_column][\/vc_row][vc_row][vc_column][vc_empty_space][\/vc_column][\/vc_row][vc_row][vc_column][vc_single_image image=&#8221;174&#8243; img_size=&#8221;full&#8221; alignment=&#8221;center&#8221; style=&#8221;vc_box_outline&#8221; border_color=&#8221;blue&#8221;][\/vc_column][\/vc_row]<\/p>\n<\/div>","protected":false},"excerpt":{"rendered":"<p>[vc_row full_width=&#8221;stretch_row_content_no_spaces&#8221;][vc_column][vc_empty_space height=&#8221;80px&#8221;][\/vc_column][\/vc_row][vc_row][vc_column][vc_custom_heading text=&#8221;Centro Hol\u00edstico Asirbhavan&#8221; font_container=&#8221;tag:h2|font_size:90|text_align:center|color:%232a516e&#8221; google_fonts=&#8221;font_family:Alex%20Brush%3Aregular|font_style:400%20regular%3A400%3Anormal&#8221; css_animation=&#8221;fadeIn&#8221;][\/vc_column][\/vc_row][vc_row][vc_column][vc_empty_space height=&#8221;15px&#8221;][vc_column_text]EI Centro Hol\u00edstico Asirbhavan de Bannerghatta (India) es un lugar para retiros, seminarios, encuentros y descanso personal,<\/p>\n","protected":false},"author":1,"featured_media":0,"parent":0,"menu_order":0,"comment_status":"closed","ping_status":"closed","template":"","meta":{"footnotes":""},"class_list":["post-491","page","type-page","status-publish","hentry"],"_links":{"self":[{"href":"https:\/\/www.pddm.org\/es\/wp-json\/wp\/v2\/pages\/491","targetHints":{"allow":["GET"]}}],"collection":[{"href":"https:\/\/www.pddm.org\/es\/wp-json\/wp\/v2\/pages"}],"about":[{"href":"https:\/\/www.pddm.org\/es\/wp-json\/wp\/v2\/types\/page"}],"author":[{"embeddable":true,"href":"https:\/\/www.pddm.org\/es\/wp-json\/wp\/v2\/users\/1"}],"replies":[{"embeddable":true,"href":"https:\/\/www.pddm.org\/es\/wp-json\/wp\/v2\/comments?post=491"}],"version-history":[{"count":0,"href":"https:\/\/www.pddm.org\/es\/wp-json\/wp\/v2\/pages\/491\/revisions"}],"wp:attachment":[{"href":"https:\/\/www.pddm.org\/es\/wp-json\/wp\/v2\/media?parent=491"}],"curies":[{"name":"wp","href":"https:\/\/api.w.org\/{rel}","templated":true}]}}