{"id":493,"date":"2017-12-18T16:34:20","date_gmt":"2017-12-18T15:34:20","guid":{"rendered":"http:\/\/pddm.org\/programma-kairos-per-le-consacrate\/"},"modified":"2018-01-02T15:36:48","modified_gmt":"2018-01-02T14:36:48","slug":"programma-kairos-per-le-consacrate","status":"publish","type":"page","link":"https:\/\/www.pddm.org\/es\/programma-kairos-per-le-consacrate\/","title":{"rendered":"Programa para las religiosas"},"content":{"rendered":"<div class=\"wpb-content-wrapper\"><p>[vc_row full_width=&#8221;stretch_row_content_no_spaces&#8221;][vc_column][vc_empty_space height=&#8221;80px&#8221;][\/vc_column][\/vc_row][vc_row][vc_column][vc_custom_heading text=&#8221;Programa para las religiosas&#8221; font_container=&#8221;tag:h2|font_size:90|text_align:center|color:%232a516e&#8221; google_fonts=&#8221;font_family:Alex%20Brush%3Aregular|font_style:400%20regular%3A400%3Anormal&#8221; css_animation=&#8221;fadeIn&#8221;][\/vc_column][\/vc_row][vc_row][vc_column][vc_empty_space height=&#8221;15px&#8221;][vc_column_text]<em>&#8220;Kair\u00f3s&#8221; tiempo de gracia \u2013 tiempo de Dios<\/em><\/p>\n<p>Las P\u00edas Disc\u00edpulas del Divino Maestro de la provincia mexicana ofrecen el programa \u201cKAIR\u00d3S\u201d para las consagradas, con el fin de responder a las exigencias de la vida religiosa hoy: es un lugar adecuado para recuperar vitalidad y renovaci\u00f3n interior como parte de la formaci\u00f3n integral a fin de que \u201ctodas puedan tener la vida y la tengan en abundancia\u201d (Jn 10,10).<\/p>\n<p>\u201cKair\u00f3s abre sus espacios cada d\u00eda del a\u00f1o, para la acogida de mujeres consagradas que quieren reconciliarse con su historia y redescubrir la alegr\u00eda de la vida.<\/p>\n<p>El programa se realiza en un ambiente de oraci\u00f3n y en la b\u00fasqueda de la voluntad de Dios. Los espacios y los procesos favorecen el conocimiento personal por medio de terapias individuales y de grupo. Cursos, <em>workshop <\/em>y conferencias promueven la capacidad de consciencia e interiorizaci\u00f3n de la propia vida y vocaci\u00f3n.<\/p>\n<p>Las hermanas participan en celebraciones lit\u00fargicas, tienen tiempo para su oraci\u00f3n personal y para el acompa\u00f1amiento espiritual, para fortalecer su experiencia de Dios. Disfrutan de momentos de convivencia y creatividad que les permite robustecer v\u00ednculos de fraternidad, amistad, confianza y respeto rec\u00edproco.<\/p>\n<p>Es un programa terap\u00e9utico acompa\u00f1ado por un equipo interdisciplinar. Pueden participar todas las mujeres consagradas que sienten la necesidad y aceptan recibir apoyo integral: f\u00edsico, psicol\u00f3gico y espiritual.<\/p>\n<p>&nbsp;<\/p>\n<p>Para participar se necesita la petici\u00f3n de la superiora de la hermana interesada al Director del programa. Las V\u00edrgenes consagradas pueden hacerlo a petici\u00f3n de su Obispo.<\/p>\n<p>Para este proceso es necesario por lo menos un tiempo residencial de tres meses.<\/p>\n<p>&nbsp;<\/p>\n<p>CONTACTOS:<\/p>\n<p>Calle Alba No. 1915<br \/>\nCol. San Pedrito, Tlaquepaque, Jal.<br \/>\nTel. (0133)36.00.15.22<br \/>\nFax.(0133)36.00.16.14<br \/>\nE-mail: kairosdireccion@prodigy.net.mx<\/p>\n<p><strong><br \/>\n<\/strong>[\/vc_column_text][\/vc_column][\/vc_row][vc_row][vc_column][vc_single_image image=&#8221;180&#8243; img_size=&#8221;full&#8221; alignment=&#8221;center&#8221; style=&#8221;vc_box_outline&#8221; border_color=&#8221;blue&#8221;][\/vc_column][\/vc_row]<\/p>\n<\/div>","protected":false},"excerpt":{"rendered":"<p>[vc_row full_width=&#8221;stretch_row_content_no_spaces&#8221;][vc_column][vc_empty_space height=&#8221;80px&#8221;][\/vc_column][\/vc_row][vc_row][vc_column][vc_custom_heading text=&#8221;Programa para las religiosas&#8221; font_container=&#8221;tag:h2|font_size:90|text_align:center|color:%232a516e&#8221; google_fonts=&#8221;font_family:Alex%20Brush%3Aregular|font_style:400%20regular%3A400%3Anormal&#8221; css_animation=&#8221;fadeIn&#8221;][\/vc_column][\/vc_row][vc_row][vc_column][vc_empty_space height=&#8221;15px&#8221;][vc_column_text]&#8220;Kair\u00f3s&#8221; tiempo de gracia \u2013 tiempo de Dios Las P\u00edas Disc\u00edpulas del Divino Maestro de la<\/p>\n","protected":false},"author":1,"featured_media":0,"parent":0,"menu_order":0,"comment_status":"closed","ping_status":"closed","template":"","meta":{"footnotes":""},"class_list":["post-493","page","type-page","status-publish","hentry"],"_links":{"self":[{"href":"https:\/\/www.pddm.org\/es\/wp-json\/wp\/v2\/pages\/493","targetHints":{"allow":["GET"]}}],"collection":[{"href":"https:\/\/www.pddm.org\/es\/wp-json\/wp\/v2\/pages"}],"about":[{"href":"https:\/\/www.pddm.org\/es\/wp-json\/wp\/v2\/types\/page"}],"author":[{"embeddable":true,"href":"https:\/\/www.pddm.org\/es\/wp-json\/wp\/v2\/users\/1"}],"replies":[{"embeddable":true,"href":"https:\/\/www.pddm.org\/es\/wp-json\/wp\/v2\/comments?post=493"}],"version-history":[{"count":0,"href":"https:\/\/www.pddm.org\/es\/wp-json\/wp\/v2\/pages\/493\/revisions"}],"wp:attachment":[{"href":"https:\/\/www.pddm.org\/es\/wp-json\/wp\/v2\/media?parent=493"}],"curies":[{"name":"wp","href":"https:\/\/api.w.org\/{rel}","templated":true}]}}