{"id":2779,"date":"2018-01-15T17:14:33","date_gmt":"2018-01-15T16:14:33","guid":{"rendered":"https:\/\/www.pddm.org\/home1\/"},"modified":"2024-07-27T10:12:36","modified_gmt":"2024-07-27T08:12:36","slug":"home1","status":"publish","type":"page","link":"https:\/\/www.pddm.org\/fr\/","title":{"rendered":"Home"},"content":{"rendered":"<div class=\"wpb-content-wrapper\"><p>[vc_row full_width=&#8221;stretch_row_content_no_spaces&#8221;][vc_column][vc_column_text el_class=&#8221;nomargin&#8221;]\n\t\t\t<!-- START home1 REVOLUTION SLIDER 6.5.15 --><p class=\"rs-p-wp-fix\"><\/p>\n\t\t\t<rs-module-wrap id=\"rev_slider_12_1_wrapper\" data-source=\"post\" style=\"visibility:hidden;background:rgba(42,81,110,0);padding:0;margin:0px auto;margin-top:0;margin-bottom:0;\">\n\t\t\t\t<rs-module id=\"rev_slider_12_1\" style=\"\" data-version=\"6.5.15\">\n\t\t\t\t\t<rs-slides>\n\t\t\t\t\t\t<rs-slide style=\"position: absolute;\" data-key=\"rs-40851\" data-thumb=\"\/\/www.pddm.org\/wp-content\/uploads\/2026\/04\/VENSANTO_A_2026-100x50.png\" data-link=\"\/\/www.pddm.org\/fr\/venerdisanto-annoa-2026\/\" data-tag=\"l\" data-target=\"_self\" data-seoz=\"front\" data-in=\"o:0;\" data-out=\"a:false;\">\n\t\t\t\t\t\t\t<img loading=\"lazy\" decoding=\"async\" src=\"\/\/www.pddm.org\/wp-content\/plugins\/revslider\/public\/assets\/assets\/dummy.png\" alt=\"\" title=\"VENSANTO_A_2026\" width=\"800\" height=\"600\" class=\"rev-slidebg tp-rs-img rs-lazyload\" data-lazyload=\"\/\/www.pddm.org\/wp-content\/uploads\/2026\/04\/VENSANTO_A_2026.png\" data-parallax=\"off\" data-no-retina>\n<!--\n\t\t\t\t\t\t\t--><rs-layer\n\t\t\t\t\t\t\t\tid=\"slider-12-slide-40851-layer-3\" \n\t\t\t\t\t\t\t\tclass=\"contorno\"\n\t\t\t\t\t\t\t\tdata-type=\"text\"\n\t\t\t\t\t\t\t\tdata-color=\"#ffffff\"\n\t\t\t\t\t\t\t\tdata-rsp_ch=\"on\"\n\t\t\t\t\t\t\t\tdata-xy=\"x:c;y:c;\"\n\t\t\t\t\t\t\t\tdata-text=\"s:60;l:22;a:inherit;\"\n\t\t\t\t\t\t\t\tdata-frame_1=\"sR:10;\"\n\t\t\t\t\t\t\t\tdata-frame_999=\"o:0;st:w;sR:1690;\"\n\t\t\t\t\t\t\t\tstyle=\"z-index:5;font-family:'Alex Brush';\"\n\t\t\t\t\t\t\t>\n\n \n\t\t\t\t\t\t\t<\/rs-layer><!--\n-->\t\t\t\t\t\t<\/rs-slide>\n\t\t\t\t\t\t<rs-slide style=\"position: absolute;\" data-key=\"rs-40837\" data-title=\"In memoria di me\" data-thumb=\"\/\/www.pddm.org\/wp-content\/uploads\/2026\/04\/GIOVSANTO_A_2026-100x50.png\" data-link=\"\/\/www.pddm.org\/fr\/giovedisanto-2026\/\" data-tag=\"l\" data-target=\"_self\" data-seoz=\"front\" data-in=\"o:0;\" data-out=\"a:false;\">\n\t\t\t\t\t\t\t<img loading=\"lazy\" decoding=\"async\" src=\"\/\/www.pddm.org\/wp-content\/plugins\/revslider\/public\/assets\/assets\/dummy.png\" alt=\"\" title=\"GIOVSANTO_A_2026\" width=\"800\" height=\"600\" class=\"rev-slidebg tp-rs-img rs-lazyload\" data-lazyload=\"\/\/www.pddm.org\/wp-content\/uploads\/2026\/04\/GIOVSANTO_A_2026.png\" data-parallax=\"off\" data-no-retina>\n<!--\n\t\t\t\t\t\t\t--><rs-layer\n\t\t\t\t\t\t\t\tid=\"slider-12-slide-40837-layer-3\" \n\t\t\t\t\t\t\t\tclass=\"contorno\"\n\t\t\t\t\t\t\t\tdata-type=\"text\"\n\t\t\t\t\t\t\t\tdata-color=\"#ffffff\"\n\t\t\t\t\t\t\t\tdata-rsp_ch=\"on\"\n\t\t\t\t\t\t\t\tdata-xy=\"x:c;y:c;\"\n\t\t\t\t\t\t\t\tdata-text=\"s:60;l:22;a:inherit;\"\n\t\t\t\t\t\t\t\tdata-frame_1=\"sR:10;\"\n\t\t\t\t\t\t\t\tdata-frame_999=\"o:0;st:w;sR:1690;\"\n\t\t\t\t\t\t\t\tstyle=\"z-index:5;font-family:'Alex Brush';\"\n\t\t\t\t\t\t\t>In memoria di me\n\n \n\t\t\t\t\t\t\t<\/rs-layer><!--\n-->\t\t\t\t\t\t<\/rs-slide>\n\t\t\t\t\t\t<rs-slide style=\"position: absolute;\" data-key=\"rs-40819\" data-title=\"Osanna!\" data-thumb=\"\/\/www.pddm.org\/wp-content\/uploads\/2026\/03\/DOMPALME_A_2026-100x50.png\" data-link=\"\/\/www.pddm.org\/fr\/domenicapalme-2026\/\" data-tag=\"l\" data-target=\"_self\" data-seoz=\"front\" data-in=\"o:0;\" data-out=\"a:false;\">\n\t\t\t\t\t\t\t<img loading=\"lazy\" decoding=\"async\" src=\"\/\/www.pddm.org\/wp-content\/plugins\/revslider\/public\/assets\/assets\/dummy.png\" alt=\"\" title=\"DOMPALME_A_2026\" width=\"800\" height=\"600\" class=\"rev-slidebg tp-rs-img rs-lazyload\" data-lazyload=\"\/\/www.pddm.org\/wp-content\/uploads\/2026\/03\/DOMPALME_A_2026.png\" data-parallax=\"off\" data-no-retina>\n<!--\n\t\t\t\t\t\t\t--><rs-layer\n\t\t\t\t\t\t\t\tid=\"slider-12-slide-40819-layer-3\" \n\t\t\t\t\t\t\t\tclass=\"contorno\"\n\t\t\t\t\t\t\t\tdata-type=\"text\"\n\t\t\t\t\t\t\t\tdata-color=\"#ffffff\"\n\t\t\t\t\t\t\t\tdata-rsp_ch=\"on\"\n\t\t\t\t\t\t\t\tdata-xy=\"x:c;y:c;\"\n\t\t\t\t\t\t\t\tdata-text=\"s:60;l:22;a:inherit;\"\n\t\t\t\t\t\t\t\tdata-frame_1=\"sR:10;\"\n\t\t\t\t\t\t\t\tdata-frame_999=\"o:0;st:w;sR:1690;\"\n\t\t\t\t\t\t\t\tstyle=\"z-index:5;font-family:'Alex Brush';\"\n\t\t\t\t\t\t\t>Osanna!\n\n \n\t\t\t\t\t\t\t<\/rs-layer><!--\n-->\t\t\t\t\t\t<\/rs-slide>\n\t\t\t\t\t\t<rs-slide style=\"position: absolute;\" data-key=\"rs-40629\" data-title=\"Laetare\" data-thumb=\"\/\/www.pddm.org\/wp-content\/uploads\/2026\/03\/4_QUAR_A_2026-100x50.png\" data-link=\"\/\/www.pddm.org\/fr\/4-domenica-quar-a-2026\/\" data-tag=\"l\" data-target=\"_self\" data-seoz=\"front\" data-in=\"o:0;\" data-out=\"a:false;\">\n\t\t\t\t\t\t\t<img loading=\"lazy\" decoding=\"async\" src=\"\/\/www.pddm.org\/wp-content\/plugins\/revslider\/public\/assets\/assets\/dummy.png\" alt=\"\" title=\"4_QUAR_A_2026\" width=\"800\" height=\"600\" class=\"rev-slidebg tp-rs-img rs-lazyload\" data-lazyload=\"\/\/www.pddm.org\/wp-content\/uploads\/2026\/03\/4_QUAR_A_2026.png\" data-parallax=\"off\" data-no-retina>\n<!--\n\t\t\t\t\t\t\t--><rs-layer\n\t\t\t\t\t\t\t\tid=\"slider-12-slide-40629-layer-3\" \n\t\t\t\t\t\t\t\tclass=\"contorno\"\n\t\t\t\t\t\t\t\tdata-type=\"text\"\n\t\t\t\t\t\t\t\tdata-color=\"#ffffff\"\n\t\t\t\t\t\t\t\tdata-rsp_ch=\"on\"\n\t\t\t\t\t\t\t\tdata-xy=\"x:c;y:c;\"\n\t\t\t\t\t\t\t\tdata-text=\"s:60;l:22;a:inherit;\"\n\t\t\t\t\t\t\t\tdata-frame_1=\"sR:10;\"\n\t\t\t\t\t\t\t\tdata-frame_999=\"o:0;st:w;sR:1690;\"\n\t\t\t\t\t\t\t\tstyle=\"z-index:5;font-family:'Alex Brush';\"\n\t\t\t\t\t\t\t>Laetare\n\n \n\t\t\t\t\t\t\t<\/rs-layer><!--\n-->\t\t\t\t\t\t<\/rs-slide>\n\t\t\t\t\t\t<rs-slide style=\"position: absolute;\" data-key=\"rs-40695\" data-title=\"Seguendo Gesu&#8217;\" data-thumb=\"\/\/www.pddm.org\/wp-content\/uploads\/2026\/03\/10022026_mes_variecelebrazioni-_cp-100x50.png\" data-link=\"\/\/www.pddm.org\/fr\/mes_varie_10022026\/\" data-tag=\"l\" data-target=\"_self\" data-seoz=\"front\" data-in=\"o:0;\" data-out=\"a:false;\">\n\t\t\t\t\t\t\t<img loading=\"lazy\" decoding=\"async\" src=\"\/\/www.pddm.org\/wp-content\/plugins\/revslider\/public\/assets\/assets\/dummy.png\" alt=\"\" title=\"10022026_mes_variecelebrazioni _cp\" width=\"800\" height=\"600\" class=\"rev-slidebg tp-rs-img rs-lazyload\" data-lazyload=\"\/\/www.pddm.org\/wp-content\/uploads\/2026\/03\/10022026_mes_variecelebrazioni-_cp.png\" data-parallax=\"off\" data-no-retina>\n<!--\n\t\t\t\t\t\t\t--><rs-layer\n\t\t\t\t\t\t\t\tid=\"slider-12-slide-40695-layer-3\" \n\t\t\t\t\t\t\t\tclass=\"contorno\"\n\t\t\t\t\t\t\t\tdata-type=\"text\"\n\t\t\t\t\t\t\t\tdata-color=\"#ffffff\"\n\t\t\t\t\t\t\t\tdata-rsp_ch=\"on\"\n\t\t\t\t\t\t\t\tdata-xy=\"x:c;y:c;\"\n\t\t\t\t\t\t\t\tdata-text=\"s:60;l:22;a:inherit;\"\n\t\t\t\t\t\t\t\tdata-frame_1=\"sR:10;\"\n\t\t\t\t\t\t\t\tdata-frame_999=\"o:0;st:w;sR:1690;\"\n\t\t\t\t\t\t\t\tstyle=\"z-index:5;font-family:'Alex Brush';\"\n\t\t\t\t\t\t\t>Seguendo Gesu'\n\n \n\t\t\t\t\t\t\t<\/rs-layer><!--\n-->\t\t\t\t\t\t<\/rs-slide>\n\t\t\t\t\t\t<rs-slide style=\"position: absolute;\" data-key=\"rs-40598\" data-title=\"Aqua viva\" data-thumb=\"\/\/www.pddm.org\/wp-content\/uploads\/2026\/03\/3_QUAR_A_2026-100x50.png\" data-link=\"\/\/www.pddm.org\/fr\/3-domenica-quar-a-2026\/\" data-tag=\"l\" data-target=\"_self\" data-seoz=\"front\" data-in=\"o:0;\" data-out=\"a:false;\">\n\t\t\t\t\t\t\t<img loading=\"lazy\" decoding=\"async\" src=\"\/\/www.pddm.org\/wp-content\/plugins\/revslider\/public\/assets\/assets\/dummy.png\" alt=\"\" title=\"3_QUAR_A_2026\" width=\"800\" height=\"600\" class=\"rev-slidebg tp-rs-img rs-lazyload\" data-lazyload=\"\/\/www.pddm.org\/wp-content\/uploads\/2026\/03\/3_QUAR_A_2026.png\" data-parallax=\"off\" data-no-retina>\n<!--\n\t\t\t\t\t\t\t--><rs-layer\n\t\t\t\t\t\t\t\tid=\"slider-12-slide-40598-layer-3\" \n\t\t\t\t\t\t\t\tclass=\"contorno\"\n\t\t\t\t\t\t\t\tdata-type=\"text\"\n\t\t\t\t\t\t\t\tdata-color=\"#ffffff\"\n\t\t\t\t\t\t\t\tdata-rsp_ch=\"on\"\n\t\t\t\t\t\t\t\tdata-xy=\"x:c;y:c;\"\n\t\t\t\t\t\t\t\tdata-text=\"s:60;l:22;a:inherit;\"\n\t\t\t\t\t\t\t\tdata-frame_1=\"sR:10;\"\n\t\t\t\t\t\t\t\tdata-frame_999=\"o:0;st:w;sR:1690;\"\n\t\t\t\t\t\t\t\tstyle=\"z-index:5;font-family:'Alex Brush';\"\n\t\t\t\t\t\t\t>Aqua viva\n\n \n\t\t\t\t\t\t\t<\/rs-layer><!--\n-->\t\t\t\t\t\t<\/rs-slide>\n\t\t\t\t\t\t<rs-slide style=\"position: absolute;\" data-key=\"rs-40557\" data-title=\"Nuovi Cooperatori\" data-thumb=\"\/\/www.pddm.org\/wp-content\/uploads\/2026\/03\/10022026_con_coperatoripaolini_cp-100x50.png\" data-link=\"\/\/www.pddm.org\/fr\/con-cooperatorinuovi-10022026\/\" data-tag=\"l\" data-target=\"_self\" data-seoz=\"front\" data-in=\"o:0;\" data-out=\"a:false;\">\n\t\t\t\t\t\t\t<img loading=\"lazy\" decoding=\"async\" src=\"\/\/www.pddm.org\/wp-content\/plugins\/revslider\/public\/assets\/assets\/dummy.png\" alt=\"\" title=\"10022026_con_coperatoripaolini_cp\" width=\"800\" height=\"600\" class=\"rev-slidebg tp-rs-img rs-lazyload\" data-lazyload=\"\/\/www.pddm.org\/wp-content\/uploads\/2026\/03\/10022026_con_coperatoripaolini_cp.png\" data-parallax=\"off\" data-no-retina>\n<!--\n\t\t\t\t\t\t\t--><rs-layer\n\t\t\t\t\t\t\t\tid=\"slider-12-slide-40557-layer-3\" \n\t\t\t\t\t\t\t\tclass=\"contorno\"\n\t\t\t\t\t\t\t\tdata-type=\"text\"\n\t\t\t\t\t\t\t\tdata-color=\"#ffffff\"\n\t\t\t\t\t\t\t\tdata-rsp_ch=\"on\"\n\t\t\t\t\t\t\t\tdata-xy=\"x:c;y:c;\"\n\t\t\t\t\t\t\t\tdata-text=\"s:60;l:22;a:inherit;\"\n\t\t\t\t\t\t\t\tdata-frame_1=\"sR:10;\"\n\t\t\t\t\t\t\t\tdata-frame_999=\"o:0;st:w;sR:1690;\"\n\t\t\t\t\t\t\t\tstyle=\"z-index:5;font-family:'Alex Brush';\"\n\t\t\t\t\t\t\t>Nuovi Cooperatori\n\n \n\t\t\t\t\t\t\t<\/rs-layer><!--\n-->\t\t\t\t\t\t<\/rs-slide>\n\t\t\t\t\t<\/rs-slides>\n\t\t\t\t<\/rs-module>\n\t\t\t\t<script>\n\t\t\t\t\tsetREVStartSize({c: 'rev_slider_12_1',rl:[1240,1024,778,480],el:[600],gw:[600],gh:[600],type:'carousel',justify:'',layout:'fullwidth',mh:\"0\"});if (window.RS_MODULES!==undefined && window.RS_MODULES.modules!==undefined && window.RS_MODULES.modules[\"revslider121\"]!==undefined) {window.RS_MODULES.modules[\"revslider121\"].once = false;window.revapi12 = undefined;if (window.RS_MODULES.checkMinimal!==undefined) window.RS_MODULES.checkMinimal()}\n\t\t\t\t<\/script>\n\t\t\t<\/rs-module-wrap>\n\t\t\t<!-- END REVOLUTION SLIDER -->\n[\/vc_column_text][\/vc_column][\/vc_row][vc_row full_width=&#8221;stretch_row_content&#8221;][vc_column][vc_single_image image=&#8221;17070&#8243; img_size=&#8221;full&#8221; alignment=&#8221;center&#8221; onclick=&#8221;custom_link&#8221; img_link_target=&#8221;_blank&#8221; link=&#8221;http:\/\/www.pddm.org\/100anni&#8221; css=&#8221;.vc_custom_1668952929891{margin-top: 16px !important;margin-right: 0px !important;margin-bottom: 0px !important;margin-left: 0px !important;}&#8221;][\/vc_column][\/vc_row][vc_row full_width=&#8221;stretch_row_content&#8221; bg_type=&#8221;image&#8221; css=&#8221;.vc_custom_1518188152482{background-image: url(http:\/\/pddm.org\/wp-content\/uploads\/2018\/01\/Immagine2.png?id=1670) !important;background-position: center !important;background-repeat: no-repeat !important;background-size: cover !important;}&#8221;][vc_column][vc_empty_space height=&#8221;50px&#8221;][vc_column_text]<\/p>\n<h3 style=\"text-align: center;\">Notre mission dans l&#8217;\u00c9glise<\/h3>\n<h3 style=\"text-align: center;\">provient d&#8217;un seul amour et est dirig\u00e9 vers un seul but:<\/h3>\n<h3 style=\"text-align: center;\">Amour pour J\u00e9sus, vivant dans l&#8217;Eucharistie, dans le sacerdoce et dans la liturgie.<\/h3>\n<p>[\/vc_column_text][vc_empty_space height=&#8221;50px&#8221;]<div class=\"mpc-carousel__wrapper mpc-waypoint\"><div id=\"mpc_carousel_anything-8869d63ebcc87d6\" class=\"mpc-carousel-anything mpc-init \"  data-mpcslick='{\"infinite\":false,\"autoplay\":false,\"slidesToShow\":3,\"slidesToScroll\":3,\"centerMode\":false,\"initialSlide\":0}' data-slick-cols=\"3\"><div class=\"mpc-ribbon-wrap\"><div data-id=\"mpc_image-269d63ebcc8aa7\" onclick=\"\" class=\"mpc-image mpc-init \" ><a href=\"https:\/\/www.pddm.org\/chiesa-gesu-maestro-2\/?lang=fr\" target=\"\" title=\"\"  class=\"mpc-item mpc-transition\"><img loading=\"lazy\" decoding=\"async\" width=\"300\" height=\"225\" src=\"https:\/\/www.pddm.org\/wp-content\/uploads\/2017\/12\/2-300x225.jpg\" class=\"mpc-transition attachment-medium\" alt=\"\" title=\"2\" srcset=\"https:\/\/www.pddm.org\/wp-content\/uploads\/2017\/12\/2-300x225.jpg 300w, https:\/\/www.pddm.org\/wp-content\/uploads\/2017\/12\/2-195x146.jpg 195w, https:\/\/www.pddm.org\/wp-content\/uploads\/2017\/12\/2-50x38.jpg 50w, https:\/\/www.pddm.org\/wp-content\/uploads\/2017\/12\/2-100x75.jpg 100w, https:\/\/www.pddm.org\/wp-content\/uploads\/2017\/12\/2.jpg 640w\" sizes=\"auto, (max-width: 300px) 100vw, 300px\" \/><\/a><\/div><div id=\"mpc_ribbon-7069d63ebcc8ac3\" class=\"mpc-ribbon mpc-init mpc-alignment--bottom-left mpc-style--fullwidth \"><div class=\"mpc-ribbon__content\">Avec l'art<\/div><\/div><\/div><div class=\"mpc-ribbon-wrap\"><div data-id=\"mpc_image-4869d63ebcc8dfe\" onclick=\"\" class=\"mpc-image mpc-init \" ><a href=\"https:\/\/www.pddm.org\/chiesa-gesu-maestro-2-2\/?lang=fr\" target=\"\" title=\"\"  class=\"mpc-item mpc-transition\"><img loading=\"lazy\" decoding=\"async\" width=\"300\" height=\"225\" src=\"https:\/\/www.pddm.org\/wp-content\/uploads\/2017\/12\/1-1-300x225.jpg\" class=\"mpc-transition attachment-medium\" alt=\"\" title=\"1\" srcset=\"https:\/\/www.pddm.org\/wp-content\/uploads\/2017\/12\/1-1-300x225.jpg 300w, https:\/\/www.pddm.org\/wp-content\/uploads\/2017\/12\/1-1-195x146.jpg 195w, https:\/\/www.pddm.org\/wp-content\/uploads\/2017\/12\/1-1-50x38.jpg 50w, https:\/\/www.pddm.org\/wp-content\/uploads\/2017\/12\/1-1-100x75.jpg 100w, https:\/\/www.pddm.org\/wp-content\/uploads\/2017\/12\/1-1.jpg 640w\" sizes=\"auto, (max-width: 300px) 100vw, 300px\" \/><\/a><\/div><div id=\"mpc_ribbon-4669d63ebcc8e13\" class=\"mpc-ribbon mpc-init mpc-alignment--bottom-left mpc-style--fullwidth \"><div class=\"mpc-ribbon__content\">Comme Marie<\/div><\/div><\/div><div class=\"mpc-ribbon-wrap\"><div data-id=\"mpc_image-7869d63ebcc9064\" onclick=\"\" class=\"mpc-image mpc-init \" ><a href=\"https:\/\/www.pddm.org\/chiesa-gesu-maestro-2-2-2\/?lang=fr\" target=\"\" title=\"\"  class=\"mpc-item mpc-transition\"><img loading=\"lazy\" decoding=\"async\" width=\"300\" height=\"225\" src=\"https:\/\/www.pddm.org\/wp-content\/uploads\/2017\/12\/6-300x225.jpg\" class=\"mpc-transition attachment-medium\" alt=\"\" title=\"6\" srcset=\"https:\/\/www.pddm.org\/wp-content\/uploads\/2017\/12\/6-300x225.jpg 300w, https:\/\/www.pddm.org\/wp-content\/uploads\/2017\/12\/6-195x146.jpg 195w, https:\/\/www.pddm.org\/wp-content\/uploads\/2017\/12\/6-50x38.jpg 50w, https:\/\/www.pddm.org\/wp-content\/uploads\/2017\/12\/6-100x75.jpg 100w, https:\/\/www.pddm.org\/wp-content\/uploads\/2017\/12\/6.jpg 640w\" sizes=\"auto, (max-width: 300px) 100vw, 300px\" \/><\/a><\/div><div id=\"mpc_ribbon-1169d63ebcc9078\" class=\"mpc-ribbon mpc-init mpc-alignment--bottom-left mpc-style--fullwidth \"><div class=\"mpc-ribbon__content\">Formation<\/div><\/div><\/div><\/div><div class=\"mpc-navigation mpc-init mpc-align--left mpc-navigation--style_1  mpc-nav-preset--\" data-mpcslider=\"mpc_carousel_anything-8869d63ebcc87d6\"><div class=\"mpc-nav__arrow mpcslick-prev\"><div class=\"mpc-nav__icon mpc-transition\"><i class=\"\"><div class=\"mpc-nav__background mpc-transition mpc-effect-type--fade mpc-effect-side--in\"><\/div><\/i><\/div><\/div><div class=\"mpc-nav__arrow mpcslick-next\"><div class=\"mpc-nav__icon mpc-transition\"><i class=\"\"><div class=\"mpc-nav__background mpc-transition mpc-effect-type--fade mpc-effect-side--in\"><\/div><\/i><\/div><\/div><\/div><\/div>[\/vc_column][\/vc_row][vc_row][vc_column][vc_empty_space height=&#8221;60px&#8221;][\/vc_column][\/vc_row][vc_row][vc_column][vc_row_inner][vc_column_inner width=&#8221;1\/3&#8243;][vc_single_image image=&#8221;11479&#8243; img_size=&#8221;full&#8221; style=&#8221;vc_box_shadow_3d&#8221; onclick=&#8221;custom_link&#8221; img_link_target=&#8221;_blank&#8221; css_animation=&#8221;appear&#8221; link=&#8221;https:\/\/www.pddm.org\/anno-biblico-fp-2020-2021\/?lang=fr&#8221;][vc_column_text]Ann\u00e9e Biblique de Famille Paulinienne[\/vc_column_text][\/vc_column_inner][vc_column_inner width=&#8221;1\/3&#8243;][vc_single_image image=&#8221;12178&#8243; img_size=&#8221;full&#8221; style=&#8221;vc_box_shadow_3d&#8221; onclick=&#8221;custom_link&#8221; img_link_target=&#8221;_blank&#8221; css_animation=&#8221;appear&#8221; link=&#8221;http:\/\/www.alberione.org\/?lang=fr&#8221;][vc_column_text]Site de la Famille paulinienne[\/vc_column_text][\/vc_column_inner][vc_column_inner width=&#8221;1\/3&#8243;][vc_single_image image=&#8221;922&#8243; img_size=&#8221;full&#8221; style=&#8221;vc_box_shadow_3d&#8221; onclick=&#8221;custom_link&#8221; img_link_target=&#8221;_blank&#8221; css_animation=&#8221;appear&#8221; link=&#8221;http:\/\/testimoni.famigliapaolina.net\/&#8221;][vc_column_text]T\u00e9moins de la saintet\u00e9 paulinienne[\/vc_column_text][\/vc_column_inner][\/vc_row_inner][vc_row_inner][vc_column_inner width=&#8221;1\/3&#8243;][vc_single_image image=&#8221;19832&#8243; img_size=&#8221;full&#8221; style=&#8221;vc_box_shadow_3d&#8221; onclick=&#8221;custom_link&#8221; img_link_target=&#8221;_blank&#8221; css_animation=&#8221;appear&#8221; link=&#8221;https:\/\/www.pddm.org\/10-capitolo-generale\/?lang=fr&#8221;][vc_column_text]Site du 10\u00e8me Chapitre G\u00e9n\u00e9ral[\/vc_column_text][\/vc_column_inner][vc_column_inner width=&#8221;1\/3&#8243;][vc_single_image image=&#8221;17040&#8243; img_size=&#8221;full&#8221; style=&#8221;vc_box_shadow_3d&#8221; onclick=&#8221;custom_link&#8221; img_link_target=&#8221;_blank&#8221; css_animation=&#8221;appear&#8221; link=&#8221;https:\/\/www.pddm.org\/consiglio-di-istituto-2021\/?lang=fr&#8221;][vc_column_text]Centenaire de la Fondation[\/vc_column_text][\/vc_column_inner][vc_column_inner width=&#8221;1\/3&#8243;][vc_single_image image=&#8221;7891&#8243; img_size=&#8221;full&#8221; style=&#8221;vc_box_shadow_3d&#8221; onclick=&#8221;custom_link&#8221; img_link_target=&#8221;_blank&#8221; css_animation=&#8221;appear&#8221; link=&#8221;https:\/\/www.pddm.org\/jpic&#8221;][vc_column_text]Justice, Paix et Int\u00e9grit\u00e9 de la Cr\u00e9ation[\/vc_column_text][\/vc_column_inner][\/vc_row_inner][\/vc_column][\/vc_row][vc_row][vc_column][vc_empty_space][\/vc_column][\/vc_row][vc_row full_width=&#8221;stretch_row&#8221; bg_type=&#8221;grad&#8221; css=&#8221;.vc_custom_1517828903894{background-image: url(http:\/\/pddm.org\/wp-content\/uploads\/2018\/01\/Immagine3.png?id=1671) !important;background-position: center !important;background-repeat: no-repeat !important;background-size: cover !important;}&#8221; bg_grad=&#8221;background: -webkit-gradient(linear, left top, left bottom, color-stop(0%, #E3E3E3), color-stop(54%, #9ECFFF));background: -moz-linear-gradient(top,#E3E3E3 0%,#9ECFFF 54%);background: -webkit-linear-gradient(top,#E3E3E3 0%,#9ECFFF 54%);background: -o-linear-gradient(top,#E3E3E3 0%,#9ECFFF 54%);background: -ms-linear-gradient(top,#E3E3E3 0%,#9ECFFF 54%);background: linear-gradient(top,#E3E3E3 0%,#9ECFFF 54%);&#8221;][vc_column width=&#8221;1\/2&#8243;][vc_empty_space height=&#8221;20px&#8221;][vc_column_text]<iframe loading=\"lazy\" src=\"https:\/\/www.youtube.com\/embed\/9dMILAeb0R0\" width=\"560\" height=\"315\" frameborder=\"0\" allowfullscreen=\"allowfullscreen\"><\/iframe>[\/vc_column_text][\/vc_column][vc_column width=&#8221;1\/2&#8243;][vc_custom_heading text=&#8221;Dans la maison du P\u00e8re&#8221; font_container=&#8221;tag:h2|font_size:45px|text_align:left|color:%232a516e|line_height:1.5&#8243; google_fonts=&#8221;font_family:Alex%20Brush%3Aregular|font_style:400%20regular%3A400%3Anormal&#8221; css_animation=&#8221;fadeIn&#8221; el_class=&#8221;addMarginLeft&#8221; link=&#8221;url:https%3A%2F%2Fwww.pddm.org%2Ffr%2Farchivio-necrologi%2F|||&#8221;][vc_column_text el_class=&#8221;addMarginLeft&#8221;]<div id=\"contenitore-latest-necrologi\"><div class=\"wrapper-single-necrologio\"><div class=\"c-image\"><a class=\"c-pdf\" target=\"_blank\" href=\"https:\/\/www.pddm.org\/wp-content\/uploads\/2026\/03\/06-Sr.-M.-Escolastica-Franco.pdf\"><img decoding=\"async\" src=\"https:\/\/www.pddm.org\/wp-content\/uploads\/2026\/03\/Franco-Escolastica.jpg\"><\/a><\/div><div class=\"fl_textz\"><div class=\"c-nome\">Sr. M. Escolastica Franco<\/div><div class=\"c-info\">25.12.1936 - 19.03.2026<\/div><\/div><\/div><div class=\"wrapper-single-necrologio\"><div class=\"c-image\"><a class=\"c-pdf\" target=\"_blank\" href=\"https:\/\/www.pddm.org\/wp-content\/uploads\/2026\/03\/05-Sr.-M.-Lilia-Kondo-FR.pdf\"><img decoding=\"async\" src=\"https:\/\/www.pddm.org\/wp-content\/uploads\/2026\/03\/Kondo-Lilia.jpg\"><\/a><\/div><div class=\"fl_textz\"><div class=\"c-nome\">Sr. M. Lilia Kondo<\/div><div class=\"c-info\">04.01.1934 - 14.03.2026<\/div><\/div><\/div><\/div>[\/vc_column_text][\/vc_column][\/vc_row][vc_row][vc_column][vc_empty_space][vc_custom_heading text=&#8221;Suivez-nous sur&#8221; font_container=&#8221;tag:h2|font_size:90px|text_align:center|color:%232a516e&#8221; google_fonts=&#8221;font_family:Alex%20Brush%3Aregular|font_style:400%20regular%3A400%3Anormal&#8221; css_animation=&#8221;fadeIn&#8221;][vc_empty_space][vc_column_text]<\/p>\n<h1 style=\"text-align: center;\">\u00a0<a href=\"https:\/\/www.facebook.com\/piediscepole\/?hc_ref=ARQD6LG4H_-UfnHKXM9s0hdl7AwrLJlchZcPPB7n_oo0loDNt1a3FbMKWW7W8kMkRsc&amp;fref=nf\"><img loading=\"lazy\" decoding=\"async\" class=\"alignnone size-full wp-image-279\" src=\"http:\/\/pddm.org\/wp-content\/uploads\/2017\/12\/facebook-2.png\" alt=\"\" width=\"64\" height=\"64\" srcset=\"https:\/\/www.pddm.org\/wp-content\/uploads\/2017\/12\/facebook-2.png 64w, https:\/\/www.pddm.org\/wp-content\/uploads\/2017\/12\/facebook-2-50x50.png 50w\" sizes=\"auto, (max-width: 64px) 100vw, 64px\" \/><\/a><span style=\"font-size: 16px;\"><a href=\"https:\/\/www.youtube.com\/user\/discepolapddm\"><img loading=\"lazy\" decoding=\"async\" class=\"alignnone size-full wp-image-280\" src=\"http:\/\/pddm.org\/wp-content\/uploads\/2017\/12\/youtube-logo.png\" alt=\"\" width=\"64\" height=\"64\" srcset=\"https:\/\/www.pddm.org\/wp-content\/uploads\/2017\/12\/youtube-logo.png 64w, https:\/\/www.pddm.org\/wp-content\/uploads\/2017\/12\/youtube-logo-50x50.png 50w\" sizes=\"auto, (max-width: 64px) 100vw, 64px\" \/><\/a><\/span><\/h1>\n<p>[\/vc_column_text][\/vc_column][\/vc_row]<\/p>\n<\/div>","protected":false},"excerpt":{"rendered":"<p>[vc_row full_width=&#8221;stretch_row_content_no_spaces&#8221;][vc_column][vc_column_text el_class=&#8221;nomargin&#8221;][\/vc_column_text][\/vc_column][\/vc_row][vc_row full_width=&#8221;stretch_row_content&#8221;][vc_column][vc_single_image image=&#8221;17070&#8243; img_size=&#8221;full&#8221; alignment=&#8221;center&#8221; onclick=&#8221;custom_link&#8221; img_link_target=&#8221;_blank&#8221; link=&#8221;http:\/\/www.pddm.org\/100anni&#8221; css=&#8221;.vc_custom_1668952929891{margin-top: 16px !important;margin-right: 0px !important;margin-bottom: 0px !important;margin-left: 0px !important;}&#8221;][\/vc_column][\/vc_row][vc_row full_width=&#8221;stretch_row_content&#8221; bg_type=&#8221;image&#8221; css=&#8221;.vc_custom_1518188152482{background-image: url(http:\/\/pddm.org\/wp-content\/uploads\/2018\/01\/Immagine2.png?id=1670) !important;background-position: center !important;background-repeat:<\/p>\n","protected":false},"author":1,"featured_media":0,"parent":0,"menu_order":0,"comment_status":"closed","ping_status":"closed","template":"","meta":{"footnotes":""},"class_list":["post-2779","page","type-page","status-publish","hentry"],"_links":{"self":[{"href":"https:\/\/www.pddm.org\/fr\/wp-json\/wp\/v2\/pages\/2779","targetHints":{"allow":["GET"]}}],"collection":[{"href":"https:\/\/www.pddm.org\/fr\/wp-json\/wp\/v2\/pages"}],"about":[{"href":"https:\/\/www.pddm.org\/fr\/wp-json\/wp\/v2\/types\/page"}],"author":[{"embeddable":true,"href":"https:\/\/www.pddm.org\/fr\/wp-json\/wp\/v2\/users\/1"}],"replies":[{"embeddable":true,"href":"https:\/\/www.pddm.org\/fr\/wp-json\/wp\/v2\/comments?post=2779"}],"version-history":[{"count":0,"href":"https:\/\/www.pddm.org\/fr\/wp-json\/wp\/v2\/pages\/2779\/revisions"}],"wp:attachment":[{"href":"https:\/\/www.pddm.org\/fr\/wp-json\/wp\/v2\/media?parent=2779"}],"curies":[{"name":"wp","href":"https:\/\/api.w.org\/{rel}","templated":true}]}}