{"id":2803,"date":"2018-02-09T15:38:49","date_gmt":"2018-02-09T14:38:49","guid":{"rendered":"https:\/\/www.pddm.org\/chiesa-gesu-maestro-2-2\/"},"modified":"2018-02-22T10:51:26","modified_gmt":"2018-02-22T09:51:26","slug":"chiesa-gesu-maestro-2-2","status":"publish","type":"page","link":"https:\/\/www.pddm.org\/fr\/chiesa-gesu-maestro-2-2\/","title":{"rendered":"Comme Marie"},"content":{"rendered":"<div class=\"wpb-content-wrapper\"><p>[vc_row full_width=&#8221;stretch_row_content_no_spaces&#8221;][vc_column][vc_empty_space height=&#8221;80px&#8221;][\/vc_column][\/vc_row][vc_row][vc_column][vc_custom_heading source=&#8221;post_title&#8221; font_container=&#8221;tag:h2|font_size:90|text_align:center|color:%232a516e&#8221; google_fonts=&#8221;font_family:Alex%20Brush%3Aregular|font_style:400%20regular%3A400%3Anormal&#8221; css_animation=&#8221;none&#8221;][\/vc_column][\/vc_row][vc_row][vc_column][vc_empty_space][\/vc_column][\/vc_row][vc_row][vc_column width=&#8221;1\/2&#8243;][vc_column_text]<\/p>\n<div style=\"width: 1200px;\" class=\"wp-video\"><!--[if lt IE 9]><script>document.createElement('video');<\/script><![endif]-->\n<video class=\"wp-video-shortcode\" id=\"video-2803-1\" width=\"1200\" height=\"675\" preload=\"metadata\" controls=\"controls\"><source type=\"video\/mp4\" src=\"http:\/\/pddm.org\/wp-content\/uploads\/2018\/02\/ministero-di-preghiera-ul.mp4?_=1\" \/><a href=\"http:\/\/pddm.org\/wp-content\/uploads\/2018\/02\/ministero-di-preghiera-ul.mp4\">http:\/\/pddm.org\/wp-content\/uploads\/2018\/02\/ministero-di-preghiera-ul.mp4<\/a><\/video><\/div>\n<p>[\/vc_column_text][\/vc_column][vc_column width=&#8221;1\/2&#8243;][vc_column_text]Nous assumons le minist\u00e8re de la pri\u00e8re incessante qui s\u2019\u00e9tend dans l\u2019adoration perp\u00e9tuelle. Nous interc\u00e9dons pour les n\u00e9cessit\u00e9s de l\u2019\u00c9glise, des peuples et de la Famille paulinienne. Nous demandons la gr\u00e2ce pour le monde de la communication afin que la bonne nouvelle,<br \/>\nqui est J\u00e9sus Christ, parvienne \u00e0 toutes les nations.[\/vc_column_text][\/vc_column][\/vc_row][vc_row][vc_column][vc_empty_space][\/vc_column][\/vc_row][vc_row][vc_column width=&#8221;1\/2&#8243;][vc_column_text]Dans l&#8217;esprit de Marie nous accompagnons les vocations au presbyt\u00e9rat et nous coop\u00e9rons \u00e0 leur formation.<\/p>\n<p>Nous avons soin des pr\u00eatres et des consacr\u00e9s, en particulier de ceux qui vivent en situation de pauvret\u00e9, de maladie et de vieillesse et nous offrons des pri\u00e8res apr\u00e8s leur mort.[\/vc_column_text][\/vc_column][vc_column width=&#8221;1\/2&#8243;][vc_column_text]<\/p>\n<div style=\"width: 1200px;\" class=\"wp-video\"><video class=\"wp-video-shortcode\" id=\"video-2803-2\" width=\"1200\" height=\"675\" preload=\"metadata\" controls=\"controls\"><source type=\"video\/mp4\" src=\"http:\/\/pddm.org\/wp-content\/uploads\/2018\/02\/Assistenza-ai-sacerdoti-anziani.mp4?_=2\" \/><a href=\"http:\/\/pddm.org\/wp-content\/uploads\/2018\/02\/Assistenza-ai-sacerdoti-anziani.mp4\">http:\/\/pddm.org\/wp-content\/uploads\/2018\/02\/Assistenza-ai-sacerdoti-anziani.mp4<\/a><\/video><\/div>\n<p>[\/vc_column_text][\/vc_column][\/vc_row]<\/p>\n<\/div>","protected":false},"excerpt":{"rendered":"<p>[vc_row full_width=&#8221;stretch_row_content_no_spaces&#8221;][vc_column][vc_empty_space height=&#8221;80px&#8221;][\/vc_column][\/vc_row][vc_row][vc_column][vc_custom_heading source=&#8221;post_title&#8221; font_container=&#8221;tag:h2|font_size:90|text_align:center|color:%232a516e&#8221; google_fonts=&#8221;font_family:Alex%20Brush%3Aregular|font_style:400%20regular%3A400%3Anormal&#8221; css_animation=&#8221;none&#8221;][\/vc_column][\/vc_row][vc_row][vc_column][vc_empty_space][\/vc_column][\/vc_row][vc_row][vc_column width=&#8221;1\/2&#8243;][vc_column_text] [\/vc_column_text][\/vc_column][vc_column width=&#8221;1\/2&#8243;][vc_column_text]Nous assumons le minist\u00e8re de la pri\u00e8re incessante qui s\u2019\u00e9tend dans l\u2019adoration perp\u00e9tuelle. Nous interc\u00e9dons pour les<\/p>\n","protected":false},"author":1,"featured_media":0,"parent":0,"menu_order":0,"comment_status":"closed","ping_status":"closed","template":"","meta":{"footnotes":""},"class_list":["post-2803","page","type-page","status-publish","hentry"],"_links":{"self":[{"href":"https:\/\/www.pddm.org\/fr\/wp-json\/wp\/v2\/pages\/2803","targetHints":{"allow":["GET"]}}],"collection":[{"href":"https:\/\/www.pddm.org\/fr\/wp-json\/wp\/v2\/pages"}],"about":[{"href":"https:\/\/www.pddm.org\/fr\/wp-json\/wp\/v2\/types\/page"}],"author":[{"embeddable":true,"href":"https:\/\/www.pddm.org\/fr\/wp-json\/wp\/v2\/users\/1"}],"replies":[{"embeddable":true,"href":"https:\/\/www.pddm.org\/fr\/wp-json\/wp\/v2\/comments?post=2803"}],"version-history":[{"count":0,"href":"https:\/\/www.pddm.org\/fr\/wp-json\/wp\/v2\/pages\/2803\/revisions"}],"wp:attachment":[{"href":"https:\/\/www.pddm.org\/fr\/wp-json\/wp\/v2\/media?parent=2803"}],"curies":[{"name":"wp","href":"https:\/\/api.w.org\/{rel}","templated":true}]}}