{"id":2855,"date":"2017-12-18T16:18:58","date_gmt":"2017-12-18T15:18:58","guid":{"rendered":"https:\/\/www.pddm.org\/centro-olistico-asirbhavan\/"},"modified":"2018-02-22T23:02:12","modified_gmt":"2018-02-22T22:02:12","slug":"centro-olistico-asirbhavan","status":"publish","type":"page","link":"https:\/\/www.pddm.org\/fr\/centro-olistico-asirbhavan\/","title":{"rendered":"Centre Holistique Asirbhavan"},"content":{"rendered":"<div class=\"wpb-content-wrapper\"><p>[vc_row full_width=&#8221;stretch_row_content_no_spaces&#8221;][vc_column][vc_empty_space height=&#8221;80px&#8221;][\/vc_column][\/vc_row][vc_row][vc_column][vc_custom_heading text=&#8221;Centro Olistico Asirbhavan&#8221; font_container=&#8221;tag:h2|font_size:90|text_align:center|color:%232a516e&#8221; google_fonts=&#8221;font_family:Alex%20Brush%3Aregular|font_style:400%20regular%3A400%3Anormal&#8221; css_animation=&#8221;none&#8221;][\/vc_column][\/vc_row][vc_row][vc_column][vc_empty_space height=&#8221;15px&#8221;][vc_column_text]<em>Le Centre Holistique Asirbhavan <\/em>de Bannargatta (Inde) est un lieu pour des retraites, s\u00e9minaires, rencontres et repos personnel, dans le silence, la pri\u00e8re et le contact avec la nature. Il offre aussi l\u2019assistance sanitaire avec la th\u00e9rapie alternative: m\u00e9decines \u00e0 base d\u2019herbes et traitement <em>digitopressione (acupressure).<\/em><\/p>\n<p>La maison dispose de chambres simples et doubles pour 15 personnes.<\/p>\n<p>&nbsp;<\/p>\n<p>Bannargatta se trouve dans l\u2019\u00c9tat de Karnataka, \u00e0 environ 35 km de la ville de Bangalore, c\u2019est un bel endroit de v\u00e9g\u00e9tation luxuriante.<\/p>\n<p>&nbsp;<\/p>\n<p>&nbsp;<\/p>\n<p>SISTER DISCIPLES OF THE DIVINE MASTER<\/p>\n<p>Sulender Dodi, Bannarghatta P.O.<\/p>\n<ol>\n<li>B. No 8307,<\/li>\n<\/ol>\n<p>BANGALORE \u2013 560\u00a0083 (Karnataka) INDE<\/p>\n<p>Cellulaire: (91) 09342595514; 09480606024<\/p>\n<p>Email: <a href=\"mailto:pddm@airtelmail.in\">pddm@airtelmail.in<\/a><\/p>\n<p>&nbsp;<\/p>\n<p>Vous trouverez d\u2019autres informations sur la page web:<\/p>\n<p><a href=\"http:\/\/pddmindia.org\/ministries\/holistic-health-care-2\/\">http:\/\/pddmindia.org\/ministries\/holistic-health-care-2\/<\/a>[\/vc_column_text][\/vc_column][\/vc_row][vc_row][vc_column][vc_empty_space][\/vc_column][\/vc_row][vc_row][vc_column][vc_single_image image=&#8221;174&#8243; img_size=&#8221;full&#8221; alignment=&#8221;center&#8221; style=&#8221;vc_box_outline&#8221; border_color=&#8221;blue&#8221;][\/vc_column][\/vc_row]<\/p>\n<\/div>","protected":false},"excerpt":{"rendered":"<p>[vc_row full_width=&#8221;stretch_row_content_no_spaces&#8221;][vc_column][vc_empty_space height=&#8221;80px&#8221;][\/vc_column][\/vc_row][vc_row][vc_column][vc_custom_heading text=&#8221;Centro Olistico Asirbhavan&#8221; font_container=&#8221;tag:h2|font_size:90|text_align:center|color:%232a516e&#8221; google_fonts=&#8221;font_family:Alex%20Brush%3Aregular|font_style:400%20regular%3A400%3Anormal&#8221; css_animation=&#8221;none&#8221;][\/vc_column][\/vc_row][vc_row][vc_column][vc_empty_space height=&#8221;15px&#8221;][vc_column_text]Le Centre Holistique Asirbhavan de Bannargatta (Inde) est un lieu pour des retraites, s\u00e9minaires, rencontres et repos<\/p>\n","protected":false},"author":1,"featured_media":0,"parent":0,"menu_order":0,"comment_status":"closed","ping_status":"closed","template":"","meta":{"footnotes":""},"class_list":["post-2855","page","type-page","status-publish","hentry"],"_links":{"self":[{"href":"https:\/\/www.pddm.org\/fr\/wp-json\/wp\/v2\/pages\/2855","targetHints":{"allow":["GET"]}}],"collection":[{"href":"https:\/\/www.pddm.org\/fr\/wp-json\/wp\/v2\/pages"}],"about":[{"href":"https:\/\/www.pddm.org\/fr\/wp-json\/wp\/v2\/types\/page"}],"author":[{"embeddable":true,"href":"https:\/\/www.pddm.org\/fr\/wp-json\/wp\/v2\/users\/1"}],"replies":[{"embeddable":true,"href":"https:\/\/www.pddm.org\/fr\/wp-json\/wp\/v2\/comments?post=2855"}],"version-history":[{"count":0,"href":"https:\/\/www.pddm.org\/fr\/wp-json\/wp\/v2\/pages\/2855\/revisions"}],"wp:attachment":[{"href":"https:\/\/www.pddm.org\/fr\/wp-json\/wp\/v2\/media?parent=2855"}],"curies":[{"name":"wp","href":"https:\/\/api.w.org\/{rel}","templated":true}]}}