{"id":2858,"date":"2017-12-18T16:34:20","date_gmt":"2017-12-18T15:34:20","guid":{"rendered":"https:\/\/www.pddm.org\/programma-kairos-per-le-consacrate\/"},"modified":"2018-02-22T23:08:21","modified_gmt":"2018-02-22T22:08:21","slug":"programma-kairos-per-le-consacrate","status":"publish","type":"page","link":"https:\/\/www.pddm.org\/fr\/programma-kairos-per-le-consacrate\/","title":{"rendered":"Programme KAIROS"},"content":{"rendered":"<div class=\"wpb-content-wrapper\"><p>[vc_row full_width=&#8221;stretch_row_content_no_spaces&#8221;][vc_column][vc_empty_space height=&#8221;80px&#8221;][\/vc_column][\/vc_row][vc_row][vc_column][vc_custom_heading text=&#8221;Programma Kairos&#8221; font_container=&#8221;tag:h2|font_size:90|text_align:center|color:%232a516e&#8221; google_fonts=&#8221;font_family:Alex%20Brush%3Aregular|font_style:400%20regular%3A400%3Anormal&#8221; css_animation=&#8221;none&#8221;][\/vc_column][\/vc_row][vc_row][vc_column][vc_empty_space height=&#8221;15px&#8221;][vc_column_text]<strong><em>\u201cKair<\/em><\/strong><strong><em>\u00f3<\/em><\/strong><strong><em>s\u201d, temps de gr\u00e2ces \u2013 temps de Dieu<\/em><\/strong><\/p>\n<p>Les S\u0153urs Disciples du Divin Ma\u00eetre de la Province mexicaine offrent le programme \u201cKAIR\u00d3S\u201d aux consacr\u00e9es, dans le but de r\u00e9pondre aux exigences de la vie religieuse f\u00e9minine aujourd\u2019hui.\u00a0 C\u2019est un lieu indiqu\u00e9 pour r\u00e9cup\u00e9rer la vitalit\u00e9 et pour le renouvellement int\u00e9rieur comme partie de la formation int\u00e9grale afin que \u201ctous puissent avoir la vie et l\u2019avoir en abondance\u201d (Jn 10,10).<\/p>\n<p>\u201cKAIR\u00d3S\u201d ouvre ses espaces chaque jour de l\u2019ann\u00e9e, pour recevoir les femmes consacr\u00e9es qui veulent se r\u00e9concilier avec leur histoire et red\u00e9couvrir la joie de la vie.<\/p>\n<p>Le programme se d\u00e9ploie dans une ambiance de pri\u00e8re et \u00e0 la recherche de la volont\u00e9 de Dieu. Les lieux et les processus favorisent la connaissance personnelle \u00e0 travers des th\u00e9rapies individuelles et de groupe. Cours, <em>ateliers<\/em> et conf\u00e9rences promeuvent la capacit\u00e9 de prise de conscience et d\u2019int\u00e9riorisation de sa propre vie et vocation.<\/p>\n<p>Les s\u0153urs participent aux c\u00e9l\u00e9brations liturgiques, elles ont du temps pour leur pri\u00e8re personnelle et pour l\u2019accompagnement spirituel, pour renforcer leur exp\u00e9rience de Dieu. Elles jouissent de moments de partage et de cr\u00e9ativit\u00e9 qui leur permettent de raffermir les liens de fraternit\u00e9, d\u2019amiti\u00e9, de confiance et de respect r\u00e9ciproque.<\/p>\n<p>C\u2019est un programme th\u00e9rapeutique accompagn\u00e9 par une \u00e9quipe interdisciplinaire. Toutes les femmes consacr\u00e9es qui sentent cette n\u00e9cessit\u00e9 et qui acceptent de recevoir du soutien int\u00e9gral: physique, psychologique et spirituel, peuvent y participer.<\/p>\n<p>Pour participer, la demande de la sup\u00e9rieure de la s\u0153ur int\u00e9ress\u00e9e, adress\u00e9e au Directeur du programme est n\u00e9cessaire. Les Vierges consacr\u00e9es peuvent le faire sur demande de leur \u00c9v\u00eaque.<\/p>\n<p>Ce processus exige au moins un temps r\u00e9sidentiel de trois mois.<\/p>\n<p>&nbsp;<\/p>\n<p>CONTACTS:<\/p>\n<p>Calle Alba No. 1915<\/p>\n<p>Col. San Pedrito, Tlaquepaque, Jal.<\/p>\n<p>T\u00e9l. (0133) 36.00.15.22<\/p>\n<p>Fax (0133) 36.00.16.14<\/p>\n<p>Email: <a href=\"mailto:kairosdireccion@prodigy.net.mx\">kairosdireccion@prodigy.net.mx<\/a>[\/vc_column_text][\/vc_column][\/vc_row][vc_row][vc_column][vc_single_image image=&#8221;180&#8243; img_size=&#8221;full&#8221; alignment=&#8221;center&#8221; style=&#8221;vc_box_outline&#8221; border_color=&#8221;blue&#8221;][\/vc_column][\/vc_row]<\/p>\n<\/div>","protected":false},"excerpt":{"rendered":"<p>[vc_row full_width=&#8221;stretch_row_content_no_spaces&#8221;][vc_column][vc_empty_space height=&#8221;80px&#8221;][\/vc_column][\/vc_row][vc_row][vc_column][vc_custom_heading text=&#8221;Programma Kairos&#8221; font_container=&#8221;tag:h2|font_size:90|text_align:center|color:%232a516e&#8221; google_fonts=&#8221;font_family:Alex%20Brush%3Aregular|font_style:400%20regular%3A400%3Anormal&#8221; css_animation=&#8221;none&#8221;][\/vc_column][\/vc_row][vc_row][vc_column][vc_empty_space height=&#8221;15px&#8221;][vc_column_text]\u201cKair\u00f3s\u201d, temps de gr\u00e2ces \u2013 temps de Dieu Les S\u0153urs Disciples du Divin Ma\u00eetre de la Province mexicaine<\/p>\n","protected":false},"author":1,"featured_media":0,"parent":0,"menu_order":0,"comment_status":"closed","ping_status":"closed","template":"","meta":{"footnotes":""},"class_list":["post-2858","page","type-page","status-publish","hentry"],"_links":{"self":[{"href":"https:\/\/www.pddm.org\/fr\/wp-json\/wp\/v2\/pages\/2858","targetHints":{"allow":["GET"]}}],"collection":[{"href":"https:\/\/www.pddm.org\/fr\/wp-json\/wp\/v2\/pages"}],"about":[{"href":"https:\/\/www.pddm.org\/fr\/wp-json\/wp\/v2\/types\/page"}],"author":[{"embeddable":true,"href":"https:\/\/www.pddm.org\/fr\/wp-json\/wp\/v2\/users\/1"}],"replies":[{"embeddable":true,"href":"https:\/\/www.pddm.org\/fr\/wp-json\/wp\/v2\/comments?post=2858"}],"version-history":[{"count":0,"href":"https:\/\/www.pddm.org\/fr\/wp-json\/wp\/v2\/pages\/2858\/revisions"}],"wp:attachment":[{"href":"https:\/\/www.pddm.org\/fr\/wp-json\/wp\/v2\/media?parent=2858"}],"curies":[{"name":"wp","href":"https:\/\/api.w.org\/{rel}","templated":true}]}}