{"id":2864,"date":"2017-12-18T16:03:15","date_gmt":"2017-12-18T15:03:15","guid":{"rendered":"https:\/\/www.pddm.org\/madre-scolastica-venerabile\/"},"modified":"2018-02-22T23:26:19","modified_gmt":"2018-02-22T22:26:19","slug":"madre-scolastica-venerabile","status":"publish","type":"page","link":"https:\/\/www.pddm.org\/fr\/madre-scolastica-venerabile\/","title":{"rendered":"M\u00e8re Scholastique \u201cV\u00e9n\u00e9rable\u201d"},"content":{"rendered":"<div class=\"wpb-content-wrapper\"><p>[vc_row][vc_column][vc_empty_space height=&#8221;80px&#8221;][\/vc_column][\/vc_row][vc_row][vc_column][vc_custom_heading text=&#8221;Madre Scolastica Venerabile&#8221; font_container=&#8221;tag:h2|font_size:90|text_align:center|color:%232a516e&#8221; google_fonts=&#8221;font_family:Alex%20Brush%3Aregular|font_style:400%20regular%3A400%3Anormal&#8221; css_animation=&#8221;none&#8221;][vc_empty_space][\/vc_column][\/vc_row][vc_row][vc_column][vc_empty_space height=&#8221;15px&#8221;][vc_column_text]<em>Tr\u00e8s ch\u00e8res s\u0153urs,<\/em><\/p>\n<p><em>\u00a0<\/em><\/p>\n<p><em>\u00a0\u00a0\u00a0\u00a0\u00a0\u00a0\u00a0\u00a0\u00a0\u00a0\u00a0\u00a0\u00a0\u00a0\u00a0\u00a0\u00a0\u00a0\u00a0\u00a0\u00a0\u00a0\u00a0 <\/em>Je vous communique avec une joie immense qu\u2019aujourd\u2019hui, 9 d\u00e9cembre 2013, le\u00a0Pape Fran\u00e7ois, lors de l\u2019audience accord\u00e9e au Cardinal Angelo Amato, Pr\u00e9fet de la Congr\u00e9gation\u00a0pour les Causes des Saints, a autoris\u00e9 <em>\u201cla promulgation du D\u00e9cret concernant les vertus h\u00e9ro\u00efques\u00a0<\/em><em>de la Servante de Dieu Maria Scolastica de la Divine Providence (pour le si\u00e8cle\u00a0: Orsola Maria\u00a0<\/em><em>Rivata), Religieuse professe et Premi\u00e8re Sup\u00e9rieure G\u00e9n\u00e9rale des Pieuses Disciples du Divin Ma\u00eetre;\u00a0<\/em><em>italienne (1897-1987)\u201d.<\/em><\/p>\n<p>&nbsp;<\/p>\n<p>Avec la promulgation du D\u00e9cret, M\u00e8re Scholastique devient \u201c<em>V\u00e9n\u00e9rable\u201d.<\/em><\/p>\n<p><em>\u00a0<\/em>Nous remercions et louons le Divin Ma\u00eetre pour ce grand don.<\/p>\n<p>&nbsp;<\/p>\n<p>&nbsp;<\/p>\n<p><em>Sr M. Regina Cesarato, Sup\u00e9rieure g\u00e9n\u00e9rale<\/em>[\/vc_column_text][\/vc_column][\/vc_row][vc_row][vc_column][vc_empty_space height=&#8221;15px&#8221;][vc_single_image image=&#8221;168&#8243; img_size=&#8221;full&#8221; alignment=&#8221;center&#8221; style=&#8221;vc_box_outline&#8221; border_color=&#8221;blue&#8221;][\/vc_column][\/vc_row]<\/p>\n<\/div>","protected":false},"excerpt":{"rendered":"<p>[vc_row][vc_column][vc_empty_space height=&#8221;80px&#8221;][\/vc_column][\/vc_row][vc_row][vc_column][vc_custom_heading text=&#8221;Madre Scolastica Venerabile&#8221; font_container=&#8221;tag:h2|font_size:90|text_align:center|color:%232a516e&#8221; google_fonts=&#8221;font_family:Alex%20Brush%3Aregular|font_style:400%20regular%3A400%3Anormal&#8221; css_animation=&#8221;none&#8221;][vc_empty_space][\/vc_column][\/vc_row][vc_row][vc_column][vc_empty_space height=&#8221;15px&#8221;][vc_column_text]Tr\u00e8s ch\u00e8res s\u0153urs, \u00a0 \u00a0\u00a0\u00a0\u00a0\u00a0\u00a0\u00a0\u00a0\u00a0\u00a0\u00a0\u00a0\u00a0\u00a0\u00a0\u00a0\u00a0\u00a0\u00a0\u00a0\u00a0\u00a0\u00a0 Je vous communique avec une joie immense qu\u2019aujourd\u2019hui, 9 d\u00e9cembre 2013, le\u00a0Pape Fran\u00e7ois,<\/p>\n","protected":false},"author":1,"featured_media":0,"parent":0,"menu_order":0,"comment_status":"closed","ping_status":"closed","template":"","meta":{"footnotes":""},"class_list":["post-2864","page","type-page","status-publish","hentry"],"_links":{"self":[{"href":"https:\/\/www.pddm.org\/fr\/wp-json\/wp\/v2\/pages\/2864","targetHints":{"allow":["GET"]}}],"collection":[{"href":"https:\/\/www.pddm.org\/fr\/wp-json\/wp\/v2\/pages"}],"about":[{"href":"https:\/\/www.pddm.org\/fr\/wp-json\/wp\/v2\/types\/page"}],"author":[{"embeddable":true,"href":"https:\/\/www.pddm.org\/fr\/wp-json\/wp\/v2\/users\/1"}],"replies":[{"embeddable":true,"href":"https:\/\/www.pddm.org\/fr\/wp-json\/wp\/v2\/comments?post=2864"}],"version-history":[{"count":0,"href":"https:\/\/www.pddm.org\/fr\/wp-json\/wp\/v2\/pages\/2864\/revisions"}],"wp:attachment":[{"href":"https:\/\/www.pddm.org\/fr\/wp-json\/wp\/v2\/media?parent=2864"}],"curies":[{"name":"wp","href":"https:\/\/api.w.org\/{rel}","templated":true}]}}