{"id":2867,"date":"2017-12-14T17:03:12","date_gmt":"2017-12-14T16:03:12","guid":{"rendered":"https:\/\/www.pddm.org\/biografia-madre-scolastica\/"},"modified":"2018-02-22T23:25:04","modified_gmt":"2018-02-22T22:25:04","slug":"biografia-madre-scolastica","status":"publish","type":"page","link":"https:\/\/www.pddm.org\/fr\/biografia-madre-scolastica\/","title":{"rendered":"Biographie M\u00e8re Scholastique"},"content":{"rendered":"<div class=\"wpb-content-wrapper\"><p>[vc_row][vc_column][vc_empty_space height=&#8221;80px&#8221;][\/vc_column][\/vc_row][vc_row][vc_column][vc_custom_heading text=&#8221;Biografia&#8221; font_container=&#8221;tag:h2|font_size:90|text_align:center|color:%232a516e&#8221; google_fonts=&#8221;font_family:Alex%20Brush%3Aregular|font_style:400%20regular%3A400%3Anormal&#8221; css_animation=&#8221;none&#8221;][\/vc_column][\/vc_row][vc_row][vc_column width=&#8221;5\/6&#8243;][vc_empty_space height=&#8221;15px&#8221;][vc_column_text]Sr M. Scholastique \u2013 Orsola Rivata, premi\u00e8re M\u00e8re des S\u0153urs Disciples du Divin Ma\u00eetre, na\u00eet \u00e0 Guarene (CN-Italie) le 12 juillet 1897.<\/p>\n<p>&nbsp;<\/p>\n<p>\u00c0 vingt ans, elle comprend que le Seigneur est l\u2019unique tr\u00e9sor pour lequel il vaut la peine de donner sa vie; par cons\u00e9quent, elle fait sa d\u00e9claration d\u2019amour inconditionnel: \u201c<em>Seigneur, toi seul et c\u2019est tout!<\/em>\u201d, qu\u2019elle vivra au quotidien, dans la fid\u00e9lit\u00e9, pour toujours.<\/p>\n<p>&nbsp;<\/p>\n<p>Elle sent que sa vie devra \u00eatre totalement donn\u00e9e au Seigneur, m\u00eame si elle ne sait pas encore comment et \u00e0 quel endroit. Elle prie beaucoup et continue \u00e0 se former en lisant beaucoup. Sa passion pour la lecture, \u00e0 la recherche de \u201cbons livres\u201d, la conduit \u00e0 rencontrer un grand ap\u00f4tre des temps moderne: don Jacques Alberione qui, sans prendre de d\u00e9tours, alors qu\u2019elle cherche le livre qu\u2019elle veut, et apr\u00e8s un court dialogue, lui dit: \u201cQuand viens-tu \u00e0 Saint Paul?\u201d[\/vc_column_text][\/vc_column][vc_column width=&#8221;1\/6&#8243;][vc_single_image image=&#8221;162&#8243; img_size=&#8221;medium&#8221; alignment=&#8221;center&#8221; style=&#8221;vc_box_outline_circle&#8221; border_color=&#8221;blue&#8221;][\/vc_column][\/vc_row][vc_row][vc_column][vc_column_text]Accompagn\u00e9e par son p\u00e8re \u00e0 Alba, le 29 juillet 1922, elle entre dans l\u2019aventure qui la conduira par les voies insondables du Seigneur. Don Alberione qui, en 1914, avait commenc\u00e9 la Pieuse Soci\u00e9t\u00e9 Saint-Paul avec deux gar\u00e7ons, a d\u00e9sormais un bon groupe d\u2019ap\u00f4tres de la bonne presse. \u00c0 partir de 1915, il y a aussi un groupe de jeunes femmes qui, juste une semaine avant, le 22 juillet, sont constitu\u00e9es officiellement avec le nom de Filles de Saint-Paul.<\/p>\n<p>Orsola voit le programme que le Fondateur a donn\u00e9 \u00e0 toute l\u2019\u0153uvre: \u201cGloire \u00e0 Dieu, paix aux hommes\u201d, annoncer l\u2019\u00c9vangile avec les moyens modernes qui, \u00e0 l\u2019\u00e9poque, \u00e9taient en pr\u00e9valence, la presse. C\u2019est certain que \u201cdans la Maison\u201d chaque occupation, m\u00eame nettoyer les l\u00e9gumes, pr\u00e9parer la nourriture, laver et repasser la lingerie est faite dans ce but. Le fait d\u2019\u00eatre un corps unique dans le Christ les porte tous \u00e0 atteindre le m\u00eame but.<\/p>\n<p>Apr\u00e8s son entr\u00e9e dans la Famille paulinienne naissante, Alberione lui donne le nom de S\u0153ur Scholastique, qui signifie <em>disciple<\/em>; en 1924, il la choisit comme collaboratrice \u00e0 la naissance de la congr\u00e9gation des S\u0153urs Disciples du Divin Ma\u00eetre.[\/vc_column_text][\/vc_column][\/vc_row][vc_row][vc_column][vc_row_inner][vc_column_inner][\/vc_column_inner][\/vc_row_inner][\/vc_column][\/vc_row][vc_row][vc_column][vc_empty_space height=&#8221;20px&#8221;][\/vc_column][\/vc_row][vc_row][vc_column width=&#8221;1\/3&#8243;][vc_single_image image=&#8221;164&#8243; img_size=&#8221;full&#8221; alignment=&#8221;center&#8221; style=&#8221;vc_box_outline&#8221; border_color=&#8221;blue&#8221;][\/vc_column][vc_column width=&#8221;1\/3&#8243;][vc_single_image image=&#8221;1352&#8243; img_size=&#8221;medium&#8221; alignment=&#8221;center&#8221; style=&#8221;vc_box_outline&#8221; border_color=&#8221;blue&#8221;][\/vc_column][vc_column width=&#8221;1\/3&#8243;][vc_single_image image=&#8221;163&#8243; img_size=&#8221;full&#8221; alignment=&#8221;center&#8221; style=&#8221;vc_box_outline&#8221; border_color=&#8221;blue&#8221;][\/vc_column][\/vc_row][vc_row][vc_column][vc_empty_space height=&#8221;20px&#8221;][\/vc_column][\/vc_row][vc_row][vc_column][\/vc_column][\/vc_row][vc_row][vc_column][vc_column_text]Femme sans doctorats et sans dipl\u00f4mes, mais poss\u00e9dant la sagesse puis\u00e9e quotidiennement \u00e0 la source de l\u2019Eucharistie et de la Parole de Dieu, elle pr\u00e9c\u00e8de par l\u2019exemple et engage ses \u00e9nergies les meilleures \u00e0 former les premi\u00e8res g\u00e9n\u00e9rations \u00e0 la mission sp\u00e9cifique de la Congr\u00e9gation, en communiquant avec un joyeux enthousiasme la beaut\u00e9 et la f\u00e9condit\u00e9 de l\u2019apostolat.<\/p>\n<p>M\u00e8re M. Scholastique, avec le c\u0153ur ouvert au monde entier et \u00e0 la compr\u00e9hension du langage des jeunes, se fait proche avec un amour d\u2019ap\u00f4tre se fait le journal proche de chaque anxi\u00e9t\u00e9 et joie des femmes et des hommes de tous les continents. Elle le manifeste aussi en portant souvent le journal sous son bras pour les pr\u00e9senter au Divin Ma\u00eetre dans l\u2019Adoration eucharistique. Elle sait \u00e9couter toutes les personnes, fr\u00e8res et s\u0153urs. Elle vit un style de vie de silence et d\u2019effacement mais toujours comme \u201c<em>femme de communication, <\/em>ouverte au pr\u00e9sent de son temps et \u00e9dificatrice du futur. Elle meurt \u00e0 Sanfr\u00e8 (CN) le 24 mars 1987. Le 9 d\u00e9cembre 2013, avec la promulgation du d\u00e9cret sur l\u2019h\u00e9ro\u00efcit\u00e9 de ses vertus, elle est devenue V\u00e9n\u00e9rable.[\/vc_column_text][\/vc_column][\/vc_row][vc_row][vc_column][vc_empty_space height=&#8221;22px&#8221;][\/vc_column][\/vc_row]<\/p>\n<\/div>","protected":false},"excerpt":{"rendered":"<p>[vc_row][vc_column][vc_empty_space height=&#8221;80px&#8221;][\/vc_column][\/vc_row][vc_row][vc_column][vc_custom_heading text=&#8221;Biografia&#8221; font_container=&#8221;tag:h2|font_size:90|text_align:center|color:%232a516e&#8221; google_fonts=&#8221;font_family:Alex%20Brush%3Aregular|font_style:400%20regular%3A400%3Anormal&#8221; css_animation=&#8221;none&#8221;][\/vc_column][\/vc_row][vc_row][vc_column width=&#8221;5\/6&#8243;][vc_empty_space height=&#8221;15px&#8221;][vc_column_text]Sr M. Scholastique \u2013 Orsola Rivata, premi\u00e8re M\u00e8re des S\u0153urs Disciples du Divin Ma\u00eetre, na\u00eet \u00e0 Guarene (CN-Italie) le<\/p>\n","protected":false},"author":1,"featured_media":0,"parent":0,"menu_order":0,"comment_status":"closed","ping_status":"closed","template":"","meta":{"footnotes":""},"class_list":["post-2867","page","type-page","status-publish","hentry"],"_links":{"self":[{"href":"https:\/\/www.pddm.org\/fr\/wp-json\/wp\/v2\/pages\/2867","targetHints":{"allow":["GET"]}}],"collection":[{"href":"https:\/\/www.pddm.org\/fr\/wp-json\/wp\/v2\/pages"}],"about":[{"href":"https:\/\/www.pddm.org\/fr\/wp-json\/wp\/v2\/types\/page"}],"author":[{"embeddable":true,"href":"https:\/\/www.pddm.org\/fr\/wp-json\/wp\/v2\/users\/1"}],"replies":[{"embeddable":true,"href":"https:\/\/www.pddm.org\/fr\/wp-json\/wp\/v2\/comments?post=2867"}],"version-history":[{"count":0,"href":"https:\/\/www.pddm.org\/fr\/wp-json\/wp\/v2\/pages\/2867\/revisions"}],"wp:attachment":[{"href":"https:\/\/www.pddm.org\/fr\/wp-json\/wp\/v2\/media?parent=2867"}],"curies":[{"name":"wp","href":"https:\/\/api.w.org\/{rel}","templated":true}]}}