{"id":5509,"date":"2018-10-26T09:26:42","date_gmt":"2018-10-26T07:26:42","guid":{"rendered":"https:\/\/www.pddm.org\/richieste-di-preghiera-2\/"},"modified":"2022-02-11T11:06:14","modified_gmt":"2022-02-11T10:06:14","slug":"demandes-de-priere","status":"publish","type":"page","link":"https:\/\/www.pddm.org\/fr\/demandes-de-priere\/","title":{"rendered":"Demandes de pri\u00e8re"},"content":{"rendered":"<div class=\"wpb-content-wrapper\"><p>[vc_row][vc_column][rev_slider_vc alias=&#8221;preghiere&#8221;][\/vc_column][\/vc_row][vc_row][vc_column][vc_empty_space][\/vc_column][\/vc_row][vc_row][vc_column][vc_custom_heading source=&#8221;post_title&#8221; font_container=&#8221;tag:h2|font_size:90px|text_align:center|color:%232a516e&#8221; google_fonts=&#8221;font_family:Alex%20Brush%3Aregular|font_style:400%20regular%3A400%3Anormal&#8221;][\/vc_column][\/vc_row][vc_row][vc_column][vc_empty_space][\/vc_column][\/vc_row][vc_row][vc_column][vc_column_text]<\/p>\n<h2 style=\"text-align: center;\"><strong>par l&#8217;intercession de la V\u00e9n\u00e9rable M\u00e8re M. Scholastique Rivata<\/strong><\/h2>\n<p>[\/vc_column_text][\/vc_column][\/vc_row][vc_row][vc_column]<div data-id=\"mpc_testimonial-2469de6647af49c\" class=\"mpc-testimonial mpc-init mpc-transition mpc-testimonial--style_1 \" ><div class=\" mpc-testimonial__thumbnail\"><\/div><div class=\"mpc-testimonial__content\"><div class=\"mpc-testimonial__signature\"><span><\/span><\/div><div class=\"mpc-testimonial__description\"><\/div><\/div><\/div>[\/vc_column][\/vc_row][vc_row][vc_column][vc_column_text]\n<div class=\"wpcf7 no-js\" id=\"wpcf7-f3037-o1\" lang=\"it-IT\" dir=\"ltr\" data-wpcf7-id=\"3037\">\n<div class=\"screen-reader-response\"><p role=\"status\" aria-live=\"polite\" aria-atomic=\"true\"><\/p> <ul><\/ul><\/div>\n<form action=\"\/fr\/wp-json\/wp\/v2\/pages\/5509#wpcf7-f3037-o1\" method=\"post\" class=\"wpcf7-form init\" id=\"formrichiesta\" aria-label=\"Modulo di contatto\" novalidate=\"novalidate\" data-status=\"init\">\n<fieldset class=\"hidden-fields-container\"><input type=\"hidden\" name=\"_wpcf7\" value=\"3037\" \/><input type=\"hidden\" name=\"_wpcf7_version\" value=\"6.1.5\" \/><input type=\"hidden\" name=\"_wpcf7_locale\" value=\"it_IT\" \/><input type=\"hidden\" name=\"_wpcf7_unit_tag\" value=\"wpcf7-f3037-o1\" \/><input type=\"hidden\" name=\"_wpcf7_container_post\" value=\"0\" \/><input type=\"hidden\" name=\"_wpcf7_posted_data_hash\" value=\"\" \/><input type=\"hidden\" name=\"_wpcf7_recaptcha_response\" value=\"\" \/>\n<\/fieldset>\n<p><label> Nome*<br \/>\n<span class=\"wpcf7-form-control-wrap\" data-name=\"your-name\"><input size=\"40\" maxlength=\"400\" class=\"wpcf7-form-control wpcf7-text wpcf7-validates-as-required\" aria-required=\"true\" aria-invalid=\"false\" value=\"\" type=\"text\" name=\"your-name\" \/><\/span> <\/label>\n<\/p>\n<p><label> Email*<br \/>\n<span class=\"wpcf7-form-control-wrap\" data-name=\"your-email\"><input size=\"40\" maxlength=\"400\" class=\"wpcf7-form-control wpcf7-email wpcf7-validates-as-required wpcf7-text wpcf7-validates-as-email\" aria-required=\"true\" aria-invalid=\"false\" value=\"\" type=\"email\" name=\"your-email\" \/><\/span> <\/label>\n<\/p>\n<p><label> Message<br \/>\n<span class=\"wpcf7-form-control-wrap\" data-name=\"your-message\"><textarea cols=\"40\" rows=\"10\" maxlength=\"2000\" class=\"wpcf7-form-control wpcf7-textarea\" aria-invalid=\"false\" name=\"your-message\"><\/textarea><\/span> <\/label>\n<\/p>\n<p><label><span class=\"wpcf7-form-control-wrap\" data-name=\"privacy\"><span class=\"wpcf7-form-control wpcf7-acceptance\"><span class=\"wpcf7-list-item\"><input type=\"checkbox\" name=\"privacy\" value=\"1\" aria-invalid=\"false\" \/><\/span><\/span><\/span> I declare to have read and accept the privacy policy notification in all of its parts. - <a href=\"\/fr\/privacy-policy\/\" target=\"_blank\">Leggi informativa privacy policy<\/a><\/label>\n<\/p>\n<p><input class=\"wpcf7-form-control wpcf7-submit has-spinner\" id=\"submit-btn\" type=\"submit\" value=\"Soumettre\" \/>\n<\/p><div class=\"wpcf7-response-output\" aria-hidden=\"true\"><\/div>\n<\/form>\n<\/div>\n[\/vc_column_text][vc_raw_js]JTNDc2NyaXB0JTNFJTBBJTIwJTIwJTIwJTIwZG9jdW1lbnQuZ2V0RWxlbWVudEJ5SWQlMjglMjJzdWJtaXQtYnRuJTIyJTI5Lm9uY2xpY2slMjAlM0QlMjBmdW5jdGlvbiUyOCUyOSUyMCU3QiUwQSUyMCUyMCUyMCUyMCUyMCUyMCUyMCUyMHNlbmRUb0NvbnNlbnRTb2x1dGlvbiUyOCUyOSUwQSUyMCUyMCUyMCUyMCU3RCUzQiUwQSUyMCUyMCUyMCUyMGZ1bmN0aW9uJTIwc2VuZFRvQ29uc2VudFNvbHV0aW9uJTI4JTI5JTIwJTdCJTBBJTIwJTIwJTIwJTIwJTIwJTIwJTIwJTIwJTJGJTJGdmVkaSUyMHN1JTIwaW5zcGVjdG9yJTIwZ2xpJTIwaWQlMEElMjAlMjAlMjAlMjAlMjAlMjAlMjAlMjB2YXIlMjBpbnB1dE5hbWUlMjAlM0QlMjBkb2N1bWVudC5nZXRFbGVtZW50c0J5TmFtZSUyOCUyMnlvdXItbmFtZSUyMiUyOSU1QjAlNUQudmFsdWUlM0IlMEElMjAlMjAlMjAlMjAlMjAlMjAlMjAlMjAlMkYlMkYlMjB2YXIlMjBpbnB1dENvZ25vbWUlMjAlM0QlMjBkb2N1bWVudC5nZXRFbGVtZW50c0J5TmFtZSUyOCUyMnlvdXItY29nbm9tZSUyMiUyOSU1QjAlNUQudmFsdWUlM0IlMEElMjAlMjAlMjAlMjAlMjAlMjAlMjAlMjB2YXIlMjBpbnB1dEVtYWlsJTIwJTNEJTIwZG9jdW1lbnQuZ2V0RWxlbWVudHNCeU5hbWUlMjglMjJ5b3VyLWVtYWlsJTIyJTI5JTVCMCU1RC52YWx1ZSUzQiUwQSUyMCUyMCUyMCUyMCUyMCUyMCUyMCUyMCUyRiUyRiUyMHZhciUyMGlucHV0VGVsJTIwJTNEJTIwZG9jdW1lbnQuZ2V0RWxlbWVudHNCeU5hbWUlMjglMjJ5b3VyLXRlbCUyMiUyOSU1QjAlNUQudmFsdWUlM0IlMEElMjAlMjAlMjAlMjAlMjAlMjAlMjAlMjB2YXIlMjBpbnB1dE9nZ2V0dG8lMjAlM0QlMjBkb2N1bWVudC5nZXRFbGVtZW50c0J5TmFtZSUyOCUyMnlvdXItc3ViamVjdCUyMiUyOSU1QjAlNUQudmFsdWUlM0IlMEElMjAlMjAlMjAlMjAlMjAlMjAlMjAlMjB2YXIlMjBpbnB1dE1lc3NhZ2UlMjAlM0QlMjBkb2N1bWVudC5nZXRFbGVtZW50c0J5TmFtZSUyOCUyMnlvdXItbWVzc2FnZSUyMiUyOSU1QjAlNUQudmFsdWUlM0IlMEElMjAlMjAlMjAlMjAlMjAlMjAlMjAlMjB2YXIlMjBpbnB1dEFjY2V0dG8lMjAlM0QlMjBkb2N1bWVudC5nZXRFbGVtZW50c0J5TmFtZSUyOCUyMnByaXZhY3klMjIlMjklNUIwJTVELnZhbHVlJTNCJTBBJTIwJTIwJTIwJTIwJTIwJTIwJTIwJTIwdmFyJTIwc3ViamVjdElkJTIwJTNEJTIwaW5wdXRFbWFpbC50b0xvd2VyQ2FzZSUyOCUyOS5yZXBsYWNlJTI4JTJGJTVDVyUyRmclMkMlMjAlMjctJTI3JTI5JTNCJTBBJTBBJTIwJTIwJTIwJTIwJTIwJTIwJTIwJTIwX2l1Yi5jb25zX2luc3RydWN0aW9ucy5wdXNoJTI4JTVCJTIyc3VibWl0JTIyJTJDJTIwJTdCJTBBJTIwJTIwJTIwJTIwJTIwJTIwJTIwJTIwJTIwJTIwJTIwJTIwZm9ybSUzQSUyMCU3QiUwQSUyMCUyMCUyMCUyMCUyMCUyMCUyMCUyMCUyMCUyMCUyMCUyMCUyMCUyMCUyMCUyMHNlbGVjdG9yJTNBJTIwZG9jdW1lbnQuZ2V0RWxlbWVudEJ5SWQlMjglMjJmb3JtcmljaGllc3RhJTIyJTI5JTJDJTBBJTIwJTIwJTIwJTIwJTIwJTIwJTIwJTIwJTIwJTIwJTIwJTIwJTIwJTIwJTIwJTIwbWFwJTNBJTIwJTdCJTBBJTIwJTIwJTIwJTIwJTIwJTIwJTIwJTIwJTIwJTIwJTIwJTIwJTIwJTIwJTIwJTIwc3ViamVjdCUzQSUyMCU3QiUwQSUyMCUyMCUyMCUyMCUyMCUyMCUyMCUyMCUyMCUyMCUyMCUyMCUyMCUyMCUyMCUyMCUyMCUyMCUyMCUyMGZpcnN0X25hbWUlM0ElMjBpbnB1dE5hbWUlMkMlMEElMjAlMjAlMjAlMjAlMjAlMjAlMjAlMjAlMjAlMjAlMjAlMjAlMjAlMjAlMjAlMjAlMjAlMjAlMjAlMjBlbWFpbCUzQSUyMGlucHV0RW1haWwlMEElMjAlMjAlMjAlMjAlMjAlMjAlMjAlMjAlMjAlMjAlMjAlMjAlMjAlMjAlMjAlMjAlN0QlMkMlMEElMjAlMjAlMjAlMjAlMjAlMjAlMjAlMjAlMjAlMjAlMjAlMjAlMjAlMjAlMjAlMjBwcmVmZXJlbmNlcyUzQSUyMCU3QiUwQSUyMCUyMCUyMCUyMCUyMCUyMCUyMCUyMCUyMCUyMCUyMCUyMCUyMCUyMCUyMCUyMCUyMCUyMCUyMCUyMGdlbmVyaWMlM0ElMjAlMjJnZW5lcmljJTIyJTJDJTBBJTIwJTIwJTIwJTIwJTIwJTIwJTIwJTIwJTIwJTIwJTIwJTIwJTIwJTIwJTIwJTIwJTIwJTIwJTIwJTIwbmV3c2xldHRlciUzQSUyMCUyMm5ld3NsZXR0ZXIlMjIlMEElMjAlMjAlMjAlMjAlMjAlMjAlMjAlMjAlMjAlMjAlMjAlMjAlMjAlMjAlMjAlMjAlN0QlMEElMjAlMjAlMjAlMjAlMjAlMjAlMjAlMjAlMjAlMjAlMjAlMjAlN0QlMEElMjAlMjAlMjAlMjAlMjAlMjAlMjAlMjAlMjAlMjAlMjAlMjAlN0QlMkMlMEElMjAlMjAlMjAlMjAlMjAlMjAlMjAlMjAlMjAlMjAlMjAlMjBjb25zZW50JTNBJTIwJTdCJTBBJTIwJTIwJTIwJTIwJTIwJTIwJTIwJTIwJTIwJTIwJTIwJTIwJTIwJTIwJTIwJTIwc3ViamVjdCUzQSUyMCU3QiUwQSUyMCUyMCUyMCUyMCUyMCUyMCUyMCUyMCUyMCUyMCUyMCUyMCUyMCUyMCUyMCUyMCUyMCUyMCUyMCUyMGlkJTNBJTIwc3ViamVjdElkJTJDJTBBJTA5JTA5JTA5JTA5JTA5Zmlyc3RfbmFtZSUzQSUyMGlucHV0TmFtZSUyQyUwQSUwOSUwOSUwOSUwOSUwOWVtYWlsJTNBJTIwaW5wdXRFbWFpbCUwQSUyMCUyMCUyMCUyMCUyMCUyMCUyMCUyMCUyMCUyMCUyMCUyMCUyMCUyMCUyMCUyMCU3RCUyQyUwQSUyMCUyMCUyMCUyMCUyMCUyMCUyMCUyMCUyMCUyMCUyMCUyMCUyMCUyMCUyMCUyMGxlZ2FsX25vdGljZXMlM0ElMjAlNUIlN0IlMEElMjAlMjAlMjAlMjAlMjAlMjAlMjAlMjAlMjAlMjAlMjAlMjAlMjAlMjAlMjAlMjAlMjAlMjAlMjAlMjAlMjAlMjAlMjAlMjBpZGVudGlmaWVyJTNBJTIwJTIycHJpdmFjeV9wb2xpY3klMjIlMEElMjAlMjAlMjAlMjAlMjAlMjAlMjAlMjAlMjAlMjAlMjAlMjAlMjAlMjAlMjAlMjAlMjAlMjAlMjAlMjAlN0QlMkMlMEElMjAlMjAlMjAlMjAlMjAlMjAlMjAlMjAlMjAlMjAlMjAlMjAlMjAlMjAlMjAlMjAlMjAlMjAlMjAlMjAlN0IlMEElMjAlMjAlMjAlMjAlMjAlMjAlMjAlMjAlMjAlMjAlMjAlMjAlMjAlMjAlMjAlMjAlMjAlMjAlMjAlMjAlMjAlMjAlMjAlMjBpZGVudGlmaWVyJTNBJTIwJTIyY29va2llX3BvbGljeSUyMiUwQSUyMCUyMCUyMCUyMCUyMCUyMCUyMCUyMCUyMCUyMCUyMCUyMCUyMCUyMCUyMCUyMCUyMCUyMCUyMCUyMCU3RCUwQSUyMCUyMCUyMCUyMCUyMCUyMCUyMCUyMCUyMCUyMCUyMCUyMCUyMCUyMCUyMCUyMCU1RCUyQyUwQSUyMCUyMCUyMCUyMCUyMCUyMCUyMCUyMCUyMCUyMCUyMCUyMCUyMCUyMCUyMCUyMHByb29mcyUzQSUyMCU1QiU3QiUwQSUyMCUyMCUyMCUyMCUyMCUyMCUyMCUyMCUyMCUyMCUyMCUyMCUyMCUyMCUyMCUyMCUyMCUyMCUyMCUyMGNvbnRlbnQlM0ElMjAlMjIlN0IlMjIlMjAlMkIlMEElMjAlMjAlMjAlMjAlMjAlMjAlMjAlMjAlMjAlMjAlMjAlMjAlMjAlMjAlMjAlMjAlMjAlMjAlMjAlMjAlMjAlMjAlMjAlMjAlMjIlNUMlMjJ1c2VyX25hbWUlNUMlMjIlM0ElMjAlNUMlMjIlMjIlMjAlMkIlMjBpbnB1dE5hbWUlMjAlMkIlMjAlMjIlNUMlMjIlMkMlMjIlMjAlMkIlMEElMjAlMjAlMjAlMjAlMjAlMjAlMjAlMjAlMjAlMjAlMjAlMjAlMjAlMjAlMjAlMjAlMjAlMjAlMjAlMjAlMjAlMjAlMjAlMjAlMkYlMkYlMjAlMjIlNUMlMjJ1c2VyX2NvZ25vbWUlNUMlMjIlM0ElMjAlNUMlMjIlMjIlMjAlMkIlMjBpbnB1dENvZ25vbWUlMjAlMkIlMjAlMjIlNUMlMjIlMkMlMjIlMjAlMkIlMEElMjAlMjAlMjAlMjAlMjAlMjAlMjAlMjAlMjAlMjAlMjAlMjAlMjAlMjAlMjAlMjAlMjAlMjAlMjAlMjAlMjAlMjAlMjAlMjAlMjIlNUMlMjJ1c2VyX2VtYWlsJTVDJTIyJTNBJTIwJTVDJTIyJTIyJTIwJTJCJTIwaW5wdXRFbWFpbCUyMCUyQiUyMCUyMiU1QyUyMiUyQyUyMiUyMCUyQiUwQSUyMCUyMCUyMCUyMCUyMCUyMCUyMCUyMCUyMCUyMCUyMCUyMCUyMCUyMCUyMCUyMCUyMCUyMCUyMCUyMCUyMCUyMCUyMCUyMCUyRiUyRiUyMCUyMiU1QyUyMnVzZXJfdGVsJTVDJTIyJTNBJTIwJTVDJTIyJTIyJTIwJTJCJTIwaW5wdXRUZWwlMjAlMkIlMjAlMjIlNUMlMjIlMkMlMjIlMjAlMkIlMEElMjAlMjAlMjAlMjAlMjAlMjAlMjAlMjAlMjAlMjAlMjAlMjAlMjAlMjAlMjAlMjAlMjAlMjAlMjAlMjAlMjAlMjAlMjAlMjAlMjIlNUMlMjJ1c2VyX29nZ2V0dG8lNUMlMjIlM0ElMjAlNUMlMjIlMjIlMjAlMkIlMjBpbnB1dE9nZ2V0dG8lMjAlMkIlMjAlMjIlNUMlMjIlMkMlMjIlMjAlMkIlMEElMjAlMjAlMjAlMjAlMjAlMjAlMjAlMjAlMjAlMjAlMjAlMjAlMjAlMjAlMjAlMjAlMjAlMjAlMjAlMjAlMjAlMjAlMjAlMjAlMjIlNUMlMjJ1c2VyX21lc3NhZ2UlNUMlMjIlM0ElMjAlNUMlMjIlMjIlMjAlMkIlMjBpbnB1dE1lc3NhZ2UlMjAlMkIlMjAlMjIlNUMlMjIlMkMlMjIlMjAlMkIlMEElMjAlMjAlMjAlMjAlMjAlMjAlMjAlMjAlMjAlMjAlMjAlMjAlMjAlMjAlMjAlMjAlMjAlMjAlMjAlMjAlMjAlMjAlMjAlMjAlMjIlNUMlMjJhY2NldHRhemlvbmUlNUMlMjIlM0ElMjAlNUMlMjIlMjIlMjAlMkIlMjBpbnB1dEFjY2V0dG8lMjAlMkIlMjAlMjIlNUMlMjIlMjIlMjAlMkIlMEElMjAlMjAlMjAlMjAlMjAlMjAlMjAlMjAlMjAlMjAlMjAlMjAlMjAlMjAlMjAlMjAlMjAlMjAlMjAlMjAlMjAlMjAlMjAlMjAlMjIlN0QlMjIlMkMlMEElMjAlMjAlMjAlMjAlMjAlMjAlMjAlMjAlMjAlMjAlMjAlMjAlMjAlMjAlMjAlMjAlN0QlNUQlMEElMjAlMjAlMjAlMjAlMjAlMjAlMjAlMjAlMjAlMjAlMjAlMjAlN0QlMEElMjAlMjAlMjAlMjAlMjAlMjAlMjAlMjAlN0QlNUQlMjklMEElMjAlMjAlMjAlMjAlN0QlMEElM0MlMkZzY3JpcHQlM0U=[\/vc_raw_js][\/vc_column][\/vc_row]<\/p>\n<\/div>","protected":false},"excerpt":{"rendered":"<p>[vc_row][vc_column][rev_slider_vc alias=&#8221;preghiere&#8221;][\/vc_column][\/vc_row][vc_row][vc_column][vc_empty_space][\/vc_column][\/vc_row][vc_row][vc_column][vc_custom_heading source=&#8221;post_title&#8221; font_container=&#8221;tag:h2|font_size:90px|text_align:center|color:%232a516e&#8221; google_fonts=&#8221;font_family:Alex%20Brush%3Aregular|font_style:400%20regular%3A400%3Anormal&#8221;][\/vc_column][\/vc_row][vc_row][vc_column][vc_empty_space][\/vc_column][\/vc_row][vc_row][vc_column][vc_column_text] par l&#8217;intercession de la V\u00e9n\u00e9rable M\u00e8re M. Scholastique Rivata [\/vc_column_text][\/vc_column][\/vc_row][vc_row][vc_column][\/vc_column][\/vc_row][vc_row][vc_column][vc_column_text][\/vc_column_text][vc_raw_js]JTNDc2NyaXB0JTNFJTBBJTIwJTIwJTIwJTIwZG9jdW1lbnQuZ2V0RWxlbWVudEJ5SWQlMjglMjJzdWJtaXQtYnRuJTIyJTI5Lm9uY2xpY2slMjAlM0QlMjBmdW5jdGlvbiUyOCUyOSUyMCU3QiUwQSUyMCUyMCUyMCUyMCUyMCUyMCUyMCUyMHNlbmRUb0NvbnNlbnRTb2x1dGlvbiUyOCUyOSUwQSUyMCUyMCUyMCUyMCU3RCUzQiUwQSUyMCUyMCUyMCUyMGZ1bmN0aW9uJTIwc2VuZFRvQ29uc2VudFNvbHV0aW9uJTI4JTI5JTIwJTdCJTBBJTIwJTIwJTIwJTIwJTIwJTIwJTIwJTIwJTJGJTJGdmVkaSUyMHN1JTIwaW5zcGVjdG9yJTIwZ2xpJTIwaWQlMEElMjAlMjAlMjAlMjAlMjAlMjAlMjAlMjB2YXIlMjBpbnB1dE5hbWUlMjAlM0QlMjBkb2N1bWVudC5nZXRFbGVtZW50c0J5TmFtZSUyOCUyMnlvdXItbmFtZSUyMiUyOSU1QjAlNUQudmFsdWUlM0IlMEElMjAlMjAlMjAlMjAlMjAlMjAlMjAlMjAlMkYlMkYlMjB2YXIlMjBpbnB1dENvZ25vbWUlMjAlM0QlMjBkb2N1bWVudC5nZXRFbGVtZW50c0J5TmFtZSUyOCUyMnlvdXItY29nbm9tZSUyMiUyOSU1QjAlNUQudmFsdWUlM0IlMEElMjAlMjAlMjAlMjAlMjAlMjAlMjAlMjB2YXIlMjBpbnB1dEVtYWlsJTIwJTNEJTIwZG9jdW1lbnQuZ2V0RWxlbWVudHNCeU5hbWUlMjglMjJ5b3VyLWVtYWlsJTIyJTI5JTVCMCU1RC52YWx1ZSUzQiUwQSUyMCUyMCUyMCUyMCUyMCUyMCUyMCUyMCUyRiUyRiUyMHZhciUyMGlucHV0VGVsJTIwJTNEJTIwZG9jdW1lbnQuZ2V0RWxlbWVudHNCeU5hbWUlMjglMjJ5b3VyLXRlbCUyMiUyOSU1QjAlNUQudmFsdWUlM0IlMEElMjAlMjAlMjAlMjAlMjAlMjAlMjAlMjB2YXIlMjBpbnB1dE9nZ2V0dG8lMjAlM0QlMjBkb2N1bWVudC5nZXRFbGVtZW50c0J5TmFtZSUyOCUyMnlvdXItc3ViamVjdCUyMiUyOSU1QjAlNUQudmFsdWUlM0IlMEElMjAlMjAlMjAlMjAlMjAlMjAlMjAlMjB2YXIlMjBpbnB1dE1lc3NhZ2UlMjAlM0QlMjBkb2N1bWVudC5nZXRFbGVtZW50c0J5TmFtZSUyOCUyMnlvdXItbWVzc2FnZSUyMiUyOSU1QjAlNUQudmFsdWUlM0IlMEElMjAlMjAlMjAlMjAlMjAlMjAlMjAlMjB2YXIlMjBpbnB1dEFjY2V0dG8lMjAlM0QlMjBkb2N1bWVudC5nZXRFbGVtZW50c0J5TmFtZSUyOCUyMnByaXZhY3klMjIlMjklNUIwJTVELnZhbHVlJTNCJTBBJTIwJTIwJTIwJTIwJTIwJTIwJTIwJTIwdmFyJTIwc3ViamVjdElkJTIwJTNEJTIwaW5wdXRFbWFpbC50b0xvd2VyQ2FzZSUyOCUyOS5yZXBsYWNlJTI4JTJGJTVDVyUyRmclMkMlMjAlMjctJTI3JTI5JTNCJTBBJTBBJTIwJTIwJTIwJTIwJTIwJTIwJTIwJTIwX2l1Yi5jb25zX2luc3RydWN0aW9ucy5wdXNoJTI4JTVCJTIyc3VibWl0JTIyJTJDJTIwJTdCJTBBJTIwJTIwJTIwJTIwJTIwJTIwJTIwJTIwJTIwJTIwJTIwJTIwZm9ybSUzQSUyMCU3QiUwQSUyMCUyMCUyMCUyMCUyMCUyMCUyMCUyMCUyMCUyMCUyMCUyMCUyMCUyMCUyMCUyMHNlbGVjdG9yJTNBJTIwZG9jdW1lbnQuZ2V0RWxlbWVudEJ5SWQlMjglMjJmb3JtcmljaGllc3RhJTIyJTI5JTJDJTBBJTIwJTIwJTIwJTIwJTIwJTIwJTIwJTIwJTIwJTIwJTIwJTIwJTIwJTIwJTIwJTIwbWFwJTNBJTIwJTdCJTBBJTIwJTIwJTIwJTIwJTIwJTIwJTIwJTIwJTIwJTIwJTIwJTIwJTIwJTIwJTIwJTIwc3ViamVjdCUzQSUyMCU3QiUwQSUyMCUyMCUyMCUyMCUyMCUyMCUyMCUyMCUyMCUyMCUyMCUyMCUyMCUyMCUyMCUyMCUyMCUyMCUyMCUyMGZpcnN0X25hbWUlM0ElMjBpbnB1dE5hbWUlMkMlMEElMjAlMjAlMjAlMjAlMjAlMjAlMjAlMjAlMjAlMjAlMjAlMjAlMjAlMjAlMjAlMjAlMjAlMjAlMjAlMjBlbWFpbCUzQSUyMGlucHV0RW1haWwlMEElMjAlMjAlMjAlMjAlMjAlMjAlMjAlMjAlMjAlMjAlMjAlMjAlMjAlMjAlMjAlMjAlN0QlMkMlMEElMjAlMjAlMjAlMjAlMjAlMjAlMjAlMjAlMjAlMjAlMjAlMjAlMjAlMjAlMjAlMjBwcmVmZXJlbmNlcyUzQSUyMCU3QiUwQSUyMCUyMCUyMCUyMCUyMCUyMCUyMCUyMCUyMCUyMCUyMCUyMCUyMCUyMCUyMCUyMCUyMCUyMCUyMCUyMGdlbmVyaWMlM0ElMjAlMjJnZW5lcmljJTIyJTJDJTBBJTIwJTIwJTIwJTIwJTIwJTIwJTIwJTIwJTIwJTIwJTIwJTIwJTIwJTIwJTIwJTIwJTIwJTIwJTIwJTIwbmV3c2xldHRlciUzQSUyMCUyMm5ld3NsZXR0ZXIlMjIlMEElMjAlMjAlMjAlMjAlMjAlMjAlMjAlMjAlMjAlMjAlMjAlMjAlMjAlMjAlMjAlMjAlN0QlMEElMjAlMjAlMjAlMjAlMjAlMjAlMjAlMjAlMjAlMjAlMjAlMjAlN0QlMEElMjAlMjAlMjAlMjAlMjAlMjAlMjAlMjAlMjAlMjAlMjAlMjAlN0QlMkMlMEElMjAlMjAlMjAlMjAlMjAlMjAlMjAlMjAlMjAlMjAlMjAlMjBjb25zZW50JTNBJTIwJTdCJTBBJTIwJTIwJTIwJTIwJTIwJTIwJTIwJTIwJTIwJTIwJTIwJTIwJTIwJTIwJTIwJTIwc3ViamVjdCUzQSUyMCU3QiUwQSUyMCUyMCUyMCUyMCUyMCUyMCUyMCUyMCUyMCUyMCUyMCUyMCUyMCUyMCUyMCUyMCUyMCUyMCUyMCUyMGlkJTNBJTIwc3ViamVjdElkJTJDJTBBJTA5JTA5JTA5JTA5JTA5Zmlyc3RfbmFtZSUzQSUyMGlucHV0TmFtZSUyQyUwQSUwOSUwOSUwOSUwOSUwOWVtYWlsJTNBJTIwaW5wdXRFbWFpbCUwQSUyMCUyMCUyMCUyMCUyMCUyMCUyMCUyMCUyMCUyMCUyMCUyMCUyMCUyMCUyMCUyMCU3RCUyQyUwQSUyMCUyMCUyMCUyMCUyMCUyMCUyMCUyMCUyMCUyMCUyMCUyMCUyMCUyMCUyMCUyMGxlZ2FsX25vdGljZXMlM0ElMjAlNUIlN0IlMEElMjAlMjAlMjAlMjAlMjAlMjAlMjAlMjAlMjAlMjAlMjAlMjAlMjAlMjAlMjAlMjAlMjAlMjAlMjAlMjAlMjAlMjAlMjAlMjBpZGVudGlmaWVyJTNBJTIwJTIycHJpdmFjeV9wb2xpY3klMjIlMEElMjAlMjAlMjAlMjAlMjAlMjAlMjAlMjAlMjAlMjAlMjAlMjAlMjAlMjAlMjAlMjAlMjAlMjAlMjAlMjAlN0QlMkMlMEElMjAlMjAlMjAlMjAlMjAlMjAlMjAlMjAlMjAlMjAlMjAlMjAlMjAlMjAlMjAlMjAlMjAlMjAlMjAlMjAlN0IlMEElMjAlMjAlMjAlMjAlMjAlMjAlMjAlMjAlMjAlMjAlMjAlMjAlMjAlMjAlMjAlMjAlMjAlMjAlMjAlMjAlMjAlMjAlMjAlMjBpZGVudGlmaWVyJTNBJTIwJTIyY29va2llX3BvbGljeSUyMiUwQSUyMCUyMCUyMCUyMCUyMCUyMCUyMCUyMCUyMCUyMCUyMCUyMCUyMCUyMCUyMCUyMCUyMCUyMCUyMCUyMCU3RCUwQSUyMCUyMCUyMCUyMCUyMCUyMCUyMCUyMCUyMCUyMCUyMCUyMCUyMCUyMCUyMCUyMCU1RCUyQyUwQSUyMCUyMCUyMCUyMCUyMCUyMCUyMCUyMCUyMCUyMCUyMCUyMCUyMCUyMCUyMCUyMHByb29mcyUzQSUyMCU1QiU3QiUwQSUyMCUyMCUyMCUyMCUyMCUyMCUyMCUyMCUyMCUyMCUyMCUyMCUyMCUyMCUyMCUyMCUyMCUyMCUyMCUyMGNvbnRlbnQlM0ElMjAlMjIlN0IlMjIlMjAlMkIlMEElMjAlMjAlMjAlMjAlMjAlMjAlMjAlMjAlMjAlMjAlMjAlMjAlMjAlMjAlMjAlMjAlMjAlMjAlMjAlMjAlMjAlMjAlMjAlMjAlMjIlNUMlMjJ1c2VyX25hbWUlNUMlMjIlM0ElMjAlNUMlMjIlMjIlMjAlMkIlMjBpbnB1dE5hbWUlMjAlMkIlMjAlMjIlNUMlMjIlMkMlMjIlMjAlMkIlMEElMjAlMjAlMjAlMjAlMjAlMjAlMjAlMjAlMjAlMjAlMjAlMjAlMjAlMjAlMjAlMjAlMjAlMjAlMjAlMjAlMjAlMjAlMjAlMjAlMkYlMkYlMjAlMjIlNUMlMjJ1c2VyX2NvZ25vbWUlNUMlMjIlM0ElMjAlNUMlMjIlMjIlMjAlMkIlMjBpbnB1dENvZ25vbWUlMjAlMkIlMjAlMjIlNUMlMjIlMkMlMjIlMjAlMkIlMEElMjAlMjAlMjAlMjAlMjAlMjAlMjAlMjAlMjAlMjAlMjAlMjAlMjAlMjAlMjAlMjAlMjAlMjAlMjAlMjAlMjAlMjAlMjAlMjAlMjIlNUMlMjJ1c2VyX2VtYWlsJTVDJTIyJTNBJTIwJTVDJTIyJTIyJTIwJTJCJTIwaW5wdXRFbWFpbCUyMCUyQiUyMCUyMiU1QyUyMiUyQyUyMiUyMCUyQiUwQSUyMCUyMCUyMCUyMCUyMCUyMCUyMCUyMCUyMCUyMCUyMCUyMCUyMCUyMCUyMCUyMCUyMCUyMCUyMCUyMCUyMCUyMCUyMCUyMCUyRiUyRiUyMCUyMiU1QyUyMnVzZXJfdGVsJTVDJTIyJTNBJTIwJTVDJTIyJTIyJTIwJTJCJTIwaW5wdXRUZWwlMjAlMkIlMjAlMjIlNUMlMjIlMkMlMjIlMjAlMkIlMEElMjAlMjAlMjAlMjAlMjAlMjAlMjAlMjAlMjAlMjAlMjAlMjAlMjAlMjAlMjAlMjAlMjAlMjAlMjAlMjAlMjAlMjAlMjAlMjAlMjIlNUMlMjJ1c2VyX29nZ2V0dG8lNUMlMjIlM0ElMjAlNUMlMjIlMjIlMjAlMkIlMjBpbnB1dE9nZ2V0dG8lMjAlMkIlMjAlMjIlNUMlMjIlMkMlMjIlMjAlMkIlMEElMjAlMjAlMjAlMjAlMjAlMjAlMjAlMjAlMjAlMjAlMjAlMjAlMjAlMjAlMjAlMjAlMjAlMjAlMjAlMjAlMjAlMjAlMjAlMjAlMjIlNUMlMjJ1c2VyX21lc3NhZ2UlNUMlMjIlM0ElMjAlNUMlMjIlMjIlMjAlMkIlMjBpbnB1dE1lc3NhZ2UlMjAlMkIlMjAlMjIlNUMlMjIlMkMlMjIlMjAlMkIlMEElMjAlMjAlMjAlMjAlMjAlMjAlMjAlMjAlMjAlMjAlMjAlMjAlMjAlMjAlMjAlMjAlMjAlMjAlMjAlMjAlMjAlMjAlMjAlMjAlMjIlNUMlMjJhY2NldHRhemlvbmUlNUMlMjIlM0ElMjAlNUMlMjIlMjIlMjAlMkIlMjBpbnB1dEFjY2V0dG8lMjAlMkIlMjAlMjIlNUMlMjIlMjIlMjAlMkIlMEElMjAlMjAlMjAlMjAlMjAlMjAlMjAlMjAlMjAlMjAlMjAlMjAlMjAlMjAlMjAlMjAlMjAlMjAlMjAlMjAlMjAlMjAlMjAlMjAlMjIlN0QlMjIlMkMlMEElMjAlMjAlMjAlMjAlMjAlMjAlMjAlMjAlMjAlMjAlMjAlMjAlMjAlMjAlMjAlMjAlN0QlNUQlMEElMjAlMjAlMjAlMjAlMjAlMjAlMjAlMjAlMjAlMjAlMjAlMjAlN0QlMEElMjAlMjAlMjAlMjAlMjAlMjAlMjAlMjAlN0QlNUQlMjklMEElMjAlMjAlMjAlMjAlN0QlMEElM0MlMkZzY3JpcHQlM0U=[\/vc_raw_js][\/vc_column][\/vc_row]<\/p>\n","protected":false},"author":4,"featured_media":0,"parent":0,"menu_order":0,"comment_status":"closed","ping_status":"closed","template":"","meta":{"footnotes":""},"class_list":["post-5509","page","type-page","status-publish","hentry"],"_links":{"self":[{"href":"https:\/\/www.pddm.org\/fr\/wp-json\/wp\/v2\/pages\/5509","targetHints":{"allow":["GET"]}}],"collection":[{"href":"https:\/\/www.pddm.org\/fr\/wp-json\/wp\/v2\/pages"}],"about":[{"href":"https:\/\/www.pddm.org\/fr\/wp-json\/wp\/v2\/types\/page"}],"author":[{"embeddable":true,"href":"https:\/\/www.pddm.org\/fr\/wp-json\/wp\/v2\/users\/4"}],"replies":[{"embeddable":true,"href":"https:\/\/www.pddm.org\/fr\/wp-json\/wp\/v2\/comments?post=5509"}],"version-history":[{"count":0,"href":"https:\/\/www.pddm.org\/fr\/wp-json\/wp\/v2\/pages\/5509\/revisions"}],"wp:attachment":[{"href":"https:\/\/www.pddm.org\/fr\/wp-json\/wp\/v2\/media?parent=5509"}],"curies":[{"name":"wp","href":"https:\/\/api.w.org\/{rel}","templated":true}]}}