{"id":7668,"date":"2019-07-19T10:03:44","date_gmt":"2019-07-19T08:03:44","guid":{"rendered":"https:\/\/www.pddm.org\/jpic\/"},"modified":"2019-10-17T11:23:07","modified_gmt":"2019-10-17T09:23:07","slug":"jpic","status":"publish","type":"page","link":"https:\/\/www.pddm.org\/fr\/jpic\/","title":{"rendered":"Justice, Paix et Int\u00e9grit\u00e9 de la Cr\u00e9ation"},"content":{"rendered":"<div class=\"wpb-content-wrapper\"><p>[vc_row][vc_column width=&#8221;1\/4&#8243;][vc_empty_space height=&#8221;40px&#8221;][vc_single_image image=&#8221;7883&#8243; img_size=&#8221;full&#8221; alignment=&#8221;right&#8221; onclick=&#8221;link_image&#8221;][\/vc_column][vc_column width=&#8221;3\/4&#8243;][vc_empty_space height=&#8221;180px&#8221;][vc_custom_heading text=&#8221;Justice, Paix et Int\u00e9grit\u00e9 de la Cr\u00e9ation&#8221; font_container=&#8221;tag:h2|font_size:50px|text_align:center|color:%232a516e&#8221; google_fonts=&#8221;font_family:Alex%20Brush%3Aregular|font_style:400%20regular%3A400%3Anormal&#8221;][\/vc_column][\/vc_row][vc_row][vc_column][vc_empty_space height=&#8221;12px&#8221;][vc_column_text]<\/p>\n<h4 style=\"text-align: center;\">En r\u00e9ponse au 3<sup>e<\/sup> appel du 9<sup>e<\/sup> Chapitre G\u00e9n\u00e9ral, le secr\u00e9tariat pour la communion des biens propose de soutenir cet espace JPIC avec link, vid\u00e9o, textes ainsi qu\u2019avec les publications des initiatives en faveur de JPIC et le partage des exp\u00e9riences qui sont r\u00e9alis\u00e9es dans chaque circonscription.<\/h4>\n<p>[\/vc_column_text][\/vc_column][\/vc_row][vc_row][vc_column width=&#8221;1\/4&#8243;][\/vc_column][vc_column width=&#8221;1\/2&#8243;][vc_empty_space height=&#8221;44px&#8221;][vc_basic_grid post_type=&#8221;post&#8221; max_items=&#8221;1&#8243; element_width=&#8221;12&#8243; gap=&#8221;25&#8243; item=&#8221;7912&#8243; grid_id=&#8221;vc_gid:1571304079734-580aa87e-9a33-10&#8243; taxonomies=&#8221;75&#8243;][\/vc_column][vc_column width=&#8221;1\/4&#8243;][\/vc_column][\/vc_row][vc_row][vc_column]<div class=\"mpc-carousel__wrapper mpc-waypoint\"><div id=\"mpc_carousel_anything-2769d63ebbc5c1b\" class=\"mpc-carousel-anything mpc-init \"  data-mpcslick='{\"infinite\":false,\"autoplay\":false,\"slidesToShow\":3,\"slidesToScroll\":3,\"centerMode\":false,\"initialSlide\":0}' data-slick-cols=\"3\">[vc_video link=&#8221;https:\/\/www.youtube.com\/watch?v=-NA5JbMwNBU&#8221; align=&#8221;center&#8221; title=&#8221;Semer de l\u2019esp\u00e9rance&#8221;][vc_video link=&#8221;https:\/\/www.youtube.com\/watch?v=r3MiO-1G670&amp;feature=youtu.be &#8221; align=&#8221;center&#8221; title=&#8221;Saison de la Cr\u00e9ation&#8221;][vc_video link=&#8221;https:\/\/www.youtube.com\/watch?v=GIiIphsCgDQ&#8221; align=&#8221;center&#8221; title=&#8221;Synode&#8221;]<\/div><div class=\"mpc-navigation mpc-init mpc-align--left mpc-navigation--style_1  mpc-nav-preset--\" data-mpcslider=\"mpc_carousel_anything-2769d63ebbc5c1b\"><div class=\"mpc-nav__arrow mpcslick-prev\"><div class=\"mpc-nav__icon mpc-transition\"><i class=\"\"><div class=\"mpc-nav__background mpc-transition mpc-effect-type--fade mpc-effect-side--in\"><\/div><\/i><\/div><\/div><div class=\"mpc-nav__arrow mpcslick-next\"><div class=\"mpc-nav__icon mpc-transition\"><i class=\"\"><div class=\"mpc-nav__background mpc-transition mpc-effect-type--fade mpc-effect-side--in\"><\/div><\/i><\/div><\/div><\/div><\/div>[\/vc_column][\/vc_row][vc_row][vc_column][vc_basic_grid post_type=&#8221;post&#8221; max_items=&#8221;10&#8243; element_width=&#8221;3&#8243; gap=&#8221;25&#8243; item=&#8221;7906&#8243; grid_id=&#8221;vc_gid:1571304154136-e71b0e31-132d-3&#8243; taxonomies=&#8221;75&#8243;][\/vc_column][\/vc_row]<\/p>\n<\/div>","protected":false},"excerpt":{"rendered":"<p>[vc_row][vc_column width=&#8221;1\/4&#8243;][vc_empty_space height=&#8221;40px&#8221;][vc_single_image image=&#8221;7883&#8243; img_size=&#8221;full&#8221; alignment=&#8221;right&#8221; onclick=&#8221;link_image&#8221;][\/vc_column][vc_column width=&#8221;3\/4&#8243;][vc_empty_space height=&#8221;180px&#8221;][vc_custom_heading text=&#8221;Justice, Paix et Int\u00e9grit\u00e9 de la Cr\u00e9ation&#8221; font_container=&#8221;tag:h2|font_size:50px|text_align:center|color:%232a516e&#8221; google_fonts=&#8221;font_family:Alex%20Brush%3Aregular|font_style:400%20regular%3A400%3Anormal&#8221;][\/vc_column][\/vc_row][vc_row][vc_column][vc_empty_space height=&#8221;12px&#8221;][vc_column_text] En r\u00e9ponse au 3e appel du 9e<\/p>\n","protected":false},"author":4,"featured_media":0,"parent":0,"menu_order":0,"comment_status":"closed","ping_status":"closed","template":"","meta":{"footnotes":""},"class_list":["post-7668","page","type-page","status-publish","hentry"],"_links":{"self":[{"href":"https:\/\/www.pddm.org\/fr\/wp-json\/wp\/v2\/pages\/7668","targetHints":{"allow":["GET"]}}],"collection":[{"href":"https:\/\/www.pddm.org\/fr\/wp-json\/wp\/v2\/pages"}],"about":[{"href":"https:\/\/www.pddm.org\/fr\/wp-json\/wp\/v2\/types\/page"}],"author":[{"embeddable":true,"href":"https:\/\/www.pddm.org\/fr\/wp-json\/wp\/v2\/users\/4"}],"replies":[{"embeddable":true,"href":"https:\/\/www.pddm.org\/fr\/wp-json\/wp\/v2\/comments?post=7668"}],"version-history":[{"count":0,"href":"https:\/\/www.pddm.org\/fr\/wp-json\/wp\/v2\/pages\/7668\/revisions"}],"wp:attachment":[{"href":"https:\/\/www.pddm.org\/fr\/wp-json\/wp\/v2\/media?parent=7668"}],"curies":[{"name":"wp","href":"https:\/\/api.w.org\/{rel}","templated":true}]}}